{"id":7414,"date":"2025-06-04T19:58:32","date_gmt":"2025-06-04T19:58:32","guid":{"rendered":"https:\/\/test.fitnessworldgym27.com\/?post_type=product&#038;p=7414"},"modified":"2026-03-30T19:25:45","modified_gmt":"2026-03-30T19:25:45","slug":"vague-de-fraicheur-lactescence-douce-500-ml","status":"publish","type":"product","link":"https:\/\/cosmeticstoredz.com\/ar\/product\/vague-de-fraicheur-lactescence-douce-500-ml\/","title":{"rendered":"VAGUE DE FRAICHEUR LACTESCENCE DOUCE 500 ML"},"content":{"rendered":"<p>Retrouvez toute la douceur et la beaut\u00e9 de vos cheveux avec le shampoing douceur de Lactescence. Gr\u00e2ce au d\u00e9m\u00ealant qui entre dans sa composition, les cheveux d\u00e9licats seront facilement coiff\u00e9s et deviennent l\u00e9gers et souples. La provitamine B5 avec ses propri\u00e9t\u00e9s nourrissantes et adoucissantes nourrit en profondeur les cheveux et leur procure brillance et vitalit\u00e9.<\/p>","protected":false},"excerpt":{"rendered":"<p>Retrouvez toute la douceur et la beaut\u00e9 de vos cheveux avec le shampoing douceur de Lactescence. Gr\u00e2ce au d\u00e9m\u00ealant qui entre dans sa composition, les cheveux d\u00e9licats seront facilement coiff\u00e9s et deviennent l\u00e9gers et souples. La provitamine B5 avec ses propri\u00e9t\u00e9s nourrissantes et adoucissantes nourrit en profondeur les cheveux et leur procure brillance et vitalit\u00e9.<\/p>","protected":false},"featured_media":21763,"comment_status":"open","ping_status":"closed","template":"","meta":[],"product_brand":[],"product_cat":[75,111,269],"product_tag":[90],"class_list":{"0":"post-7414","1":"product","2":"type-product","3":"status-publish","4":"has-post-thumbnail","6":"product_cat-femme","7":"product_cat-shampoing-f","8":"product_cat-vague-de-fraicheur","9":"product_tag-made-in-algeria","11":"first","12":"instock","13":"shipping-taxable","14":"purchasable","15":"product-type-simple"},"_links":{"self":[{"href":"https:\/\/cosmeticstoredz.com\/ar\/wp-json\/wp\/v2\/product\/7414","targetHints":{"allow":["GET"]}}],"collection":[{"href":"https:\/\/cosmeticstoredz.com\/ar\/wp-json\/wp\/v2\/product"}],"about":[{"href":"https:\/\/cosmeticstoredz.com\/ar\/wp-json\/wp\/v2\/types\/product"}],"replies":[{"embeddable":true,"href":"https:\/\/cosmeticstoredz.com\/ar\/wp-json\/wp\/v2\/comments?post=7414"}],"version-history":[{"count":1,"href":"https:\/\/cosmeticstoredz.com\/ar\/wp-json\/wp\/v2\/product\/7414\/revisions"}],"predecessor-version":[{"id":21764,"href":"https:\/\/cosmeticstoredz.com\/ar\/wp-json\/wp\/v2\/product\/7414\/revisions\/21764"}],"wp:featuredmedia":[{"embeddable":true,"href":"https:\/\/cosmeticstoredz.com\/ar\/wp-json\/wp\/v2\/media\/21763"}],"wp:attachment":[{"href":"https:\/\/cosmeticstoredz.com\/ar\/wp-json\/wp\/v2\/media?parent=7414"}],"wp:term":[{"taxonomy":"product_brand","embeddable":true,"href":"https:\/\/cosmeticstoredz.com\/ar\/wp-json\/wp\/v2\/product_brand?post=7414"},{"taxonomy":"product_cat","embeddable":true,"href":"https:\/\/cosmeticstoredz.com\/ar\/wp-json\/wp\/v2\/product_cat?post=7414"},{"taxonomy":"product_tag","embeddable":true,"href":"https:\/\/cosmeticstoredz.com\/ar\/wp-json\/wp\/v2\/product_tag?post=7414"}],"curies":[{"name":"wp","href":"https:\/\/api.w.org\/{rel}","templated":true}]}}