{"id":741,"date":"2026-02-16T08:42:59","date_gmt":"2026-02-16T08:42:59","guid":{"rendered":"https:\/\/test.fitnessworldgym27.com\/?post_type=product&#038;p=741"},"modified":"2026-03-30T19:25:53","modified_gmt":"2026-03-30T19:25:53","slug":"ameerat-al-arab-parfum","status":"publish","type":"product","link":"https:\/\/cosmeticstoredz.com\/ar\/product\/ameerat-al-arab-parfum\/","title":{"rendered":"AMEERAT AL ARAB PARFUM"},"content":{"rendered":"","protected":false},"excerpt":{"rendered":"<p><strong data-start=\"109\" data-end=\"135\">Ameerat Al Arab Asdaaf<\/strong> est un parfum captivant qui m\u00e9lange des notes orientales et bois\u00e9es, cr\u00e9ant une aura de luxe et de sophistication. Chaque vaporisation vous enveloppe d&rsquo;une fragrance intense et longue dur\u00e9e, parfaite pour ceux qui recherchent une empreinte olfactive inoubliable et \u00e9l\u00e9gante.<\/p>","protected":false},"featured_media":828,"comment_status":"open","ping_status":"closed","template":"","meta":[],"product_brand":[],"product_cat":[108,109,75,78],"product_tag":[110],"class_list":{"0":"post-741","1":"product","2":"type-product","3":"status-publish","4":"has-post-thumbnail","6":"product_cat-asdaaf","7":"product_cat-eau-de-parfum-f","8":"product_cat-femme","9":"product_cat-parfum-f","10":"product_tag-made-in-ugs","12":"first","13":"instock","14":"shipping-taxable","15":"purchasable","16":"product-type-simple"},"_links":{"self":[{"href":"https:\/\/cosmeticstoredz.com\/ar\/wp-json\/wp\/v2\/product\/741","targetHints":{"allow":["GET"]}}],"collection":[{"href":"https:\/\/cosmeticstoredz.com\/ar\/wp-json\/wp\/v2\/product"}],"about":[{"href":"https:\/\/cosmeticstoredz.com\/ar\/wp-json\/wp\/v2\/types\/product"}],"replies":[{"embeddable":true,"href":"https:\/\/cosmeticstoredz.com\/ar\/wp-json\/wp\/v2\/comments?post=741"}],"version-history":[{"count":1,"href":"https:\/\/cosmeticstoredz.com\/ar\/wp-json\/wp\/v2\/product\/741\/revisions"}],"predecessor-version":[{"id":829,"href":"https:\/\/cosmeticstoredz.com\/ar\/wp-json\/wp\/v2\/product\/741\/revisions\/829"}],"wp:featuredmedia":[{"embeddable":true,"href":"https:\/\/cosmeticstoredz.com\/ar\/wp-json\/wp\/v2\/media\/828"}],"wp:attachment":[{"href":"https:\/\/cosmeticstoredz.com\/ar\/wp-json\/wp\/v2\/media?parent=741"}],"wp:term":[{"taxonomy":"product_brand","embeddable":true,"href":"https:\/\/cosmeticstoredz.com\/ar\/wp-json\/wp\/v2\/product_brand?post=741"},{"taxonomy":"product_cat","embeddable":true,"href":"https:\/\/cosmeticstoredz.com\/ar\/wp-json\/wp\/v2\/product_cat?post=741"},{"taxonomy":"product_tag","embeddable":true,"href":"https:\/\/cosmeticstoredz.com\/ar\/wp-json\/wp\/v2\/product_tag?post=741"}],"curies":[{"name":"wp","href":"https:\/\/api.w.org\/{rel}","templated":true}]}}