{"id":7401,"date":"2025-06-04T19:58:32","date_gmt":"2025-06-04T19:58:32","guid":{"rendered":"https:\/\/test.fitnessworldgym27.com\/?post_type=product&#038;p=7401"},"modified":"2026-04-09T13:52:46","modified_gmt":"2026-04-09T13:52:46","slug":"vague-de-fraicheur-deo-citron-vert","status":"publish","type":"product","link":"https:\/\/cosmeticstoredz.com\/ar\/product\/vague-de-fraicheur-deo-citron-vert\/","title":{"rendered":"VAGUE DE FRAICHEUR DEO CITRON VERT"},"content":{"rendered":"<p>Plongez dans une vague de fra\u00eecheur avec le d\u00e9odorant Vague de Fra\u00eecheur au citron vert. Ce d\u00e9odorant, au parfum vivifiant de citron vert, vous offre une protection longue dur\u00e9e tout en vous enveloppant d&rsquo;une sensation de fra\u00eecheur intense.<\/p>","protected":false},"excerpt":{"rendered":"<p>Plongez dans une vague de fra\u00eecheur avec le d\u00e9odorant Vague de Fra\u00eecheur au citron vert. Ce d\u00e9odorant, au parfum vivifiant de citron vert, vous offre une protection longue dur\u00e9e tout en vous enveloppant d&rsquo;une sensation de fra\u00eecheur intense.<\/p>","protected":false},"featured_media":21737,"comment_status":"open","ping_status":"closed","template":"","meta":[],"product_brand":[],"product_cat":[79,75,269],"product_tag":[90],"class_list":{"0":"post-7401","1":"product","2":"type-product","3":"status-publish","4":"has-post-thumbnail","6":"product_cat-deodorant-f","7":"product_cat-femme","8":"product_cat-vague-de-fraicheur","9":"product_tag-made-in-algeria","11":"first","12":"instock","13":"shipping-taxable","14":"purchasable","15":"product-type-simple"},"_links":{"self":[{"href":"https:\/\/cosmeticstoredz.com\/ar\/wp-json\/wp\/v2\/product\/7401","targetHints":{"allow":["GET"]}}],"collection":[{"href":"https:\/\/cosmeticstoredz.com\/ar\/wp-json\/wp\/v2\/product"}],"about":[{"href":"https:\/\/cosmeticstoredz.com\/ar\/wp-json\/wp\/v2\/types\/product"}],"replies":[{"embeddable":true,"href":"https:\/\/cosmeticstoredz.com\/ar\/wp-json\/wp\/v2\/comments?post=7401"}],"version-history":[{"count":1,"href":"https:\/\/cosmeticstoredz.com\/ar\/wp-json\/wp\/v2\/product\/7401\/revisions"}],"predecessor-version":[{"id":21738,"href":"https:\/\/cosmeticstoredz.com\/ar\/wp-json\/wp\/v2\/product\/7401\/revisions\/21738"}],"wp:featuredmedia":[{"embeddable":true,"href":"https:\/\/cosmeticstoredz.com\/ar\/wp-json\/wp\/v2\/media\/21737"}],"wp:attachment":[{"href":"https:\/\/cosmeticstoredz.com\/ar\/wp-json\/wp\/v2\/media?parent=7401"}],"wp:term":[{"taxonomy":"product_brand","embeddable":true,"href":"https:\/\/cosmeticstoredz.com\/ar\/wp-json\/wp\/v2\/product_brand?post=7401"},{"taxonomy":"product_cat","embeddable":true,"href":"https:\/\/cosmeticstoredz.com\/ar\/wp-json\/wp\/v2\/product_cat?post=7401"},{"taxonomy":"product_tag","embeddable":true,"href":"https:\/\/cosmeticstoredz.com\/ar\/wp-json\/wp\/v2\/product_tag?post=7401"}],"curies":[{"name":"wp","href":"https:\/\/api.w.org\/{rel}","templated":true}]}}