{"id":740,"date":"2026-02-16T08:42:59","date_gmt":"2026-02-16T08:42:59","guid":{"rendered":"https:\/\/test.fitnessworldgym27.com\/?post_type=product&#038;p=740"},"modified":"2026-03-30T19:24:41","modified_gmt":"2026-03-30T19:24:41","slug":"agiva-hair-wax-spider-gris","status":"publish","type":"product","link":"https:\/\/cosmeticstoredz.com\/ar\/product\/agiva-hair-wax-spider-gris\/","title":{"rendered":"AGIVA HAIR WAX SPIDER GRIS"},"content":{"rendered":"","protected":false},"excerpt":{"rendered":"<p>La <strong data-start=\"108\" data-end=\"138\" data-is-only-node=\"\">AGIVA Hair Wax Spider Gris<\/strong> offre une fixation ultra-forte pour des coiffures qui tiennent toute la journ\u00e9e, peu importe les conditions. Parfaite pour un look sculpt\u00e9 et audacieux avec une finition matte, cette cire permet de cr\u00e9er des styles originaux et r\u00e9sistants.<\/p>","protected":false},"featured_media":812,"comment_status":"open","ping_status":"closed","template":"","meta":[],"product_brand":[],"product_cat":[91,106,72,92],"product_tag":[],"class_list":{"0":"post-740","1":"product","2":"type-product","3":"status-publish","4":"has-post-thumbnail","6":"product_cat-agiva","7":"product_cat-cire-coiffante","8":"product_cat-homme","9":"product_cat-soin-cheveux-h","11":"first","12":"outofstock","13":"shipping-taxable","14":"purchasable","15":"product-type-simple"},"_links":{"self":[{"href":"https:\/\/cosmeticstoredz.com\/ar\/wp-json\/wp\/v2\/product\/740","targetHints":{"allow":["GET"]}}],"collection":[{"href":"https:\/\/cosmeticstoredz.com\/ar\/wp-json\/wp\/v2\/product"}],"about":[{"href":"https:\/\/cosmeticstoredz.com\/ar\/wp-json\/wp\/v2\/types\/product"}],"replies":[{"embeddable":true,"href":"https:\/\/cosmeticstoredz.com\/ar\/wp-json\/wp\/v2\/comments?post=740"}],"version-history":[{"count":1,"href":"https:\/\/cosmeticstoredz.com\/ar\/wp-json\/wp\/v2\/product\/740\/revisions"}],"predecessor-version":[{"id":813,"href":"https:\/\/cosmeticstoredz.com\/ar\/wp-json\/wp\/v2\/product\/740\/revisions\/813"}],"wp:featuredmedia":[{"embeddable":true,"href":"https:\/\/cosmeticstoredz.com\/ar\/wp-json\/wp\/v2\/media\/812"}],"wp:attachment":[{"href":"https:\/\/cosmeticstoredz.com\/ar\/wp-json\/wp\/v2\/media?parent=740"}],"wp:term":[{"taxonomy":"product_brand","embeddable":true,"href":"https:\/\/cosmeticstoredz.com\/ar\/wp-json\/wp\/v2\/product_brand?post=740"},{"taxonomy":"product_cat","embeddable":true,"href":"https:\/\/cosmeticstoredz.com\/ar\/wp-json\/wp\/v2\/product_cat?post=740"},{"taxonomy":"product_tag","embeddable":true,"href":"https:\/\/cosmeticstoredz.com\/ar\/wp-json\/wp\/v2\/product_tag?post=740"}],"curies":[{"name":"wp","href":"https:\/\/api.w.org\/{rel}","templated":true}]}}