{"id":739,"date":"2026-02-16T08:42:59","date_gmt":"2026-02-16T08:42:59","guid":{"rendered":"https:\/\/test.fitnessworldgym27.com\/?post_type=product&#038;p=739"},"modified":"2026-03-30T19:24:41","modified_gmt":"2026-03-30T19:24:41","slug":"agiva-hair-wax-08-mauve","status":"publish","type":"product","link":"https:\/\/cosmeticstoredz.com\/ar\/product\/agiva-hair-wax-08-mauve\/","title":{"rendered":"AGIVA HAIR WAX 08 MAUVE"},"content":{"rendered":"","protected":false},"excerpt":{"rendered":"<p>La <strong data-start=\"108\" data-end=\"135\" data-is-only-node=\"\">AGIVA Hair Wax 08 Mauve<\/strong> offre une tenue forte et un \u00e9clat subtilement brillant. Parfaite pour cr\u00e9er des styles audacieux et textur\u00e9s, cette cire l\u00e9g\u00e8re permet de modeler sans alourdir, pour un look moderne et dynamique.<\/p>","protected":false},"featured_media":810,"comment_status":"open","ping_status":"closed","template":"","meta":[],"product_brand":[],"product_cat":[91,106,72,92],"product_tag":[],"class_list":{"0":"post-739","1":"product","2":"type-product","3":"status-publish","4":"has-post-thumbnail","6":"product_cat-agiva","7":"product_cat-cire-coiffante","8":"product_cat-homme","9":"product_cat-soin-cheveux-h","11":"first","12":"outofstock","13":"shipping-taxable","14":"purchasable","15":"product-type-simple"},"_links":{"self":[{"href":"https:\/\/cosmeticstoredz.com\/ar\/wp-json\/wp\/v2\/product\/739","targetHints":{"allow":["GET"]}}],"collection":[{"href":"https:\/\/cosmeticstoredz.com\/ar\/wp-json\/wp\/v2\/product"}],"about":[{"href":"https:\/\/cosmeticstoredz.com\/ar\/wp-json\/wp\/v2\/types\/product"}],"replies":[{"embeddable":true,"href":"https:\/\/cosmeticstoredz.com\/ar\/wp-json\/wp\/v2\/comments?post=739"}],"version-history":[{"count":1,"href":"https:\/\/cosmeticstoredz.com\/ar\/wp-json\/wp\/v2\/product\/739\/revisions"}],"predecessor-version":[{"id":811,"href":"https:\/\/cosmeticstoredz.com\/ar\/wp-json\/wp\/v2\/product\/739\/revisions\/811"}],"wp:featuredmedia":[{"embeddable":true,"href":"https:\/\/cosmeticstoredz.com\/ar\/wp-json\/wp\/v2\/media\/810"}],"wp:attachment":[{"href":"https:\/\/cosmeticstoredz.com\/ar\/wp-json\/wp\/v2\/media?parent=739"}],"wp:term":[{"taxonomy":"product_brand","embeddable":true,"href":"https:\/\/cosmeticstoredz.com\/ar\/wp-json\/wp\/v2\/product_brand?post=739"},{"taxonomy":"product_cat","embeddable":true,"href":"https:\/\/cosmeticstoredz.com\/ar\/wp-json\/wp\/v2\/product_cat?post=739"},{"taxonomy":"product_tag","embeddable":true,"href":"https:\/\/cosmeticstoredz.com\/ar\/wp-json\/wp\/v2\/product_tag?post=739"}],"curies":[{"name":"wp","href":"https:\/\/api.w.org\/{rel}","templated":true}]}}