{"id":7374,"date":"2025-06-04T19:58:11","date_gmt":"2025-06-04T19:58:11","guid":{"rendered":"https:\/\/test.fitnessworldgym27.com\/?post_type=product&#038;p=7374"},"modified":"2026-03-30T19:28:06","modified_gmt":"2026-03-30T19:28:06","slug":"vague-de-fraicheur-citron-vert","status":"publish","type":"product","link":"https:\/\/cosmeticstoredz.com\/ar\/product\/vague-de-fraicheur-citron-vert\/","title":{"rendered":"VAGUE DE FRAICHEUR CITRON VERT"},"content":{"rendered":"<h3>INFORMATION<\/h3>\n<p>Vague de Fraicheur donne une nouvelle interpr\u00e9tation de l\u2019Eau de Cologne en lui conf\u00e9rant diff\u00e9rentes d\u00e9clinaisons de senteurs : menthe verte, citron, lavande, ambre ou tout simplement naturelle. Classique et moderne \u00e0 la fois, l\u2019Eau de Cologne VDF rend un hommage particulier \u00e0 la fraicheur, au bien-\u00eatre et \u00e0 l\u2018exaltation.<\/p>\n<h3>INGR\u00c9DIENTS<\/h3>\n<p>ALCOOL D\u00c9NATUR\u00c9, EAU D\u00c9MIN\u00c9RALIS\u00c9E, FRAGRANCE, CI 19140, CI 142090.<\/p>","protected":false},"excerpt":{"rendered":"<p>Vague de Fraicheur donne une nouvelle interpr\u00e9tation de l\u2019Eau de Cologne en lui conf\u00e9rant diff\u00e9rentes d\u00e9clinaisons de senteurs : menthe verte, citron, lavande, ambre ou tout simplement naturelle.<\/p>","protected":false},"featured_media":21731,"comment_status":"open","ping_status":"closed","template":"","meta":[],"product_brand":[],"product_cat":[251,252,75,72,78,84,269],"product_tag":[],"class_list":{"0":"post-7374","1":"product","2":"type-product","3":"status-publish","4":"has-post-thumbnail","6":"product_cat-eau-de-cologne-parfum-h","7":"product_cat-eau-de-cologne-f","8":"product_cat-femme","9":"product_cat-homme","10":"product_cat-parfum-f","11":"product_cat-parfum-h","12":"product_cat-vague-de-fraicheur","14":"first","15":"instock","16":"shipping-taxable","17":"purchasable","18":"product-type-simple"},"_links":{"self":[{"href":"https:\/\/cosmeticstoredz.com\/ar\/wp-json\/wp\/v2\/product\/7374","targetHints":{"allow":["GET"]}}],"collection":[{"href":"https:\/\/cosmeticstoredz.com\/ar\/wp-json\/wp\/v2\/product"}],"about":[{"href":"https:\/\/cosmeticstoredz.com\/ar\/wp-json\/wp\/v2\/types\/product"}],"replies":[{"embeddable":true,"href":"https:\/\/cosmeticstoredz.com\/ar\/wp-json\/wp\/v2\/comments?post=7374"}],"version-history":[{"count":1,"href":"https:\/\/cosmeticstoredz.com\/ar\/wp-json\/wp\/v2\/product\/7374\/revisions"}],"predecessor-version":[{"id":21732,"href":"https:\/\/cosmeticstoredz.com\/ar\/wp-json\/wp\/v2\/product\/7374\/revisions\/21732"}],"wp:featuredmedia":[{"embeddable":true,"href":"https:\/\/cosmeticstoredz.com\/ar\/wp-json\/wp\/v2\/media\/21731"}],"wp:attachment":[{"href":"https:\/\/cosmeticstoredz.com\/ar\/wp-json\/wp\/v2\/media?parent=7374"}],"wp:term":[{"taxonomy":"product_brand","embeddable":true,"href":"https:\/\/cosmeticstoredz.com\/ar\/wp-json\/wp\/v2\/product_brand?post=7374"},{"taxonomy":"product_cat","embeddable":true,"href":"https:\/\/cosmeticstoredz.com\/ar\/wp-json\/wp\/v2\/product_cat?post=7374"},{"taxonomy":"product_tag","embeddable":true,"href":"https:\/\/cosmeticstoredz.com\/ar\/wp-json\/wp\/v2\/product_tag?post=7374"}],"curies":[{"name":"wp","href":"https:\/\/api.w.org\/{rel}","templated":true}]}}