{"id":7371,"date":"2025-06-04T19:58:11","date_gmt":"2025-06-04T19:58:11","guid":{"rendered":"https:\/\/test.fitnessworldgym27.com\/?post_type=product&#038;p=7371"},"modified":"2026-04-18T19:20:54","modified_gmt":"2026-04-18T19:20:54","slug":"ultra-doux-masque-320ml-creme-de-coco","status":"publish","type":"product","link":"https:\/\/cosmeticstoredz.com\/ar\/product\/ultra-doux-masque-320ml-creme-de-coco\/","title":{"rendered":"ULTRA DOUX MASQUE 320ML CREME DE COCO"},"content":{"rendered":"<p>Le masque a la cr\u00e8me de coco et Macadamia Ultra Doux avec une recette de nutrition sp\u00e9cialement con\u00e7ue pour nourrir et assouplir les cheveux normaux \u00e0 secs sans les alourdir.<\/p>\n<p>Une formule qui associe deux ingr\u00e9dients nourrissants :<\/p>\n<ul>\n<li>La Cr\u00e8me de Coco, m\u00e9lange onctueux d\u2019Huile et de Lait de Coco pour nourrir et assouplir intens\u00e9ment.<\/li>\n<li>La Noix de Macadamia, aux vertus nutritives exceptionnelles, offrant souplesse et douceur aux cheveux.<\/li>\n<\/ul>\n<p><strong>R\u00e9sultat :<\/strong>\u00a0En une minute, le masque agit comme un concentr\u00e9 reconstituant, intens\u00e9ment nourris, r\u00e9par\u00e9s et prot\u00e9g\u00e9s jusqu\u2019 aux pointes, vos cheveux sont renforc\u00e9s, 10x moins casse* et 2x moins de fourches*.<\/p>\n<p>Ce flacon a plus d\u2019une vie, pensez au recyclage !<\/p>\n<hr \/>\n<h5>Conseils d\u2019utilisation :<\/h5>\n<p>Le plus cr\u00e9meux des soins peut s\u2019appliquer de 3 fa\u00e7ons :<\/p>\n<p>1- En masque \u00e0 rincer pour nourrir les cheveux.<br \/>\n2- Sur cheveux mouill\u00e9s, en soin sans rin\u00e7age pour d\u00e9m\u00ealer et faciliter le coiffage.<br \/>\n3- Sur cheveux secs, en retouche sans rin\u00e7age pour lisser et discipliner les cheveux en douceur.<\/p>\n<p>Compl\u00e9tez votre routine capillaire avec\u00a0 le shampoing au lait de coco et Macadamia de la m\u00eame gamme.<\/p>\n<hr \/>\n<h5>Composition :<\/h5>\n<p><span data-iopelement=\"AQUA \/ WATER\">AQUA \/ WATER<\/span>\u00a0\u25cf\u00a0<span data-iopelement=\"CETEARYL ALCOHOL\">CETEARYL ALCOHOL<\/span>\u00a0\u25cf BEHENTRIMONIUM CHLORIDE \u25cf\u00a0<span data-iopelement=\"GLYCERIN\">GLYCERIN<\/span>\u00a0\u25cf\u00a0<span data-iopelement=\"PARFUM \/ FRAGRANCE\">PARFUM \/ FRAGRANCE<\/span>\u00a0\u25cf COCOS NUCIFERA OIL \/ COCONUT OIL \u25cf\u00a0<span data-iopelement=\"CETYL ESTERS\">CETYL ESTERS<\/span>\u00a0\u25cf MACADAMIA INTEGRIFOLIA SEED OIL \u25cf\u00a0<span data-iopelement=\"TRIDECETH-6\">TRIDECETH-6<\/span>\u00a0\u25cf\u00a0<span data-iopelement=\"AMODIMETHICONE\">AMODIMETHICONE<\/span>\u00a0\u25cf COCOS NUCIFERA FRUIT EXTRACT \/ COCONUT FRUIT EXTRACT \u25cf\u00a0<span data-iopelement=\"ISOPROPYL ALCOHOL\">ISOPROPYL ALCOHOL<\/span>\u00a0\u25cf\u00a0<span data-iopelement=\"CITRIC ACID\">CITRIC ACID<\/span>\u00a0\u25cf\u00a0<span data-iopelement=\"XANTHAN GUM\">XANTHAN GUM<\/span>\u00a0\u25cf\u00a0<span data-iopelement=\"PENTAERYTHRITYL TETRA-DI-T-BUTYL HYDROXYHYDROCINNAMATE\">PENTAERYTHRITYL TETRA-DI-T-BUTYL HYDROXYHYDROCINNAMATE<\/span>\u00a0\u25cf\u00a0<span data-iopelement=\"POTASSIUM SORBATE\">POTASSIUM SORBATE<\/span>\u00a0\u25cf\u00a0<span data-iopelement=\"PHENOXYETHANOL\">PHENOXYETHANOL<\/span>\u00a0\u25cf\u00a0<span data-iopelement=\"CHLORHEXIDINE DIGLUCONATE\">CHLORHEXIDINE DIGLUCONATE<\/span>\u00a0\u25cf\u00a0<span data-iopelement=\"CETRIMONIUM CHLORIDE\">CETRIMONIUM CHLORIDE<\/span>\u00a0\u25cf\u00a0<span data-iopelement=\"LINALOOL\">LINALOOL<\/span>\u00a0\u25cf\u00a0<span data-iopelement=\"COUMARIN\">COUMARIN<\/span>\u00a0\u25cf\u00a0<span data-iopelement=\"LIMONENE\">LIMONENE<\/span>\u00a0\u25cf\u00a0<span data-iopelement=\"CITRAL\">CITRAL<\/span>\u00a0\u25cf\u00a0<span data-iopelement=\"BENZYL ALCOHOL\">BENZYL ALCOHOL<\/span>\u00a0\u25cf\u00a0<span data-iopelement=\"BENZYL SALICYLATE\">BENZYL SALICYLATE<\/span><\/p>\n<p>Les listes d\u2019ingr\u00e9dients entrant dans la composition des produits de notre marque sont r\u00e9guli\u00e8rement mises \u00e0 jour. Avant d\u2019utiliser un produit de notre marque, vous \u00eates invit\u00e9s \u00e0 lire la liste d\u2019ingr\u00e9dients figurant sur son emballage afin de vous assurer que les ingr\u00e9dients sont adapt\u00e9s \u00e0 votre utilisation personnelle.<\/p>","protected":false},"excerpt":{"rendered":"<p>Le masque a la cr\u00e8me de coco et Macadamia Ultra Doux avec une recette de nutrition sp\u00e9cialement con\u00e7ue pour nourrir et assouplir les cheveux normaux \u00e0 secs sans les alourdir.<\/p>","protected":false},"featured_media":0,"comment_status":"closed","ping_status":"closed","template":"","meta":[],"product_brand":[],"product_cat":[75,191,155,95],"product_tag":[],"class_list":{"0":"post-7371","1":"product","2":"type-product","3":"status-publish","5":"product_cat-femme","6":"product_cat-garnier","7":"product_cat-masque","8":"product_cat-soin-cheveux-f","10":"first","11":"outofstock","12":"shipping-taxable","13":"purchasable","14":"product-type-simple"},"yoast_head":"<!-- This site is optimized with the Yoast SEO plugin v27.3 - https:\/\/yoast.com\/product\/yoast-seo-wordpress\/ -->\n<title>ULTRA DOUX MASQUE 320ML CREME DE COCO - Cosmetic Store<\/title>\n<meta name=\"robots\" content=\"index, follow, max-snippet:-1, max-image-preview:large, max-video-preview:-1\" \/>\n<link rel=\"canonical\" href=\"https:\/\/cosmeticstoredz.com\/ar\/product\/ultra-doux-masque-320ml-creme-de-coco\/\" \/>\n<meta property=\"og:locale\" content=\"ar_AR\" \/>\n<meta property=\"og:type\" content=\"article\" \/>\n<meta property=\"og:title\" content=\"ULTRA DOUX MASQUE 320ML CREME DE COCO - Cosmetic Store\" \/>\n<meta property=\"og:description\" content=\"Le masque a la cr\u00e8me de coco et Macadamia Ultra Doux avec une recette de nutrition sp\u00e9cialement con\u00e7ue pour nourrir et assouplir les cheveux normaux \u00e0 secs sans les alourdir.\" \/>\n<meta property=\"og:url\" content=\"https:\/\/cosmeticstoredz.com\/ar\/product\/ultra-doux-masque-320ml-creme-de-coco\/\" \/>\n<meta property=\"og:site_name\" content=\"Cosmetic Store\" \/>\n<meta property=\"article:publisher\" content=\"https:\/\/www.facebook.com\/profile.php?id=61564954260683\" \/>\n<meta property=\"article:modified_time\" content=\"2026-04-18T19:20:54+00:00\" \/>\n<meta name=\"twitter:card\" content=\"summary_large_image\" \/>\n<meta name=\"twitter:label1\" content=\"\u0648\u0642\u062a \u0627\u0644\u0642\u0631\u0627\u0621\u0629 \u0627\u0644\u0645\u064f\u0642\u062f\u0651\u0631\" \/>\n\t<meta name=\"twitter:data1\" content=\"\u062f\u0642\u064a\u0642\u062a\u0627\u0646\" \/>\n<script type=\"application\/ld+json\" class=\"yoast-schema-graph\">{\"@context\":\"https:\\\/\\\/schema.org\",\"@graph\":[{\"@type\":\"WebPage\",\"@id\":\"https:\\\/\\\/cosmeticstoredz.com\\\/produit\\\/ultra-doux-masque-320ml-creme-de-coco\\\/\",\"url\":\"https:\\\/\\\/cosmeticstoredz.com\\\/produit\\\/ultra-doux-masque-320ml-creme-de-coco\\\/\",\"name\":\"ULTRA DOUX MASQUE 320ML CREME DE COCO - Cosmetic Store\",\"isPartOf\":{\"@id\":\"https:\\\/\\\/cosmeticstoredz.com\\\/#website\"},\"datePublished\":\"2025-06-04T19:58:11+00:00\",\"dateModified\":\"2026-04-18T19:20:54+00:00\",\"breadcrumb\":{\"@id\":\"https:\\\/\\\/cosmeticstoredz.com\\\/produit\\\/ultra-doux-masque-320ml-creme-de-coco\\\/#breadcrumb\"},\"inLanguage\":\"ar\",\"potentialAction\":[{\"@type\":\"ReadAction\",\"target\":[\"https:\\\/\\\/cosmeticstoredz.com\\\/produit\\\/ultra-doux-masque-320ml-creme-de-coco\\\/\"]}]},{\"@type\":\"BreadcrumbList\",\"@id\":\"https:\\\/\\\/cosmeticstoredz.com\\\/produit\\\/ultra-doux-masque-320ml-creme-de-coco\\\/#breadcrumb\",\"itemListElement\":[{\"@type\":\"ListItem\",\"position\":1,\"name\":\"Accueil\",\"item\":\"https:\\\/\\\/cosmeticstoredz.com\\\/\"},{\"@type\":\"ListItem\",\"position\":2,\"name\":\"Boutique\",\"item\":\"https:\\\/\\\/cosmeticstoredz.com\\\/boutique\\\/\"},{\"@type\":\"ListItem\",\"position\":3,\"name\":\"ULTRA DOUX MASQUE 320ML CREME DE COCO\"}]},{\"@type\":\"WebSite\",\"@id\":\"https:\\\/\\\/cosmeticstoredz.com\\\/#website\",\"url\":\"https:\\\/\\\/cosmeticstoredz.com\\\/\",\"name\":\"Cosmetic Store\",\"description\":\"\",\"publisher\":{\"@id\":\"https:\\\/\\\/cosmeticstoredz.com\\\/#organization\"},\"potentialAction\":[{\"@type\":\"SearchAction\",\"target\":{\"@type\":\"EntryPoint\",\"urlTemplate\":\"https:\\\/\\\/cosmeticstoredz.com\\\/?s={search_term_string}\"},\"query-input\":{\"@type\":\"PropertyValueSpecification\",\"valueRequired\":true,\"valueName\":\"search_term_string\"}}],\"inLanguage\":\"ar\"},{\"@type\":\"Organization\",\"@id\":\"https:\\\/\\\/cosmeticstoredz.com\\\/#organization\",\"name\":\"Cosmetic Store\",\"url\":\"https:\\\/\\\/cosmeticstoredz.com\\\/\",\"logo\":{\"@type\":\"ImageObject\",\"inLanguage\":\"ar\",\"@id\":\"https:\\\/\\\/cosmeticstoredz.com\\\/#\\\/schema\\\/logo\\\/image\\\/\",\"url\":\"https:\\\/\\\/cosmeticstoredz.com\\\/wp-content\\\/uploads\\\/2026\\\/02\\\/cropped-LOGO_CS-512x512-1-1-e1771275285345.webp\",\"contentUrl\":\"https:\\\/\\\/cosmeticstoredz.com\\\/wp-content\\\/uploads\\\/2026\\\/02\\\/cropped-LOGO_CS-512x512-1-1-e1771275285345.webp\",\"width\":265,\"height\":319,\"caption\":\"Cosmetic Store\"},\"image\":{\"@id\":\"https:\\\/\\\/cosmeticstoredz.com\\\/#\\\/schema\\\/logo\\\/image\\\/\"},\"sameAs\":[\"https:\\\/\\\/www.facebook.com\\\/profile.php?id=61564954260683\",\"https:\\\/\\\/www.instagram.com\\\/cosmetic.storedz\\\/\"]}]}<\/script>\n<!-- \/ Yoast SEO plugin. -->","yoast_head_json":{"title":"ULTRA DOUX MASQUE 320ML CREME DE COCO - Cosmetic Store","robots":{"index":"index","follow":"follow","max-snippet":"max-snippet:-1","max-image-preview":"max-image-preview:large","max-video-preview":"max-video-preview:-1"},"canonical":"https:\/\/cosmeticstoredz.com\/ar\/product\/ultra-doux-masque-320ml-creme-de-coco\/","og_locale":"ar_AR","og_type":"article","og_title":"ULTRA DOUX MASQUE 320ML CREME DE COCO - Cosmetic Store","og_description":"Le masque a la cr\u00e8me de coco et Macadamia Ultra Doux avec une recette de nutrition sp\u00e9cialement con\u00e7ue pour nourrir et assouplir les cheveux normaux \u00e0 secs sans les alourdir.","og_url":"https:\/\/cosmeticstoredz.com\/ar\/product\/ultra-doux-masque-320ml-creme-de-coco\/","og_site_name":"Cosmetic Store","article_publisher":"https:\/\/www.facebook.com\/profile.php?id=61564954260683","article_modified_time":"2026-04-18T19:20:54+00:00","twitter_card":"summary_large_image","twitter_misc":{"\u0648\u0642\u062a \u0627\u0644\u0642\u0631\u0627\u0621\u0629 \u0627\u0644\u0645\u064f\u0642\u062f\u0651\u0631":"\u062f\u0642\u064a\u0642\u062a\u0627\u0646"},"schema":{"@context":"https:\/\/schema.org","@graph":[{"@type":"WebPage","@id":"https:\/\/cosmeticstoredz.com\/produit\/ultra-doux-masque-320ml-creme-de-coco\/","url":"https:\/\/cosmeticstoredz.com\/produit\/ultra-doux-masque-320ml-creme-de-coco\/","name":"ULTRA DOUX MASQUE 320ML CREME DE COCO - Cosmetic Store","isPartOf":{"@id":"https:\/\/cosmeticstoredz.com\/#website"},"datePublished":"2025-06-04T19:58:11+00:00","dateModified":"2026-04-18T19:20:54+00:00","breadcrumb":{"@id":"https:\/\/cosmeticstoredz.com\/produit\/ultra-doux-masque-320ml-creme-de-coco\/#breadcrumb"},"inLanguage":"ar","potentialAction":[{"@type":"ReadAction","target":["https:\/\/cosmeticstoredz.com\/produit\/ultra-doux-masque-320ml-creme-de-coco\/"]}]},{"@type":"BreadcrumbList","@id":"https:\/\/cosmeticstoredz.com\/produit\/ultra-doux-masque-320ml-creme-de-coco\/#breadcrumb","itemListElement":[{"@type":"ListItem","position":1,"name":"Accueil","item":"https:\/\/cosmeticstoredz.com\/"},{"@type":"ListItem","position":2,"name":"Boutique","item":"https:\/\/cosmeticstoredz.com\/boutique\/"},{"@type":"ListItem","position":3,"name":"ULTRA DOUX MASQUE 320ML CREME DE COCO"}]},{"@type":"WebSite","@id":"https:\/\/cosmeticstoredz.com\/#website","url":"https:\/\/cosmeticstoredz.com\/","name":"Cosmetic Store","description":"","publisher":{"@id":"https:\/\/cosmeticstoredz.com\/#organization"},"potentialAction":[{"@type":"SearchAction","target":{"@type":"EntryPoint","urlTemplate":"https:\/\/cosmeticstoredz.com\/?s={search_term_string}"},"query-input":{"@type":"PropertyValueSpecification","valueRequired":true,"valueName":"search_term_string"}}],"inLanguage":"ar"},{"@type":"Organization","@id":"https:\/\/cosmeticstoredz.com\/#organization","name":"Cosmetic Store","url":"https:\/\/cosmeticstoredz.com\/","logo":{"@type":"ImageObject","inLanguage":"ar","@id":"https:\/\/cosmeticstoredz.com\/#\/schema\/logo\/image\/","url":"https:\/\/cosmeticstoredz.com\/wp-content\/uploads\/2026\/02\/cropped-LOGO_CS-512x512-1-1-e1771275285345.webp","contentUrl":"https:\/\/cosmeticstoredz.com\/wp-content\/uploads\/2026\/02\/cropped-LOGO_CS-512x512-1-1-e1771275285345.webp","width":265,"height":319,"caption":"Cosmetic Store"},"image":{"@id":"https:\/\/cosmeticstoredz.com\/#\/schema\/logo\/image\/"},"sameAs":["https:\/\/www.facebook.com\/profile.php?id=61564954260683","https:\/\/www.instagram.com\/cosmetic.storedz\/"]}]}},"_links":{"self":[{"href":"https:\/\/cosmeticstoredz.com\/ar\/wp-json\/wp\/v2\/product\/7371","targetHints":{"allow":["GET"]}}],"collection":[{"href":"https:\/\/cosmeticstoredz.com\/ar\/wp-json\/wp\/v2\/product"}],"about":[{"href":"https:\/\/cosmeticstoredz.com\/ar\/wp-json\/wp\/v2\/types\/product"}],"replies":[{"embeddable":true,"href":"https:\/\/cosmeticstoredz.com\/ar\/wp-json\/wp\/v2\/comments?post=7371"}],"version-history":[{"count":1,"href":"https:\/\/cosmeticstoredz.com\/ar\/wp-json\/wp\/v2\/product\/7371\/revisions"}],"predecessor-version":[{"id":21726,"href":"https:\/\/cosmeticstoredz.com\/ar\/wp-json\/wp\/v2\/product\/7371\/revisions\/21726"}],"wp:attachment":[{"href":"https:\/\/cosmeticstoredz.com\/ar\/wp-json\/wp\/v2\/media?parent=7371"}],"wp:term":[{"taxonomy":"product_brand","embeddable":true,"href":"https:\/\/cosmeticstoredz.com\/ar\/wp-json\/wp\/v2\/product_brand?post=7371"},{"taxonomy":"product_cat","embeddable":true,"href":"https:\/\/cosmeticstoredz.com\/ar\/wp-json\/wp\/v2\/product_cat?post=7371"},{"taxonomy":"product_tag","embeddable":true,"href":"https:\/\/cosmeticstoredz.com\/ar\/wp-json\/wp\/v2\/product_tag?post=7371"}],"curies":[{"name":"wp","href":"https:\/\/api.w.org\/{rel}","templated":true}]}}