{"id":7369,"date":"2025-06-04T19:58:11","date_gmt":"2025-06-04T19:58:11","guid":{"rendered":"https:\/\/test.fitnessworldgym27.com\/?post_type=product&#038;p=7369"},"modified":"2026-04-18T19:20:54","modified_gmt":"2026-04-18T19:20:54","slug":"ultra-doux-masque-300ml-olive-mythique","status":"publish","type":"product","link":"https:\/\/cosmeticstoredz.com\/ar\/product\/ultra-doux-masque-300ml-olive-mythique\/","title":{"rendered":"ULTRA DOUX MASQUE 300ML OLIVE MYTHIQUE"},"content":{"rendered":"<section id=\"wrapper\">\n<div class=\"container\">\n<div class=\"row\">\n<div id=\"content-wrapper\">\n<section id=\"main\">\n<div class=\"tabs\">\n<div id=\"tab-content\" class=\"tab-content\">\n<div id=\"description\" class=\"tab-pane fade in active\" role=\"tabpanel\">\n<div class=\"product-description\">\n<p>Nourrit intens\u00e9ment et r\u00e9pare jusqu&rsquo;aux pointes<br \/>\nSouplesse et douceur extr\u00eame<\/p>\n<p>L&rsquo;huile d&rsquo;olive vierge, une huile d&rsquo;exception<br \/>\nDans sa nouvelle recette de nutrition extr\u00eame pour les cheveux dess\u00e9ch\u00e9s, sensibilis\u00e9s, Garnier Ultra Doux a s\u00e9lectionn\u00e9 une huile mythique aux mille vertus : l&rsquo;huile d&rsquo;olive vierge. Issu d&rsquo;un arbre mill\u00e9naire, ce puissant \u00e9lixir est un v\u00e9ritable or de vie. Il est utilis\u00e9 depuis l&rsquo;antiquit\u00e9 pour ses propri\u00e9t\u00e9s hautement nutritives et assouplissantes.<\/p>\n<p>R\u00e9sultat : Intens\u00e9ment nourris sans \u00eatre alourdis et r\u00e9par\u00e9s de la racine aux pointes, vos cheveux se transforment instantan\u00e9ment en une mati\u00e8re infiniment douce au toucher. Jour apr\u00e8s jour, ils deviennent brillants et plus souples, vraiment plus faciles \u00e0 coiffer. Ils rayonnent de beaut\u00e9. Pour un soin optimal, utilisez l&rsquo;ensemble de la gamme Olive Mythique.<\/p>\n<p>Formule sans paraben &#8211; non alourdissant<br \/>\nD\u00e9couvrez le plaisir d&rsquo;une texture riche et voluptueuse au parfum subtil et f\u00e9minin.<\/p>\n<p>Une routine d&rsquo;exception pour une nutrition extr\u00eame<\/p>\n<\/div>\n<\/div>\n<\/div>\n<\/div>\n<footer class=\"page-footer\"><\/footer>\n<\/section>\n<\/div>\n<\/div>\n<\/div>\n<\/section>\n<footer id=\"footer\">\n<div class=\"container\"><\/div>\n<\/footer>","protected":false},"excerpt":{"rendered":"<p>Dans sa nouvelle recette de nutrition extr\u00eame pour les cheveux dess\u00e9ch\u00e9s, sensibilis\u00e9s, Garnier Ultra Doux a s\u00e9lectionn\u00e9 une huile mythique aux mille vertus : l&rsquo;huile d&rsquo;olive vierge. Issu d&rsquo;un arbre mill\u00e9naire, ce puissant \u00e9lixir est un v\u00e9ritable or de vie<\/p>","protected":false},"featured_media":21722,"comment_status":"open","ping_status":"closed","template":"","meta":[],"product_brand":[],"product_cat":[75,191,155,95],"product_tag":[125],"class_list":{"0":"post-7369","1":"product","2":"type-product","3":"status-publish","4":"has-post-thumbnail","6":"product_cat-femme","7":"product_cat-garnier","8":"product_cat-masque","9":"product_cat-soin-cheveux-f","10":"product_tag-made-in-france","12":"first","13":"outofstock","14":"shipping-taxable","15":"purchasable","16":"product-type-simple"},"yoast_head":"<!-- This site is optimized with the Yoast SEO plugin v27.3 - https:\/\/yoast.com\/product\/yoast-seo-wordpress\/ -->\n<title>ULTRA DOUX MASQUE 300ML OLIVE MYTHIQUE - Cosmetic Store<\/title>\n<meta name=\"robots\" content=\"index, follow, max-snippet:-1, max-image-preview:large, max-video-preview:-1\" \/>\n<link rel=\"canonical\" href=\"https:\/\/cosmeticstoredz.com\/ar\/product\/ultra-doux-masque-300ml-olive-mythique\/\" \/>\n<meta property=\"og:locale\" content=\"ar_AR\" \/>\n<meta property=\"og:type\" content=\"article\" \/>\n<meta property=\"og:title\" content=\"ULTRA DOUX MASQUE 300ML OLIVE MYTHIQUE - Cosmetic Store\" \/>\n<meta property=\"og:description\" content=\"Dans sa nouvelle recette de nutrition extr\u00eame pour les cheveux dess\u00e9ch\u00e9s, sensibilis\u00e9s, Garnier Ultra Doux a s\u00e9lectionn\u00e9 une huile mythique aux mille vertus : l&#039;huile d&#039;olive vierge. Issu d&#039;un arbre mill\u00e9naire, ce puissant \u00e9lixir est un v\u00e9ritable or de vie\" \/>\n<meta property=\"og:url\" content=\"https:\/\/cosmeticstoredz.com\/ar\/product\/ultra-doux-masque-300ml-olive-mythique\/\" \/>\n<meta property=\"og:site_name\" content=\"Cosmetic Store\" \/>\n<meta property=\"article:publisher\" content=\"https:\/\/www.facebook.com\/profile.php?id=61564954260683\" \/>\n<meta property=\"article:modified_time\" content=\"2026-04-18T19:20:54+00:00\" \/>\n<meta property=\"og:image\" content=\"https:\/\/cosmeticstoredz.com\/wp-content\/uploads\/2026\/02\/Ajouter-un-titre-2024-07-27T141009.144.png\" \/>\n\t<meta property=\"og:image:width\" content=\"500\" \/>\n\t<meta property=\"og:image:height\" content=\"500\" \/>\n\t<meta property=\"og:image:type\" content=\"image\/png\" \/>\n<meta name=\"twitter:card\" content=\"summary_large_image\" \/>\n<meta name=\"twitter:label1\" content=\"\u0648\u0642\u062a \u0627\u0644\u0642\u0631\u0627\u0621\u0629 \u0627\u0644\u0645\u064f\u0642\u062f\u0651\u0631\" \/>\n\t<meta name=\"twitter:data1\" content=\"\u062f\u0642\u064a\u0642\u0629 \u0648\u0627\u062d\u062f\u0629\" \/>\n<script type=\"application\/ld+json\" class=\"yoast-schema-graph\">{\"@context\":\"https:\\\/\\\/schema.org\",\"@graph\":[{\"@type\":\"WebPage\",\"@id\":\"https:\\\/\\\/cosmeticstoredz.com\\\/produit\\\/ultra-doux-masque-300ml-olive-mythique\\\/\",\"url\":\"https:\\\/\\\/cosmeticstoredz.com\\\/produit\\\/ultra-doux-masque-300ml-olive-mythique\\\/\",\"name\":\"ULTRA DOUX MASQUE 300ML OLIVE MYTHIQUE - Cosmetic Store\",\"isPartOf\":{\"@id\":\"https:\\\/\\\/cosmeticstoredz.com\\\/#website\"},\"primaryImageOfPage\":{\"@id\":\"https:\\\/\\\/cosmeticstoredz.com\\\/produit\\\/ultra-doux-masque-300ml-olive-mythique\\\/#primaryimage\"},\"image\":{\"@id\":\"https:\\\/\\\/cosmeticstoredz.com\\\/produit\\\/ultra-doux-masque-300ml-olive-mythique\\\/#primaryimage\"},\"thumbnailUrl\":\"https:\\\/\\\/cosmeticstoredz.com\\\/wp-content\\\/uploads\\\/2026\\\/02\\\/Ajouter-un-titre-2024-07-27T141009.144.png\",\"datePublished\":\"2025-06-04T19:58:11+00:00\",\"dateModified\":\"2026-04-18T19:20:54+00:00\",\"breadcrumb\":{\"@id\":\"https:\\\/\\\/cosmeticstoredz.com\\\/produit\\\/ultra-doux-masque-300ml-olive-mythique\\\/#breadcrumb\"},\"inLanguage\":\"ar\",\"potentialAction\":[{\"@type\":\"ReadAction\",\"target\":[\"https:\\\/\\\/cosmeticstoredz.com\\\/produit\\\/ultra-doux-masque-300ml-olive-mythique\\\/\"]}]},{\"@type\":\"ImageObject\",\"inLanguage\":\"ar\",\"@id\":\"https:\\\/\\\/cosmeticstoredz.com\\\/produit\\\/ultra-doux-masque-300ml-olive-mythique\\\/#primaryimage\",\"url\":\"https:\\\/\\\/cosmeticstoredz.com\\\/wp-content\\\/uploads\\\/2026\\\/02\\\/Ajouter-un-titre-2024-07-27T141009.144.png\",\"contentUrl\":\"https:\\\/\\\/cosmeticstoredz.com\\\/wp-content\\\/uploads\\\/2026\\\/02\\\/Ajouter-un-titre-2024-07-27T141009.144.png\",\"width\":500,\"height\":500},{\"@type\":\"BreadcrumbList\",\"@id\":\"https:\\\/\\\/cosmeticstoredz.com\\\/produit\\\/ultra-doux-masque-300ml-olive-mythique\\\/#breadcrumb\",\"itemListElement\":[{\"@type\":\"ListItem\",\"position\":1,\"name\":\"Accueil\",\"item\":\"https:\\\/\\\/cosmeticstoredz.com\\\/\"},{\"@type\":\"ListItem\",\"position\":2,\"name\":\"Boutique\",\"item\":\"https:\\\/\\\/cosmeticstoredz.com\\\/boutique\\\/\"},{\"@type\":\"ListItem\",\"position\":3,\"name\":\"ULTRA DOUX MASQUE 300ML OLIVE MYTHIQUE\"}]},{\"@type\":\"WebSite\",\"@id\":\"https:\\\/\\\/cosmeticstoredz.com\\\/#website\",\"url\":\"https:\\\/\\\/cosmeticstoredz.com\\\/\",\"name\":\"Cosmetic Store\",\"description\":\"\",\"publisher\":{\"@id\":\"https:\\\/\\\/cosmeticstoredz.com\\\/#organization\"},\"potentialAction\":[{\"@type\":\"SearchAction\",\"target\":{\"@type\":\"EntryPoint\",\"urlTemplate\":\"https:\\\/\\\/cosmeticstoredz.com\\\/?s={search_term_string}\"},\"query-input\":{\"@type\":\"PropertyValueSpecification\",\"valueRequired\":true,\"valueName\":\"search_term_string\"}}],\"inLanguage\":\"ar\"},{\"@type\":\"Organization\",\"@id\":\"https:\\\/\\\/cosmeticstoredz.com\\\/#organization\",\"name\":\"Cosmetic Store\",\"url\":\"https:\\\/\\\/cosmeticstoredz.com\\\/\",\"logo\":{\"@type\":\"ImageObject\",\"inLanguage\":\"ar\",\"@id\":\"https:\\\/\\\/cosmeticstoredz.com\\\/#\\\/schema\\\/logo\\\/image\\\/\",\"url\":\"https:\\\/\\\/cosmeticstoredz.com\\\/wp-content\\\/uploads\\\/2026\\\/02\\\/cropped-LOGO_CS-512x512-1-1-e1771275285345.webp\",\"contentUrl\":\"https:\\\/\\\/cosmeticstoredz.com\\\/wp-content\\\/uploads\\\/2026\\\/02\\\/cropped-LOGO_CS-512x512-1-1-e1771275285345.webp\",\"width\":265,\"height\":319,\"caption\":\"Cosmetic Store\"},\"image\":{\"@id\":\"https:\\\/\\\/cosmeticstoredz.com\\\/#\\\/schema\\\/logo\\\/image\\\/\"},\"sameAs\":[\"https:\\\/\\\/www.facebook.com\\\/profile.php?id=61564954260683\",\"https:\\\/\\\/www.instagram.com\\\/cosmetic.storedz\\\/\"]}]}<\/script>\n<!-- \/ Yoast SEO plugin. -->","yoast_head_json":{"title":"ULTRA DOUX MASQUE 300ML OLIVE MYTHIQUE - Cosmetic Store","robots":{"index":"index","follow":"follow","max-snippet":"max-snippet:-1","max-image-preview":"max-image-preview:large","max-video-preview":"max-video-preview:-1"},"canonical":"https:\/\/cosmeticstoredz.com\/ar\/product\/ultra-doux-masque-300ml-olive-mythique\/","og_locale":"ar_AR","og_type":"article","og_title":"ULTRA DOUX MASQUE 300ML OLIVE MYTHIQUE - Cosmetic Store","og_description":"Dans sa nouvelle recette de nutrition extr\u00eame pour les cheveux dess\u00e9ch\u00e9s, sensibilis\u00e9s, Garnier Ultra Doux a s\u00e9lectionn\u00e9 une huile mythique aux mille vertus : l'huile d'olive vierge. Issu d'un arbre mill\u00e9naire, ce puissant \u00e9lixir est un v\u00e9ritable or de vie","og_url":"https:\/\/cosmeticstoredz.com\/ar\/product\/ultra-doux-masque-300ml-olive-mythique\/","og_site_name":"Cosmetic Store","article_publisher":"https:\/\/www.facebook.com\/profile.php?id=61564954260683","article_modified_time":"2026-04-18T19:20:54+00:00","og_image":[{"width":500,"height":500,"url":"https:\/\/cosmeticstoredz.com\/wp-content\/uploads\/2026\/02\/Ajouter-un-titre-2024-07-27T141009.144.png","type":"image\/png"}],"twitter_card":"summary_large_image","twitter_misc":{"\u0648\u0642\u062a \u0627\u0644\u0642\u0631\u0627\u0621\u0629 \u0627\u0644\u0645\u064f\u0642\u062f\u0651\u0631":"\u062f\u0642\u064a\u0642\u0629 \u0648\u0627\u062d\u062f\u0629"},"schema":{"@context":"https:\/\/schema.org","@graph":[{"@type":"WebPage","@id":"https:\/\/cosmeticstoredz.com\/produit\/ultra-doux-masque-300ml-olive-mythique\/","url":"https:\/\/cosmeticstoredz.com\/produit\/ultra-doux-masque-300ml-olive-mythique\/","name":"ULTRA DOUX MASQUE 300ML OLIVE MYTHIQUE - Cosmetic Store","isPartOf":{"@id":"https:\/\/cosmeticstoredz.com\/#website"},"primaryImageOfPage":{"@id":"https:\/\/cosmeticstoredz.com\/produit\/ultra-doux-masque-300ml-olive-mythique\/#primaryimage"},"image":{"@id":"https:\/\/cosmeticstoredz.com\/produit\/ultra-doux-masque-300ml-olive-mythique\/#primaryimage"},"thumbnailUrl":"https:\/\/cosmeticstoredz.com\/wp-content\/uploads\/2026\/02\/Ajouter-un-titre-2024-07-27T141009.144.png","datePublished":"2025-06-04T19:58:11+00:00","dateModified":"2026-04-18T19:20:54+00:00","breadcrumb":{"@id":"https:\/\/cosmeticstoredz.com\/produit\/ultra-doux-masque-300ml-olive-mythique\/#breadcrumb"},"inLanguage":"ar","potentialAction":[{"@type":"ReadAction","target":["https:\/\/cosmeticstoredz.com\/produit\/ultra-doux-masque-300ml-olive-mythique\/"]}]},{"@type":"ImageObject","inLanguage":"ar","@id":"https:\/\/cosmeticstoredz.com\/produit\/ultra-doux-masque-300ml-olive-mythique\/#primaryimage","url":"https:\/\/cosmeticstoredz.com\/wp-content\/uploads\/2026\/02\/Ajouter-un-titre-2024-07-27T141009.144.png","contentUrl":"https:\/\/cosmeticstoredz.com\/wp-content\/uploads\/2026\/02\/Ajouter-un-titre-2024-07-27T141009.144.png","width":500,"height":500},{"@type":"BreadcrumbList","@id":"https:\/\/cosmeticstoredz.com\/produit\/ultra-doux-masque-300ml-olive-mythique\/#breadcrumb","itemListElement":[{"@type":"ListItem","position":1,"name":"Accueil","item":"https:\/\/cosmeticstoredz.com\/"},{"@type":"ListItem","position":2,"name":"Boutique","item":"https:\/\/cosmeticstoredz.com\/boutique\/"},{"@type":"ListItem","position":3,"name":"ULTRA DOUX MASQUE 300ML OLIVE MYTHIQUE"}]},{"@type":"WebSite","@id":"https:\/\/cosmeticstoredz.com\/#website","url":"https:\/\/cosmeticstoredz.com\/","name":"Cosmetic Store","description":"","publisher":{"@id":"https:\/\/cosmeticstoredz.com\/#organization"},"potentialAction":[{"@type":"SearchAction","target":{"@type":"EntryPoint","urlTemplate":"https:\/\/cosmeticstoredz.com\/?s={search_term_string}"},"query-input":{"@type":"PropertyValueSpecification","valueRequired":true,"valueName":"search_term_string"}}],"inLanguage":"ar"},{"@type":"Organization","@id":"https:\/\/cosmeticstoredz.com\/#organization","name":"Cosmetic Store","url":"https:\/\/cosmeticstoredz.com\/","logo":{"@type":"ImageObject","inLanguage":"ar","@id":"https:\/\/cosmeticstoredz.com\/#\/schema\/logo\/image\/","url":"https:\/\/cosmeticstoredz.com\/wp-content\/uploads\/2026\/02\/cropped-LOGO_CS-512x512-1-1-e1771275285345.webp","contentUrl":"https:\/\/cosmeticstoredz.com\/wp-content\/uploads\/2026\/02\/cropped-LOGO_CS-512x512-1-1-e1771275285345.webp","width":265,"height":319,"caption":"Cosmetic Store"},"image":{"@id":"https:\/\/cosmeticstoredz.com\/#\/schema\/logo\/image\/"},"sameAs":["https:\/\/www.facebook.com\/profile.php?id=61564954260683","https:\/\/www.instagram.com\/cosmetic.storedz\/"]}]}},"_links":{"self":[{"href":"https:\/\/cosmeticstoredz.com\/ar\/wp-json\/wp\/v2\/product\/7369","targetHints":{"allow":["GET"]}}],"collection":[{"href":"https:\/\/cosmeticstoredz.com\/ar\/wp-json\/wp\/v2\/product"}],"about":[{"href":"https:\/\/cosmeticstoredz.com\/ar\/wp-json\/wp\/v2\/types\/product"}],"replies":[{"embeddable":true,"href":"https:\/\/cosmeticstoredz.com\/ar\/wp-json\/wp\/v2\/comments?post=7369"}],"version-history":[{"count":1,"href":"https:\/\/cosmeticstoredz.com\/ar\/wp-json\/wp\/v2\/product\/7369\/revisions"}],"predecessor-version":[{"id":21723,"href":"https:\/\/cosmeticstoredz.com\/ar\/wp-json\/wp\/v2\/product\/7369\/revisions\/21723"}],"wp:featuredmedia":[{"embeddable":true,"href":"https:\/\/cosmeticstoredz.com\/ar\/wp-json\/wp\/v2\/media\/21722"}],"wp:attachment":[{"href":"https:\/\/cosmeticstoredz.com\/ar\/wp-json\/wp\/v2\/media?parent=7369"}],"wp:term":[{"taxonomy":"product_brand","embeddable":true,"href":"https:\/\/cosmeticstoredz.com\/ar\/wp-json\/wp\/v2\/product_brand?post=7369"},{"taxonomy":"product_cat","embeddable":true,"href":"https:\/\/cosmeticstoredz.com\/ar\/wp-json\/wp\/v2\/product_cat?post=7369"},{"taxonomy":"product_tag","embeddable":true,"href":"https:\/\/cosmeticstoredz.com\/ar\/wp-json\/wp\/v2\/product_tag?post=7369"}],"curies":[{"name":"wp","href":"https:\/\/api.w.org\/{rel}","templated":true}]}}