{"id":7362,"date":"2025-06-04T19:58:10","date_gmt":"2025-06-04T19:58:10","guid":{"rendered":"https:\/\/test.fitnessworldgym27.com\/?post_type=product&#038;p=7362"},"modified":"2026-03-30T19:27:59","modified_gmt":"2026-03-30T19:27:59","slug":"sunsilk-shp-350ml-reparation-intense","status":"publish","type":"product","link":"https:\/\/cosmeticstoredz.com\/ar\/product\/sunsilk-shp-350ml-reparation-intense\/","title":{"rendered":"SUNSILK SHAMPOOING 350ML REPARATION INTENSE"},"content":{"rendered":"<p>Le shampooing force et brillance Sunsilk est enrichi du complexe, qui renforce chaque fibre capillaire pour r\u00e9v\u00e9ler des cheveux sains et renforc\u00e9s avec une brillance naturelle lumineuse. Masser sur cheveux mouill\u00e9s puis rincer abondamment. Pour de meilleurs r\u00e9sultats, r\u00e9p\u00e9tez l\u2019application.<\/p>","protected":false},"excerpt":{"rendered":"<p>Le shampooing force et brillance Sunsilk est enrichi du complexe, qui renforce chaque fibre capillaire pour r\u00e9v\u00e9ler des cheveux sains et renforc\u00e9s avec une brillance naturelle lumineuse.<\/p>","protected":false},"featured_media":21710,"comment_status":"open","ping_status":"closed","template":"","meta":[],"product_brand":[],"product_cat":[75,111,95],"product_tag":[90],"class_list":{"0":"post-7362","1":"product","2":"type-product","3":"status-publish","4":"has-post-thumbnail","6":"product_cat-femme","7":"product_cat-shampoing-f","8":"product_cat-soin-cheveux-f","9":"product_tag-made-in-algeria","11":"first","12":"instock","13":"shipping-taxable","14":"purchasable","15":"product-type-simple"},"_links":{"self":[{"href":"https:\/\/cosmeticstoredz.com\/ar\/wp-json\/wp\/v2\/product\/7362","targetHints":{"allow":["GET"]}}],"collection":[{"href":"https:\/\/cosmeticstoredz.com\/ar\/wp-json\/wp\/v2\/product"}],"about":[{"href":"https:\/\/cosmeticstoredz.com\/ar\/wp-json\/wp\/v2\/types\/product"}],"replies":[{"embeddable":true,"href":"https:\/\/cosmeticstoredz.com\/ar\/wp-json\/wp\/v2\/comments?post=7362"}],"version-history":[{"count":1,"href":"https:\/\/cosmeticstoredz.com\/ar\/wp-json\/wp\/v2\/product\/7362\/revisions"}],"predecessor-version":[{"id":21711,"href":"https:\/\/cosmeticstoredz.com\/ar\/wp-json\/wp\/v2\/product\/7362\/revisions\/21711"}],"wp:featuredmedia":[{"embeddable":true,"href":"https:\/\/cosmeticstoredz.com\/ar\/wp-json\/wp\/v2\/media\/21710"}],"wp:attachment":[{"href":"https:\/\/cosmeticstoredz.com\/ar\/wp-json\/wp\/v2\/media?parent=7362"}],"wp:term":[{"taxonomy":"product_brand","embeddable":true,"href":"https:\/\/cosmeticstoredz.com\/ar\/wp-json\/wp\/v2\/product_brand?post=7362"},{"taxonomy":"product_cat","embeddable":true,"href":"https:\/\/cosmeticstoredz.com\/ar\/wp-json\/wp\/v2\/product_cat?post=7362"},{"taxonomy":"product_tag","embeddable":true,"href":"https:\/\/cosmeticstoredz.com\/ar\/wp-json\/wp\/v2\/product_tag?post=7362"}],"curies":[{"name":"wp","href":"https:\/\/api.w.org\/{rel}","templated":true}]}}