{"id":736,"date":"2026-02-16T08:42:59","date_gmt":"2026-02-16T08:42:59","guid":{"rendered":"https:\/\/test.fitnessworldgym27.com\/?post_type=product&#038;p=736"},"modified":"2026-03-30T19:24:41","modified_gmt":"2026-03-30T19:24:41","slug":"agiva-hair-wax-02-bleu","status":"publish","type":"product","link":"https:\/\/cosmeticstoredz.com\/ar\/product\/agiva-hair-wax-02-bleu\/","title":{"rendered":"AGIVA HAIR WAX 02 BLEU"},"content":{"rendered":"<p data-start=\"414\" data-end=\"793\">AGIVA Hair Wax 02 Bleu est une cire coiffante de qualit\u00e9 professionnelle con\u00e7ue pour offrir une tenue moyenne et un fini brillant. Sa texture souple permet de styliser les cheveux avec pr\u00e9cision tout en gardant une sensation naturelle et l\u00e9g\u00e8re. Elle est id\u00e9ale pour cr\u00e9er des coiffures modernes, structur\u00e9es ou d\u00e9contract\u00e9es, avec un look soign\u00e9 et lumineux.<\/p>\n<p data-start=\"795\" data-end=\"1154\">Formul\u00e9e pour s\u2019adapter \u00e0 tous les types de cheveux, cette cire permet un remodelage facile tout au long de la journ\u00e9e, sans effet gras ni sensation collante. Elle laisse un parfum agr\u00e9able et s\u2019\u00e9limine facilement au shampooing. Le pot bleu (02) correspond \u00e0 une fixation interm\u00e9diaire : ni trop forte, ni trop l\u00e9g\u00e8re, parfaite pour un style flexible.<\/p>\n<p data-start=\"1161\" data-end=\"1191\">\u2705 <strong data-start=\"1167\" data-end=\"1189\">Caract\u00e9ristiques :<\/strong><\/p>\n<ul data-start=\"1192\" data-end=\"1439\">\n<li data-start=\"1192\" data-end=\"1218\">\n<p data-start=\"1194\" data-end=\"1218\">Tenue : Moyenne (n\u00b002)<\/p>\n<\/li>\n<li data-start=\"1219\" data-end=\"1238\">\n<p data-start=\"1221\" data-end=\"1238\">Fini : Brillant<\/p>\n<\/li>\n<li data-start=\"1239\" data-end=\"1275\">\n<p data-start=\"1241\" data-end=\"1275\">Texture : Souple et non collante<\/p>\n<\/li>\n<li data-start=\"1276\" data-end=\"1295\">\n<p data-start=\"1278\" data-end=\"1295\">Parfum agr\u00e9able<\/p>\n<\/li>\n<li data-start=\"1296\" data-end=\"1324\">\n<p data-start=\"1298\" data-end=\"1324\">Ne laisse pas de r\u00e9sidus<\/p>\n<\/li>\n<li data-start=\"1325\" data-end=\"1361\">\n<p data-start=\"1327\" data-end=\"1361\">Convient \u00e0 tous types de cheveux<\/p>\n<\/li>\n<li data-start=\"1362\" data-end=\"1406\">\n<p data-start=\"1364\" data-end=\"1406\">Format : Pot pratique, facile \u00e0 emporter<\/p>\n<\/li>\n<li data-start=\"1407\" data-end=\"1439\">\n<p data-start=\"1409\" data-end=\"1439\">S\u2019\u00e9limine facilement au lavage<\/p>\n<\/li>\n<\/ul>","protected":false},"excerpt":{"rendered":"<p data-start=\"135\" data-end=\"373\">AGIVA Hair Wax 02 Bleu est une cire coiffante \u00e0 tenue moyenne et effet brillant, id\u00e9ale pour cr\u00e9er des styles souples, textur\u00e9s et lumineux. Elle convient \u00e0 tous les types de cheveux et se travaille facilement sans laisser de r\u00e9sidus.<\/p>","protected":false},"featured_media":804,"comment_status":"closed","ping_status":"closed","template":"","meta":[],"product_brand":[],"product_cat":[91,106,72,92],"product_tag":[],"class_list":{"0":"post-736","1":"product","2":"type-product","3":"status-publish","4":"has-post-thumbnail","6":"product_cat-agiva","7":"product_cat-cire-coiffante","8":"product_cat-homme","9":"product_cat-soin-cheveux-h","11":"first","12":"outofstock","13":"shipping-taxable","14":"purchasable","15":"product-type-simple"},"_links":{"self":[{"href":"https:\/\/cosmeticstoredz.com\/ar\/wp-json\/wp\/v2\/product\/736","targetHints":{"allow":["GET"]}}],"collection":[{"href":"https:\/\/cosmeticstoredz.com\/ar\/wp-json\/wp\/v2\/product"}],"about":[{"href":"https:\/\/cosmeticstoredz.com\/ar\/wp-json\/wp\/v2\/types\/product"}],"replies":[{"embeddable":true,"href":"https:\/\/cosmeticstoredz.com\/ar\/wp-json\/wp\/v2\/comments?post=736"}],"version-history":[{"count":1,"href":"https:\/\/cosmeticstoredz.com\/ar\/wp-json\/wp\/v2\/product\/736\/revisions"}],"predecessor-version":[{"id":805,"href":"https:\/\/cosmeticstoredz.com\/ar\/wp-json\/wp\/v2\/product\/736\/revisions\/805"}],"wp:featuredmedia":[{"embeddable":true,"href":"https:\/\/cosmeticstoredz.com\/ar\/wp-json\/wp\/v2\/media\/804"}],"wp:attachment":[{"href":"https:\/\/cosmeticstoredz.com\/ar\/wp-json\/wp\/v2\/media?parent=736"}],"wp:term":[{"taxonomy":"product_brand","embeddable":true,"href":"https:\/\/cosmeticstoredz.com\/ar\/wp-json\/wp\/v2\/product_brand?post=736"},{"taxonomy":"product_cat","embeddable":true,"href":"https:\/\/cosmeticstoredz.com\/ar\/wp-json\/wp\/v2\/product_cat?post=736"},{"taxonomy":"product_tag","embeddable":true,"href":"https:\/\/cosmeticstoredz.com\/ar\/wp-json\/wp\/v2\/product_tag?post=736"}],"curies":[{"name":"wp","href":"https:\/\/api.w.org\/{rel}","templated":true}]}}