{"id":7351,"date":"2025-06-04T19:58:10","date_gmt":"2025-06-04T19:58:10","guid":{"rendered":"https:\/\/test.fitnessworldgym27.com\/?post_type=product&#038;p=7351"},"modified":"2026-03-30T19:27:59","modified_gmt":"2026-03-30T19:27:59","slug":"sunsilk-shp-180ml-anti-chute","status":"publish","type":"product","link":"https:\/\/cosmeticstoredz.com\/ar\/product\/sunsilk-shp-180ml-anti-chute\/","title":{"rendered":"SUNSILK SHP 180ML ANTI CHUTE"},"content":{"rendered":"<div id=\"availability_feature_div\" class=\"celwidget\" data-feature-name=\"availability\" data-csa-c-type=\"widget\" data-csa-c-content-id=\"availability\" data-csa-c-slot-id=\"availability_feature_div\" data-csa-c-asin=\"B0C2KL14P3\" data-csa-c-is-in-initial-active-row=\"false\" data-csa-c-id=\"btkong-e1sm6t-jm75by-aqzelh\" data-cel-widget=\"availability_feature_div\">\n<div id=\"availability\" class=\"a-section a-spacing-base a-spacing-top-micro }\">\n<h1 class=\"h1\">Sunsilk Shampoing Solution Anti Chute 180 Ml<\/h1>\n<\/div>\n<div class=\"a-section a-spacing-mini\"><\/div>\n<\/div>\n<div id=\"productOverview_feature_div\" class=\"celwidget\" data-feature-name=\"productOverview\" data-csa-c-type=\"widget\" data-csa-c-content-id=\"productOverview\" data-csa-c-slot-id=\"productOverview_feature_div\" data-csa-c-asin=\"B0C2KL14P3\" data-csa-c-is-in-initial-active-row=\"false\" data-csa-c-id=\"6qvzxz-1nu4wi-5wxm25-wpa2b8\" data-cel-widget=\"productOverview_feature_div\">\n<div id=\"poExpander\" class=\"a-expander-collapsed-height a-row a-expander-container a-spacing-none a-expander-partial-collapse-container\" data-a-expander-name=\"product_overview\" data-a-expander-collapsed-height=\"210\">\n<div class=\"a-expander-content a-expander-partial-collapse-content a-expander-content-expanded\" aria-expanded=\"true\">\n<div class=\"a-section a-spacing-small a-spacing-top-small\">Combattez la chute de cheveux avec le shampooing Sunsilk Solution Anti-Chute. Formul\u00e9 pour renforcer les cheveux d\u00e8s la racine, ce shampooing aide \u00e0 r\u00e9duire la perte de cheveux et \u00e0 revitaliser les cheveux affaiblis.<\/div>\n<\/div>\n<\/div>\n<\/div>","protected":false},"excerpt":{"rendered":"<h1 class=\"h1\">Sunsilk Shampoing Solution Anti Chute 180 Ml<\/h1>\n<p>Combattez la chute de cheveux avec le shampooing Sunsilk Solution Anti-Chute. Formul\u00e9 pour renforcer les cheveux d\u00e8s la racine, ce shampooing aide \u00e0 r\u00e9duire la perte de cheveux et \u00e0 revitaliser les cheveux affaiblis.<\/p>","protected":false},"featured_media":21688,"comment_status":"open","ping_status":"closed","template":"","meta":[],"product_brand":[],"product_cat":[75,111,95,318],"product_tag":[90],"class_list":{"0":"post-7351","1":"product","2":"type-product","3":"status-publish","4":"has-post-thumbnail","6":"product_cat-femme","7":"product_cat-shampoing-f","8":"product_cat-soin-cheveux-f","9":"product_cat-sunsilk","10":"product_tag-made-in-algeria","12":"first","13":"instock","14":"shipping-taxable","15":"purchasable","16":"product-type-simple"},"_links":{"self":[{"href":"https:\/\/cosmeticstoredz.com\/ar\/wp-json\/wp\/v2\/product\/7351","targetHints":{"allow":["GET"]}}],"collection":[{"href":"https:\/\/cosmeticstoredz.com\/ar\/wp-json\/wp\/v2\/product"}],"about":[{"href":"https:\/\/cosmeticstoredz.com\/ar\/wp-json\/wp\/v2\/types\/product"}],"replies":[{"embeddable":true,"href":"https:\/\/cosmeticstoredz.com\/ar\/wp-json\/wp\/v2\/comments?post=7351"}],"version-history":[{"count":1,"href":"https:\/\/cosmeticstoredz.com\/ar\/wp-json\/wp\/v2\/product\/7351\/revisions"}],"predecessor-version":[{"id":21689,"href":"https:\/\/cosmeticstoredz.com\/ar\/wp-json\/wp\/v2\/product\/7351\/revisions\/21689"}],"wp:featuredmedia":[{"embeddable":true,"href":"https:\/\/cosmeticstoredz.com\/ar\/wp-json\/wp\/v2\/media\/21688"}],"wp:attachment":[{"href":"https:\/\/cosmeticstoredz.com\/ar\/wp-json\/wp\/v2\/media?parent=7351"}],"wp:term":[{"taxonomy":"product_brand","embeddable":true,"href":"https:\/\/cosmeticstoredz.com\/ar\/wp-json\/wp\/v2\/product_brand?post=7351"},{"taxonomy":"product_cat","embeddable":true,"href":"https:\/\/cosmeticstoredz.com\/ar\/wp-json\/wp\/v2\/product_cat?post=7351"},{"taxonomy":"product_tag","embeddable":true,"href":"https:\/\/cosmeticstoredz.com\/ar\/wp-json\/wp\/v2\/product_tag?post=7351"}],"curies":[{"name":"wp","href":"https:\/\/api.w.org\/{rel}","templated":true}]}}