{"id":7349,"date":"2025-06-04T19:58:10","date_gmt":"2025-06-04T19:58:10","guid":{"rendered":"https:\/\/test.fitnessworldgym27.com\/?post_type=product&#038;p=7349"},"modified":"2026-03-30T19:27:59","modified_gmt":"2026-03-30T19:27:59","slug":"sunsilk-shp-180ml-reparaton-instantanee","status":"publish","type":"product","link":"https:\/\/cosmeticstoredz.com\/ar\/product\/sunsilk-shp-180ml-reparaton-instantanee\/","title":{"rendered":"SUNSILK SHP 180ML  REPARATON INSTANTANEE"},"content":{"rendered":"<h1>SUNSILK SHP 180ML REPARATON INSTANTANEE<\/h1>\n<p>Revitalisez vos cheveux ab\u00eem\u00e9s avec le shampooing Sunsilk R\u00e9paration Instantan\u00e9e. Sp\u00e9cialement formul\u00e9 pour r\u00e9parer et nourrir les cheveux secs et endommag\u00e9s, ce shampooing p\u00e9n\u00e8tre en profondeur pour offrir une r\u00e9paration visible d\u00e8s la premi\u00e8re utilisation<\/p>","protected":false},"excerpt":{"rendered":"<h1>SUNSILK SHP 180ML REPARATON INSTANTANEE<\/h1>\n<p>Revitalisez vos cheveux ab\u00eem\u00e9s avec le shampooing Sunsilk R\u00e9paration Instantan\u00e9e. Sp\u00e9cialement formul\u00e9 pour r\u00e9parer et nourrir les cheveux secs et endommag\u00e9s, ce shampooing p\u00e9n\u00e8tre en profondeur pour offrir une r\u00e9paration visible d\u00e8s la premi\u00e8re utilisation<\/p>","protected":false},"featured_media":21685,"comment_status":"open","ping_status":"closed","template":"","meta":[],"product_brand":[],"product_cat":[75,111,95,318],"product_tag":[90],"class_list":{"0":"post-7349","1":"product","2":"type-product","3":"status-publish","4":"has-post-thumbnail","6":"product_cat-femme","7":"product_cat-shampoing-f","8":"product_cat-soin-cheveux-f","9":"product_cat-sunsilk","10":"product_tag-made-in-algeria","12":"first","13":"instock","14":"shipping-taxable","15":"purchasable","16":"product-type-simple"},"_links":{"self":[{"href":"https:\/\/cosmeticstoredz.com\/ar\/wp-json\/wp\/v2\/product\/7349","targetHints":{"allow":["GET"]}}],"collection":[{"href":"https:\/\/cosmeticstoredz.com\/ar\/wp-json\/wp\/v2\/product"}],"about":[{"href":"https:\/\/cosmeticstoredz.com\/ar\/wp-json\/wp\/v2\/types\/product"}],"replies":[{"embeddable":true,"href":"https:\/\/cosmeticstoredz.com\/ar\/wp-json\/wp\/v2\/comments?post=7349"}],"version-history":[{"count":1,"href":"https:\/\/cosmeticstoredz.com\/ar\/wp-json\/wp\/v2\/product\/7349\/revisions"}],"predecessor-version":[{"id":21686,"href":"https:\/\/cosmeticstoredz.com\/ar\/wp-json\/wp\/v2\/product\/7349\/revisions\/21686"}],"wp:featuredmedia":[{"embeddable":true,"href":"https:\/\/cosmeticstoredz.com\/ar\/wp-json\/wp\/v2\/media\/21685"}],"wp:attachment":[{"href":"https:\/\/cosmeticstoredz.com\/ar\/wp-json\/wp\/v2\/media?parent=7349"}],"wp:term":[{"taxonomy":"product_brand","embeddable":true,"href":"https:\/\/cosmeticstoredz.com\/ar\/wp-json\/wp\/v2\/product_brand?post=7349"},{"taxonomy":"product_cat","embeddable":true,"href":"https:\/\/cosmeticstoredz.com\/ar\/wp-json\/wp\/v2\/product_cat?post=7349"},{"taxonomy":"product_tag","embeddable":true,"href":"https:\/\/cosmeticstoredz.com\/ar\/wp-json\/wp\/v2\/product_tag?post=7349"}],"curies":[{"name":"wp","href":"https:\/\/api.w.org\/{rel}","templated":true}]}}