{"id":732,"date":"2026-02-16T08:42:59","date_gmt":"2026-02-16T08:42:59","guid":{"rendered":"https:\/\/test.fitnessworldgym27.com\/?post_type=product&#038;p=732"},"modified":"2026-04-18T19:19:04","modified_gmt":"2026-04-18T19:19:04","slug":"abusaad-savon-musk-tahara","status":"publish","type":"product","link":"https:\/\/cosmeticstoredz.com\/ar\/product\/abusaad-savon-musk-tahara\/","title":{"rendered":"ABUSAAD SAVON MUSK TAHARA"},"content":{"rendered":"<p class=\"\" data-start=\"128\" data-end=\"162\"><strong data-start=\"128\" data-end=\"162\">Caract\u00e9ristiques principales :<\/strong><\/p>\n<ul data-start=\"164\" data-end=\"382\">\n<li class=\"\" data-start=\"164\" data-end=\"269\">\n<p class=\"\" data-start=\"166\" data-end=\"269\"><strong data-start=\"166\" data-end=\"187\">Parfum agr\u00e9able :<\/strong> <span class=\"relative -mx-px my-[-0.2rem] rounded-sm px-px py-[0.2rem]\">Le musc Tahara conf\u00e8re une senteur douce et durable \u00e0 la peau.<\/span>\u200b<\/p>\n<\/li>\n<li class=\"\" data-start=\"270\" data-end=\"382\">\n<p class=\"\" data-start=\"272\" data-end=\"382\"><strong data-start=\"272\" data-end=\"300\">Propri\u00e9t\u00e9s nettoyantes :<\/strong> <span class=\"relative -mx-px my-[-0.2rem] rounded-sm px-px py-[0.2rem]\">Ce savon nettoie en douceur la peau, \u00e9liminant les impuret\u00e9s tout en pr\u00e9servant son hydratation naturelle.<\/span>\u200b<\/p>\n<\/li>\n<\/ul>\n<p class=\"\" data-start=\"384\" data-end=\"412\"><strong data-start=\"384\" data-end=\"412\">Conseils d&rsquo;utilisation :<\/strong><\/p>\n<ol data-start=\"414\" data-end=\"827\">\n<li class=\"\" data-start=\"414\" data-end=\"516\">\n<p class=\"\" data-start=\"417\" data-end=\"516\"><strong data-start=\"417\" data-end=\"434\">Application :<\/strong> <span class=\"relative -mx-px my-[-0.2rem] rounded-sm px-px py-[0.2rem]\">Mouillez votre peau avec de l&rsquo;eau ti\u00e8de. Frottez le savon entre vos mains ou sur une \u00e9ponge pour cr\u00e9er une mousse l\u00e9g\u00e8re.<\/span>\u200b<\/p>\n<\/li>\n<li class=\"\" data-start=\"517\" data-end=\"619\">\n<p class=\"\" data-start=\"520\" data-end=\"619\"><strong data-start=\"520\" data-end=\"535\">Nettoyage :<\/strong> <span class=\"relative -mx-px my-[-0.2rem] rounded-sm px-px py-[0.2rem]\">Appliquez la mousse sur votre visage et votre corps en effectuant des mouvements circulaires.<\/span>\u200b<\/p>\n<\/li>\n<li class=\"\" data-start=\"620\" data-end=\"722\">\n<p class=\"\" data-start=\"623\" data-end=\"722\"><strong data-start=\"623\" data-end=\"636\">Rin\u00e7age :<\/strong> <span class=\"relative -mx-px my-[-0.2rem] rounded-sm px-px py-[0.2rem]\">Rincez abondamment \u00e0 l&rsquo;eau ti\u00e8de.<\/span>\u200b<\/p>\n<\/li>\n<li class=\"\" data-start=\"723\" data-end=\"827\">\n<p class=\"\" data-start=\"726\" data-end=\"827\"><strong data-start=\"726\" data-end=\"741\">Fr\u00e9quence :<\/strong> <span class=\"relative -mx-px my-[-0.2rem] rounded-sm px-px py-[0.2rem]\">Utilisez quotidiennement pour maintenir une peau propre et parfum\u00e9e.<\/span><\/p>\n<\/li>\n<\/ol>\n","protected":false},"excerpt":{"rendered":"<p>Le savon musc tahara de la marque Karamat Collection est un produit nettoyant solide de 125g. Aussi, il est totalement naturel et sans produit chimique. De m\u00eame, il est compos\u00e9 du musc tahara r\u00e9put\u00e9 pour \u00eatre un parfum purificateur frais et doux.<\/p>","protected":false},"featured_media":796,"comment_status":"open","ping_status":"closed","template":"","meta":[],"product_brand":[413],"product_cat":[87,102],"product_tag":[90],"class_list":{"0":"post-732","1":"product","2":"type-product","3":"status-publish","4":"has-post-thumbnail","6":"product_brand-abusaad","7":"product_cat-abusaad","8":"product_cat-savon","9":"product_tag-made-in-algeria","11":"first","12":"outofstock","13":"shipping-taxable","14":"purchasable","15":"product-type-simple"},"yoast_head":"<!-- This site is optimized with the Yoast SEO plugin v27.3 - https:\/\/yoast.com\/product\/yoast-seo-wordpress\/ -->\n<title>ABUSAAD SAVON MUSK TAHARA - Cosmetic Store<\/title>\n<meta name=\"robots\" content=\"index, follow, max-snippet:-1, max-image-preview:large, max-video-preview:-1\" \/>\n<link rel=\"canonical\" href=\"https:\/\/cosmeticstoredz.com\/ar\/product\/abusaad-savon-musk-tahara\/\" \/>\n<meta property=\"og:locale\" content=\"ar_AR\" \/>\n<meta property=\"og:type\" content=\"article\" \/>\n<meta property=\"og:title\" content=\"ABUSAAD SAVON MUSK TAHARA - Cosmetic Store\" \/>\n<meta property=\"og:description\" content=\"Le savon musc tahara de la marque Karamat Collection est un produit nettoyant solide de 125g. Aussi, il est totalement naturel et sans produit chimique. De m\u00eame, il est compos\u00e9 du musc tahara r\u00e9put\u00e9 pour \u00eatre un parfum purificateur frais et doux.\" \/>\n<meta property=\"og:url\" content=\"https:\/\/cosmeticstoredz.com\/ar\/product\/abusaad-savon-musk-tahara\/\" \/>\n<meta property=\"og:site_name\" content=\"Cosmetic Store\" \/>\n<meta property=\"article:publisher\" content=\"https:\/\/www.facebook.com\/profile.php?id=61564954260683\" \/>\n<meta property=\"article:modified_time\" content=\"2026-04-18T19:19:04+00:00\" \/>\n<meta property=\"og:image\" content=\"https:\/\/cosmeticstoredz.com\/wp-content\/uploads\/2026\/02\/Design-sans-titre-4.jpg\" \/>\n\t<meta property=\"og:image:width\" content=\"500\" \/>\n\t<meta property=\"og:image:height\" content=\"500\" \/>\n\t<meta property=\"og:image:type\" content=\"image\/jpeg\" \/>\n<meta name=\"twitter:card\" content=\"summary_large_image\" \/>\n<meta name=\"twitter:label1\" content=\"\u0648\u0642\u062a \u0627\u0644\u0642\u0631\u0627\u0621\u0629 \u0627\u0644\u0645\u064f\u0642\u062f\u0651\u0631\" \/>\n\t<meta name=\"twitter:data1\" content=\"\u062f\u0642\u064a\u0642\u0629 \u0648\u0627\u062d\u062f\u0629\" \/>\n<script type=\"application\/ld+json\" class=\"yoast-schema-graph\">{\"@context\":\"https:\\\/\\\/schema.org\",\"@graph\":[{\"@type\":\"WebPage\",\"@id\":\"https:\\\/\\\/cosmeticstoredz.com\\\/produit\\\/abusaad-savon-musk-tahara\\\/\",\"url\":\"https:\\\/\\\/cosmeticstoredz.com\\\/produit\\\/abusaad-savon-musk-tahara\\\/\",\"name\":\"ABUSAAD SAVON MUSK TAHARA - Cosmetic Store\",\"isPartOf\":{\"@id\":\"https:\\\/\\\/cosmeticstoredz.com\\\/#website\"},\"primaryImageOfPage\":{\"@id\":\"https:\\\/\\\/cosmeticstoredz.com\\\/produit\\\/abusaad-savon-musk-tahara\\\/#primaryimage\"},\"image\":{\"@id\":\"https:\\\/\\\/cosmeticstoredz.com\\\/produit\\\/abusaad-savon-musk-tahara\\\/#primaryimage\"},\"thumbnailUrl\":\"https:\\\/\\\/cosmeticstoredz.com\\\/wp-content\\\/uploads\\\/2026\\\/02\\\/Design-sans-titre-4.jpg\",\"datePublished\":\"2026-02-16T08:42:59+00:00\",\"dateModified\":\"2026-04-18T19:19:04+00:00\",\"breadcrumb\":{\"@id\":\"https:\\\/\\\/cosmeticstoredz.com\\\/produit\\\/abusaad-savon-musk-tahara\\\/#breadcrumb\"},\"inLanguage\":\"ar\",\"potentialAction\":[{\"@type\":\"ReadAction\",\"target\":[\"https:\\\/\\\/cosmeticstoredz.com\\\/produit\\\/abusaad-savon-musk-tahara\\\/\"]}]},{\"@type\":\"ImageObject\",\"inLanguage\":\"ar\",\"@id\":\"https:\\\/\\\/cosmeticstoredz.com\\\/produit\\\/abusaad-savon-musk-tahara\\\/#primaryimage\",\"url\":\"https:\\\/\\\/cosmeticstoredz.com\\\/wp-content\\\/uploads\\\/2026\\\/02\\\/Design-sans-titre-4.jpg\",\"contentUrl\":\"https:\\\/\\\/cosmeticstoredz.com\\\/wp-content\\\/uploads\\\/2026\\\/02\\\/Design-sans-titre-4.jpg\",\"width\":500,\"height\":500},{\"@type\":\"BreadcrumbList\",\"@id\":\"https:\\\/\\\/cosmeticstoredz.com\\\/produit\\\/abusaad-savon-musk-tahara\\\/#breadcrumb\",\"itemListElement\":[{\"@type\":\"ListItem\",\"position\":1,\"name\":\"Accueil\",\"item\":\"https:\\\/\\\/cosmeticstoredz.com\\\/\"},{\"@type\":\"ListItem\",\"position\":2,\"name\":\"Boutique\",\"item\":\"https:\\\/\\\/cosmeticstoredz.com\\\/boutique\\\/\"},{\"@type\":\"ListItem\",\"position\":3,\"name\":\"ABUSAAD SAVON MUSK TAHARA\"}]},{\"@type\":\"WebSite\",\"@id\":\"https:\\\/\\\/cosmeticstoredz.com\\\/#website\",\"url\":\"https:\\\/\\\/cosmeticstoredz.com\\\/\",\"name\":\"Cosmetic Store\",\"description\":\"\",\"publisher\":{\"@id\":\"https:\\\/\\\/cosmeticstoredz.com\\\/#organization\"},\"potentialAction\":[{\"@type\":\"SearchAction\",\"target\":{\"@type\":\"EntryPoint\",\"urlTemplate\":\"https:\\\/\\\/cosmeticstoredz.com\\\/?s={search_term_string}\"},\"query-input\":{\"@type\":\"PropertyValueSpecification\",\"valueRequired\":true,\"valueName\":\"search_term_string\"}}],\"inLanguage\":\"ar\"},{\"@type\":\"Organization\",\"@id\":\"https:\\\/\\\/cosmeticstoredz.com\\\/#organization\",\"name\":\"Cosmetic Store\",\"url\":\"https:\\\/\\\/cosmeticstoredz.com\\\/\",\"logo\":{\"@type\":\"ImageObject\",\"inLanguage\":\"ar\",\"@id\":\"https:\\\/\\\/cosmeticstoredz.com\\\/#\\\/schema\\\/logo\\\/image\\\/\",\"url\":\"https:\\\/\\\/cosmeticstoredz.com\\\/wp-content\\\/uploads\\\/2026\\\/02\\\/cropped-LOGO_CS-512x512-1-1-e1771275285345.webp\",\"contentUrl\":\"https:\\\/\\\/cosmeticstoredz.com\\\/wp-content\\\/uploads\\\/2026\\\/02\\\/cropped-LOGO_CS-512x512-1-1-e1771275285345.webp\",\"width\":265,\"height\":319,\"caption\":\"Cosmetic Store\"},\"image\":{\"@id\":\"https:\\\/\\\/cosmeticstoredz.com\\\/#\\\/schema\\\/logo\\\/image\\\/\"},\"sameAs\":[\"https:\\\/\\\/www.facebook.com\\\/profile.php?id=61564954260683\",\"https:\\\/\\\/www.instagram.com\\\/cosmetic.storedz\\\/\"]}]}<\/script>\n<!-- \/ Yoast SEO plugin. -->","yoast_head_json":{"title":"ABUSAAD SAVON MUSK TAHARA - Cosmetic Store","robots":{"index":"index","follow":"follow","max-snippet":"max-snippet:-1","max-image-preview":"max-image-preview:large","max-video-preview":"max-video-preview:-1"},"canonical":"https:\/\/cosmeticstoredz.com\/ar\/product\/abusaad-savon-musk-tahara\/","og_locale":"ar_AR","og_type":"article","og_title":"ABUSAAD SAVON MUSK TAHARA - Cosmetic Store","og_description":"Le savon musc tahara de la marque Karamat Collection est un produit nettoyant solide de 125g. Aussi, il est totalement naturel et sans produit chimique. De m\u00eame, il est compos\u00e9 du musc tahara r\u00e9put\u00e9 pour \u00eatre un parfum purificateur frais et doux.","og_url":"https:\/\/cosmeticstoredz.com\/ar\/product\/abusaad-savon-musk-tahara\/","og_site_name":"Cosmetic Store","article_publisher":"https:\/\/www.facebook.com\/profile.php?id=61564954260683","article_modified_time":"2026-04-18T19:19:04+00:00","og_image":[{"width":500,"height":500,"url":"https:\/\/cosmeticstoredz.com\/wp-content\/uploads\/2026\/02\/Design-sans-titre-4.jpg","type":"image\/jpeg"}],"twitter_card":"summary_large_image","twitter_misc":{"\u0648\u0642\u062a \u0627\u0644\u0642\u0631\u0627\u0621\u0629 \u0627\u0644\u0645\u064f\u0642\u062f\u0651\u0631":"\u062f\u0642\u064a\u0642\u0629 \u0648\u0627\u062d\u062f\u0629"},"schema":{"@context":"https:\/\/schema.org","@graph":[{"@type":"WebPage","@id":"https:\/\/cosmeticstoredz.com\/produit\/abusaad-savon-musk-tahara\/","url":"https:\/\/cosmeticstoredz.com\/produit\/abusaad-savon-musk-tahara\/","name":"ABUSAAD SAVON MUSK TAHARA - Cosmetic Store","isPartOf":{"@id":"https:\/\/cosmeticstoredz.com\/#website"},"primaryImageOfPage":{"@id":"https:\/\/cosmeticstoredz.com\/produit\/abusaad-savon-musk-tahara\/#primaryimage"},"image":{"@id":"https:\/\/cosmeticstoredz.com\/produit\/abusaad-savon-musk-tahara\/#primaryimage"},"thumbnailUrl":"https:\/\/cosmeticstoredz.com\/wp-content\/uploads\/2026\/02\/Design-sans-titre-4.jpg","datePublished":"2026-02-16T08:42:59+00:00","dateModified":"2026-04-18T19:19:04+00:00","breadcrumb":{"@id":"https:\/\/cosmeticstoredz.com\/produit\/abusaad-savon-musk-tahara\/#breadcrumb"},"inLanguage":"ar","potentialAction":[{"@type":"ReadAction","target":["https:\/\/cosmeticstoredz.com\/produit\/abusaad-savon-musk-tahara\/"]}]},{"@type":"ImageObject","inLanguage":"ar","@id":"https:\/\/cosmeticstoredz.com\/produit\/abusaad-savon-musk-tahara\/#primaryimage","url":"https:\/\/cosmeticstoredz.com\/wp-content\/uploads\/2026\/02\/Design-sans-titre-4.jpg","contentUrl":"https:\/\/cosmeticstoredz.com\/wp-content\/uploads\/2026\/02\/Design-sans-titre-4.jpg","width":500,"height":500},{"@type":"BreadcrumbList","@id":"https:\/\/cosmeticstoredz.com\/produit\/abusaad-savon-musk-tahara\/#breadcrumb","itemListElement":[{"@type":"ListItem","position":1,"name":"Accueil","item":"https:\/\/cosmeticstoredz.com\/"},{"@type":"ListItem","position":2,"name":"Boutique","item":"https:\/\/cosmeticstoredz.com\/boutique\/"},{"@type":"ListItem","position":3,"name":"ABUSAAD SAVON MUSK TAHARA"}]},{"@type":"WebSite","@id":"https:\/\/cosmeticstoredz.com\/#website","url":"https:\/\/cosmeticstoredz.com\/","name":"Cosmetic Store","description":"","publisher":{"@id":"https:\/\/cosmeticstoredz.com\/#organization"},"potentialAction":[{"@type":"SearchAction","target":{"@type":"EntryPoint","urlTemplate":"https:\/\/cosmeticstoredz.com\/?s={search_term_string}"},"query-input":{"@type":"PropertyValueSpecification","valueRequired":true,"valueName":"search_term_string"}}],"inLanguage":"ar"},{"@type":"Organization","@id":"https:\/\/cosmeticstoredz.com\/#organization","name":"Cosmetic Store","url":"https:\/\/cosmeticstoredz.com\/","logo":{"@type":"ImageObject","inLanguage":"ar","@id":"https:\/\/cosmeticstoredz.com\/#\/schema\/logo\/image\/","url":"https:\/\/cosmeticstoredz.com\/wp-content\/uploads\/2026\/02\/cropped-LOGO_CS-512x512-1-1-e1771275285345.webp","contentUrl":"https:\/\/cosmeticstoredz.com\/wp-content\/uploads\/2026\/02\/cropped-LOGO_CS-512x512-1-1-e1771275285345.webp","width":265,"height":319,"caption":"Cosmetic Store"},"image":{"@id":"https:\/\/cosmeticstoredz.com\/#\/schema\/logo\/image\/"},"sameAs":["https:\/\/www.facebook.com\/profile.php?id=61564954260683","https:\/\/www.instagram.com\/cosmetic.storedz\/"]}]}},"_links":{"self":[{"href":"https:\/\/cosmeticstoredz.com\/ar\/wp-json\/wp\/v2\/product\/732","targetHints":{"allow":["GET"]}}],"collection":[{"href":"https:\/\/cosmeticstoredz.com\/ar\/wp-json\/wp\/v2\/product"}],"about":[{"href":"https:\/\/cosmeticstoredz.com\/ar\/wp-json\/wp\/v2\/types\/product"}],"replies":[{"embeddable":true,"href":"https:\/\/cosmeticstoredz.com\/ar\/wp-json\/wp\/v2\/comments?post=732"}],"version-history":[{"count":1,"href":"https:\/\/cosmeticstoredz.com\/ar\/wp-json\/wp\/v2\/product\/732\/revisions"}],"predecessor-version":[{"id":797,"href":"https:\/\/cosmeticstoredz.com\/ar\/wp-json\/wp\/v2\/product\/732\/revisions\/797"}],"wp:featuredmedia":[{"embeddable":true,"href":"https:\/\/cosmeticstoredz.com\/ar\/wp-json\/wp\/v2\/media\/796"}],"wp:attachment":[{"href":"https:\/\/cosmeticstoredz.com\/ar\/wp-json\/wp\/v2\/media?parent=732"}],"wp:term":[{"taxonomy":"product_brand","embeddable":true,"href":"https:\/\/cosmeticstoredz.com\/ar\/wp-json\/wp\/v2\/product_brand?post=732"},{"taxonomy":"product_cat","embeddable":true,"href":"https:\/\/cosmeticstoredz.com\/ar\/wp-json\/wp\/v2\/product_cat?post=732"},{"taxonomy":"product_tag","embeddable":true,"href":"https:\/\/cosmeticstoredz.com\/ar\/wp-json\/wp\/v2\/product_tag?post=732"}],"curies":[{"name":"wp","href":"https:\/\/api.w.org\/{rel}","templated":true}]}}