{"id":7312,"date":"2025-06-04T19:57:53","date_gmt":"2025-06-04T19:57:53","guid":{"rendered":"https:\/\/test.fitnessworldgym27.com\/?post_type=product&#038;p=7312"},"modified":"2026-03-30T19:27:58","modified_gmt":"2026-03-30T19:27:58","slug":"sunsilk-a-shp-180ml-chvx-noir","status":"publish","type":"product","link":"https:\/\/cosmeticstoredz.com\/ar\/product\/sunsilk-a-shp-180ml-chvx-noir\/","title":{"rendered":"SUNSILK A\/SHP 180ML CHVX NOIR"},"content":{"rendered":"<h1 class=\"title h1 mb-2\">Shampooing Shine Noir Sunsilk, 180 ml<\/h1>\n<p>Obtenez une brillance \u00e9clatante et une chevelure splendide avec le shampooing Sunsilk Shine Noir Superbe. Formul\u00e9 pour r\u00e9v\u00e9ler l&rsquo;\u00e9clat naturel de vos cheveux, ce shampooing enrichi en ingr\u00e9dients sp\u00e9cifiques procure une brillance intense et un noir profond<\/p>","protected":false},"excerpt":{"rendered":"<p>Obtenez une brillance \u00e9clatante et une chevelure splendide avec le shampooing Sunsilk Shine Noir Superbe. Formul\u00e9 pour r\u00e9v\u00e9ler l&rsquo;\u00e9clat naturel de vos cheveux, ce shampooing enrichi en ingr\u00e9dients sp\u00e9cifiques procure une brillance intense et un noir profond<\/p>","protected":false},"featured_media":21673,"comment_status":"open","ping_status":"closed","template":"","meta":[],"product_brand":[],"product_cat":[75,111,95,318],"product_tag":[90],"class_list":{"0":"post-7312","1":"product","2":"type-product","3":"status-publish","4":"has-post-thumbnail","6":"product_cat-femme","7":"product_cat-shampoing-f","8":"product_cat-soin-cheveux-f","9":"product_cat-sunsilk","10":"product_tag-made-in-algeria","12":"first","13":"instock","14":"shipping-taxable","15":"purchasable","16":"product-type-simple"},"_links":{"self":[{"href":"https:\/\/cosmeticstoredz.com\/ar\/wp-json\/wp\/v2\/product\/7312","targetHints":{"allow":["GET"]}}],"collection":[{"href":"https:\/\/cosmeticstoredz.com\/ar\/wp-json\/wp\/v2\/product"}],"about":[{"href":"https:\/\/cosmeticstoredz.com\/ar\/wp-json\/wp\/v2\/types\/product"}],"replies":[{"embeddable":true,"href":"https:\/\/cosmeticstoredz.com\/ar\/wp-json\/wp\/v2\/comments?post=7312"}],"version-history":[{"count":1,"href":"https:\/\/cosmeticstoredz.com\/ar\/wp-json\/wp\/v2\/product\/7312\/revisions"}],"predecessor-version":[{"id":21674,"href":"https:\/\/cosmeticstoredz.com\/ar\/wp-json\/wp\/v2\/product\/7312\/revisions\/21674"}],"wp:featuredmedia":[{"embeddable":true,"href":"https:\/\/cosmeticstoredz.com\/ar\/wp-json\/wp\/v2\/media\/21673"}],"wp:attachment":[{"href":"https:\/\/cosmeticstoredz.com\/ar\/wp-json\/wp\/v2\/media?parent=7312"}],"wp:term":[{"taxonomy":"product_brand","embeddable":true,"href":"https:\/\/cosmeticstoredz.com\/ar\/wp-json\/wp\/v2\/product_brand?post=7312"},{"taxonomy":"product_cat","embeddable":true,"href":"https:\/\/cosmeticstoredz.com\/ar\/wp-json\/wp\/v2\/product_cat?post=7312"},{"taxonomy":"product_tag","embeddable":true,"href":"https:\/\/cosmeticstoredz.com\/ar\/wp-json\/wp\/v2\/product_tag?post=7312"}],"curies":[{"name":"wp","href":"https:\/\/api.w.org\/{rel}","templated":true}]}}