{"id":7310,"date":"2025-06-04T19:57:53","date_gmt":"2025-06-04T19:57:53","guid":{"rendered":"https:\/\/test.fitnessworldgym27.com\/?post_type=product&#038;p=7310"},"modified":"2026-04-27T15:53:09","modified_gmt":"2026-04-27T15:53:09","slug":"st-ives-gommage-visage-coconut-coffee","status":"publish","type":"product","link":"https:\/\/cosmeticstoredz.com\/ar\/product\/st-ives-gommage-visage-coconut-coffee\/","title":{"rendered":"ST IVES GOMMAGE VISAGE COCONUT &#038; COFFEE"},"content":{"rendered":"<h3>ST IVES gommage visage au caf\u00e9 et \u00e0 la noix de coco<\/h3>\n<p>Dynamisez votre peau terne et fatigu\u00e9e gr\u00e2ce \u00e0 l&rsquo;odeur de caf\u00e9 frais et \u00e0 la poudre de coquille de noix 100% naturelle et exfoliante dans cet exfoliant pour le visage<\/p>\n<div class=\"h-bg-grayLightest h-margin-v-default h-padding-t-default\">\n<div id=\"product-details-tabs\" class=\"h-margin-l-default\">\n<div id=\"tabContent-tab-Details\">\n<div class=\"styles__TabContainer-sc-10lpfph-1 deRbYG\">\n<div class=\"h-margin-b-default\">\n<div class=\"ExpandableContent__Content-sc-7phng8-0 kucJgg\">\n<div class=\"h-margin-v-default Row-uds8za-0 gnKDVb\">\n<div class=\"Col-favj32-0 hebxLc\">\n<div class=\"h-bg-white h-padding-a-tiny h-margin-h-default styles__FullHeightDiv-sc-1abi2x5-1 iMTyAj\">\n<h3 class=\"h-text-bs h-margin-t-default h-margin-l-default\">Points forts<\/h3>\n<div class=\"Row-uds8za-0 hhqEPc\">\n<div class=\"h-padding-t-tight h-padding-r-default Col-favj32-0 gVpLZV\">\n<ul>\n<li class=\"styles__Bullet-sc-10lpfph-12 hkSKnk\">Notre tout nouveau gommage visage au caf\u00e9 et \u00e0 la noix de coco nettoie en profondeur les pores et exfolie pour une peau nette, lisse et \u00e9clatante.\u00a0R\u00e9veillez vos sens avec l&rsquo;odeur \u00e9tonnante du gommage visage au caf\u00e9 et \u00e0 la noix de coco.<\/li>\n<\/ul>\n<\/div>\n<div class=\"h-padding-t-tight h-padding-r-default Col-favj32-0 gVpLZV\">\n<ul>\n<li class=\"styles__Bullet-sc-10lpfph-12 hkSKnk\">Fabriqu\u00e9 avec des exfoliants 100% naturels<\/li>\n<\/ul>\n<\/div>\n<div class=\"h-padding-t-tight h-padding-r-default Col-favj32-0 gVpLZV\">\n<ul>\n<li class=\"styles__Bullet-sc-10lpfph-12 hkSKnk\">Nous utilisons de d\u00e9licieuses noix de coco cultiv\u00e9es dans des destinations ensoleill\u00e9es telles que les Philippines.<\/li>\n<\/ul>\n<\/div>\n<div class=\"h-padding-t-tight h-padding-r-default Col-favj32-0 gVpLZV\">\n<ul>\n<li class=\"styles__Bullet-sc-10lpfph-12 hkSKnk\">Chaque poup\u00e9e fournit un facteur d&rsquo;exfoliation \u00e9lev\u00e9 pour une peau fra\u00eeche et \u00e9clatante<\/li>\n<\/ul>\n<\/div>\n<div class=\"h-padding-t-tight h-padding-r-default Col-favj32-0 gVpLZV\">\n<ul>\n<li class=\"styles__Bullet-sc-10lpfph-12 hkSKnk\">Nos gommages sont test\u00e9s sous contr\u00f4le dermatologique, sans paraben, non com\u00e9dog\u00e8nes (ne tendent pas \u00e0 obstruer les pores) et certifi\u00e9s sans cruaut\u00e9 par PETA.<\/li>\n<\/ul>\n<\/div>\n<div class=\"h-padding-t-tight h-padding-r-default Col-favj32-0 gVpLZV\">\n<ul>\n<li class=\"styles__Bullet-sc-10lpfph-12 hkSKnk\">Rappelez-vous toujours la racine des cheveux et les c\u00f4t\u00e9s du nez lorsque vous frottez<\/li>\n<\/ul>\n<\/div>\n<\/div>\n<\/div>\n<\/div>\n<\/div>\n<div id=\"specAndDescript\" class=\"h-bg-white h-margin-a-default h-padding-h-tiny h-padding-v-default\">\n<div class=\"Row-uds8za-0 gnKDVb\">\n<div class=\"h-padding-h-default Col-favj32-0 hebxLc\">\n<h3 class=\"h-text-bs h-margin-b-default\">MODE D&rsquo;EMPLOIE:<\/h3>\n<p>1. Appliquez une noisette de gommage \u00e9nergisant visage \u00e0 la noix de coco et au caf\u00e9 sur le bout de vos doigts et massez sur une peau humide.<\/p>\n<p>2. \u00c9talez par petits mouvements circulaires en appliquant une l\u00e9g\u00e8re pression pour r\u00e9veiller la circulation naturelle de votre peau.<\/p>\n<p>3. Travaillez partout, jusqu&rsquo;\u00e0 la racine des cheveux et sur les c\u00f4t\u00e9s du nez.<\/p>\n<p>4. Lorsque vous avez termin\u00e9, rincez et s\u00e9chez avec une serviette propre.<\/p>\n<p>5. Utilisez 3 \u00e0 4 fois par semaine (selon la peau) pour obtenir les meilleurs r\u00e9sultats.<\/p>\n<\/div>\n<\/div>\n<\/div>\n<\/div>\n<\/div>\n<\/div>\n<\/div>\n<\/div>\n<\/div>","protected":false},"excerpt":{"rendered":"<p>ST IVES gommage visage au caf\u00e9 et \u00e0 la noix de coco Dynamisez votre peau terne et fatigu\u00e9e gr\u00e2ce \u00e0<\/p>","protected":false},"featured_media":21669,"comment_status":"open","ping_status":"closed","template":"","meta":[],"product_brand":[],"product_cat":[75,155,260],"product_tag":[232],"class_list":{"0":"post-7310","1":"product","2":"type-product","3":"status-publish","4":"has-post-thumbnail","6":"product_cat-femme","7":"product_cat-masque","8":"product_cat-st-ives","9":"product_tag-made-in-usa","11":"first","12":"outofstock","13":"shipping-taxable","14":"purchasable","15":"product-type-simple"},"yoast_head":"<!-- This site is optimized with the Yoast SEO plugin v27.3 - https:\/\/yoast.com\/product\/yoast-seo-wordpress\/ -->\n<title>ST IVES GOMMAGE VISAGE COCONUT &amp; COFFEE - Cosmetic Store<\/title>\n<meta name=\"robots\" content=\"index, follow, max-snippet:-1, max-image-preview:large, max-video-preview:-1\" \/>\n<link rel=\"canonical\" href=\"https:\/\/cosmeticstoredz.com\/ar\/product\/st-ives-gommage-visage-coconut-coffee\/\" \/>\n<meta property=\"og:locale\" content=\"ar_AR\" \/>\n<meta property=\"og:type\" content=\"article\" \/>\n<meta property=\"og:title\" content=\"ST IVES GOMMAGE VISAGE COCONUT &amp; COFFEE - Cosmetic Store\" \/>\n<meta property=\"og:description\" content=\"ST IVES gommage visage au caf\u00e9 et \u00e0 la noix de coco Dynamisez votre peau terne et fatigu\u00e9e gr\u00e2ce \u00e0\" \/>\n<meta property=\"og:url\" content=\"https:\/\/cosmeticstoredz.com\/ar\/product\/st-ives-gommage-visage-coconut-coffee\/\" \/>\n<meta property=\"og:site_name\" content=\"Cosmetic Store\" \/>\n<meta property=\"article:publisher\" content=\"https:\/\/www.facebook.com\/profile.php?id=61564954260683\" \/>\n<meta property=\"article:modified_time\" content=\"2026-04-27T15:53:09+00:00\" \/>\n<meta property=\"og:image\" content=\"https:\/\/cosmeticstoredz.com\/wp-content\/uploads\/2026\/02\/CC-8-10.png\" \/>\n\t<meta property=\"og:image:width\" content=\"500\" \/>\n\t<meta property=\"og:image:height\" content=\"500\" \/>\n\t<meta property=\"og:image:type\" content=\"image\/png\" \/>\n<meta name=\"twitter:card\" content=\"summary_large_image\" \/>\n<meta name=\"twitter:label1\" content=\"\u0648\u0642\u062a \u0627\u0644\u0642\u0631\u0627\u0621\u0629 \u0627\u0644\u0645\u064f\u0642\u062f\u0651\u0631\" \/>\n\t<meta name=\"twitter:data1\" content=\"\u062f\u0642\u064a\u0642\u0629 \u0648\u0627\u062d\u062f\u0629\" \/>\n<script type=\"application\/ld+json\" class=\"yoast-schema-graph\">{\"@context\":\"https:\\\/\\\/schema.org\",\"@graph\":[{\"@type\":\"WebPage\",\"@id\":\"https:\\\/\\\/cosmeticstoredz.com\\\/produit\\\/st-ives-gommage-visage-coconut-coffee\\\/\",\"url\":\"https:\\\/\\\/cosmeticstoredz.com\\\/produit\\\/st-ives-gommage-visage-coconut-coffee\\\/\",\"name\":\"ST IVES GOMMAGE VISAGE COCONUT & COFFEE - Cosmetic Store\",\"isPartOf\":{\"@id\":\"https:\\\/\\\/cosmeticstoredz.com\\\/#website\"},\"primaryImageOfPage\":{\"@id\":\"https:\\\/\\\/cosmeticstoredz.com\\\/produit\\\/st-ives-gommage-visage-coconut-coffee\\\/#primaryimage\"},\"image\":{\"@id\":\"https:\\\/\\\/cosmeticstoredz.com\\\/produit\\\/st-ives-gommage-visage-coconut-coffee\\\/#primaryimage\"},\"thumbnailUrl\":\"https:\\\/\\\/cosmeticstoredz.com\\\/wp-content\\\/uploads\\\/2026\\\/02\\\/CC-8-10.png\",\"datePublished\":\"2025-06-04T19:57:53+00:00\",\"dateModified\":\"2026-04-27T15:53:09+00:00\",\"breadcrumb\":{\"@id\":\"https:\\\/\\\/cosmeticstoredz.com\\\/produit\\\/st-ives-gommage-visage-coconut-coffee\\\/#breadcrumb\"},\"inLanguage\":\"ar\",\"potentialAction\":[{\"@type\":\"ReadAction\",\"target\":[\"https:\\\/\\\/cosmeticstoredz.com\\\/produit\\\/st-ives-gommage-visage-coconut-coffee\\\/\"]}]},{\"@type\":\"ImageObject\",\"inLanguage\":\"ar\",\"@id\":\"https:\\\/\\\/cosmeticstoredz.com\\\/produit\\\/st-ives-gommage-visage-coconut-coffee\\\/#primaryimage\",\"url\":\"https:\\\/\\\/cosmeticstoredz.com\\\/wp-content\\\/uploads\\\/2026\\\/02\\\/CC-8-10.png\",\"contentUrl\":\"https:\\\/\\\/cosmeticstoredz.com\\\/wp-content\\\/uploads\\\/2026\\\/02\\\/CC-8-10.png\",\"width\":500,\"height\":500},{\"@type\":\"BreadcrumbList\",\"@id\":\"https:\\\/\\\/cosmeticstoredz.com\\\/produit\\\/st-ives-gommage-visage-coconut-coffee\\\/#breadcrumb\",\"itemListElement\":[{\"@type\":\"ListItem\",\"position\":1,\"name\":\"Accueil\",\"item\":\"https:\\\/\\\/cosmeticstoredz.com\\\/\"},{\"@type\":\"ListItem\",\"position\":2,\"name\":\"Boutique\",\"item\":\"https:\\\/\\\/cosmeticstoredz.com\\\/boutique\\\/\"},{\"@type\":\"ListItem\",\"position\":3,\"name\":\"ST IVES GOMMAGE VISAGE COCONUT &#038; COFFEE\"}]},{\"@type\":\"WebSite\",\"@id\":\"https:\\\/\\\/cosmeticstoredz.com\\\/#website\",\"url\":\"https:\\\/\\\/cosmeticstoredz.com\\\/\",\"name\":\"Cosmetic Store\",\"description\":\"\",\"publisher\":{\"@id\":\"https:\\\/\\\/cosmeticstoredz.com\\\/#organization\"},\"potentialAction\":[{\"@type\":\"SearchAction\",\"target\":{\"@type\":\"EntryPoint\",\"urlTemplate\":\"https:\\\/\\\/cosmeticstoredz.com\\\/?s={search_term_string}\"},\"query-input\":{\"@type\":\"PropertyValueSpecification\",\"valueRequired\":true,\"valueName\":\"search_term_string\"}}],\"inLanguage\":\"ar\"},{\"@type\":\"Organization\",\"@id\":\"https:\\\/\\\/cosmeticstoredz.com\\\/#organization\",\"name\":\"Cosmetic Store\",\"url\":\"https:\\\/\\\/cosmeticstoredz.com\\\/\",\"logo\":{\"@type\":\"ImageObject\",\"inLanguage\":\"ar\",\"@id\":\"https:\\\/\\\/cosmeticstoredz.com\\\/#\\\/schema\\\/logo\\\/image\\\/\",\"url\":\"https:\\\/\\\/cosmeticstoredz.com\\\/wp-content\\\/uploads\\\/2026\\\/02\\\/cropped-LOGO_CS-512x512-1-1-e1771275285345.webp\",\"contentUrl\":\"https:\\\/\\\/cosmeticstoredz.com\\\/wp-content\\\/uploads\\\/2026\\\/02\\\/cropped-LOGO_CS-512x512-1-1-e1771275285345.webp\",\"width\":265,\"height\":319,\"caption\":\"Cosmetic Store\"},\"image\":{\"@id\":\"https:\\\/\\\/cosmeticstoredz.com\\\/#\\\/schema\\\/logo\\\/image\\\/\"},\"sameAs\":[\"https:\\\/\\\/www.facebook.com\\\/profile.php?id=61564954260683\",\"https:\\\/\\\/www.instagram.com\\\/cosmetic.storedz\\\/\"]}]}<\/script>\n<!-- \/ Yoast SEO plugin. -->","yoast_head_json":{"title":"ST IVES GOMMAGE VISAGE COCONUT & COFFEE - Cosmetic Store","robots":{"index":"index","follow":"follow","max-snippet":"max-snippet:-1","max-image-preview":"max-image-preview:large","max-video-preview":"max-video-preview:-1"},"canonical":"https:\/\/cosmeticstoredz.com\/ar\/product\/st-ives-gommage-visage-coconut-coffee\/","og_locale":"ar_AR","og_type":"article","og_title":"ST IVES GOMMAGE VISAGE COCONUT & COFFEE - Cosmetic Store","og_description":"ST IVES gommage visage au caf\u00e9 et \u00e0 la noix de coco Dynamisez votre peau terne et fatigu\u00e9e gr\u00e2ce \u00e0","og_url":"https:\/\/cosmeticstoredz.com\/ar\/product\/st-ives-gommage-visage-coconut-coffee\/","og_site_name":"Cosmetic Store","article_publisher":"https:\/\/www.facebook.com\/profile.php?id=61564954260683","article_modified_time":"2026-04-27T15:53:09+00:00","og_image":[{"width":500,"height":500,"url":"https:\/\/cosmeticstoredz.com\/wp-content\/uploads\/2026\/02\/CC-8-10.png","type":"image\/png"}],"twitter_card":"summary_large_image","twitter_misc":{"\u0648\u0642\u062a \u0627\u0644\u0642\u0631\u0627\u0621\u0629 \u0627\u0644\u0645\u064f\u0642\u062f\u0651\u0631":"\u062f\u0642\u064a\u0642\u0629 \u0648\u0627\u062d\u062f\u0629"},"schema":{"@context":"https:\/\/schema.org","@graph":[{"@type":"WebPage","@id":"https:\/\/cosmeticstoredz.com\/produit\/st-ives-gommage-visage-coconut-coffee\/","url":"https:\/\/cosmeticstoredz.com\/produit\/st-ives-gommage-visage-coconut-coffee\/","name":"ST IVES GOMMAGE VISAGE COCONUT & COFFEE - Cosmetic Store","isPartOf":{"@id":"https:\/\/cosmeticstoredz.com\/#website"},"primaryImageOfPage":{"@id":"https:\/\/cosmeticstoredz.com\/produit\/st-ives-gommage-visage-coconut-coffee\/#primaryimage"},"image":{"@id":"https:\/\/cosmeticstoredz.com\/produit\/st-ives-gommage-visage-coconut-coffee\/#primaryimage"},"thumbnailUrl":"https:\/\/cosmeticstoredz.com\/wp-content\/uploads\/2026\/02\/CC-8-10.png","datePublished":"2025-06-04T19:57:53+00:00","dateModified":"2026-04-27T15:53:09+00:00","breadcrumb":{"@id":"https:\/\/cosmeticstoredz.com\/produit\/st-ives-gommage-visage-coconut-coffee\/#breadcrumb"},"inLanguage":"ar","potentialAction":[{"@type":"ReadAction","target":["https:\/\/cosmeticstoredz.com\/produit\/st-ives-gommage-visage-coconut-coffee\/"]}]},{"@type":"ImageObject","inLanguage":"ar","@id":"https:\/\/cosmeticstoredz.com\/produit\/st-ives-gommage-visage-coconut-coffee\/#primaryimage","url":"https:\/\/cosmeticstoredz.com\/wp-content\/uploads\/2026\/02\/CC-8-10.png","contentUrl":"https:\/\/cosmeticstoredz.com\/wp-content\/uploads\/2026\/02\/CC-8-10.png","width":500,"height":500},{"@type":"BreadcrumbList","@id":"https:\/\/cosmeticstoredz.com\/produit\/st-ives-gommage-visage-coconut-coffee\/#breadcrumb","itemListElement":[{"@type":"ListItem","position":1,"name":"Accueil","item":"https:\/\/cosmeticstoredz.com\/"},{"@type":"ListItem","position":2,"name":"Boutique","item":"https:\/\/cosmeticstoredz.com\/boutique\/"},{"@type":"ListItem","position":3,"name":"ST IVES GOMMAGE VISAGE COCONUT &#038; COFFEE"}]},{"@type":"WebSite","@id":"https:\/\/cosmeticstoredz.com\/#website","url":"https:\/\/cosmeticstoredz.com\/","name":"Cosmetic Store","description":"","publisher":{"@id":"https:\/\/cosmeticstoredz.com\/#organization"},"potentialAction":[{"@type":"SearchAction","target":{"@type":"EntryPoint","urlTemplate":"https:\/\/cosmeticstoredz.com\/?s={search_term_string}"},"query-input":{"@type":"PropertyValueSpecification","valueRequired":true,"valueName":"search_term_string"}}],"inLanguage":"ar"},{"@type":"Organization","@id":"https:\/\/cosmeticstoredz.com\/#organization","name":"Cosmetic Store","url":"https:\/\/cosmeticstoredz.com\/","logo":{"@type":"ImageObject","inLanguage":"ar","@id":"https:\/\/cosmeticstoredz.com\/#\/schema\/logo\/image\/","url":"https:\/\/cosmeticstoredz.com\/wp-content\/uploads\/2026\/02\/cropped-LOGO_CS-512x512-1-1-e1771275285345.webp","contentUrl":"https:\/\/cosmeticstoredz.com\/wp-content\/uploads\/2026\/02\/cropped-LOGO_CS-512x512-1-1-e1771275285345.webp","width":265,"height":319,"caption":"Cosmetic Store"},"image":{"@id":"https:\/\/cosmeticstoredz.com\/#\/schema\/logo\/image\/"},"sameAs":["https:\/\/www.facebook.com\/profile.php?id=61564954260683","https:\/\/www.instagram.com\/cosmetic.storedz\/"]}]}},"_links":{"self":[{"href":"https:\/\/cosmeticstoredz.com\/ar\/wp-json\/wp\/v2\/product\/7310","targetHints":{"allow":["GET"]}}],"collection":[{"href":"https:\/\/cosmeticstoredz.com\/ar\/wp-json\/wp\/v2\/product"}],"about":[{"href":"https:\/\/cosmeticstoredz.com\/ar\/wp-json\/wp\/v2\/types\/product"}],"replies":[{"embeddable":true,"href":"https:\/\/cosmeticstoredz.com\/ar\/wp-json\/wp\/v2\/comments?post=7310"}],"version-history":[{"count":1,"href":"https:\/\/cosmeticstoredz.com\/ar\/wp-json\/wp\/v2\/product\/7310\/revisions"}],"predecessor-version":[{"id":21670,"href":"https:\/\/cosmeticstoredz.com\/ar\/wp-json\/wp\/v2\/product\/7310\/revisions\/21670"}],"wp:featuredmedia":[{"embeddable":true,"href":"https:\/\/cosmeticstoredz.com\/ar\/wp-json\/wp\/v2\/media\/21669"}],"wp:attachment":[{"href":"https:\/\/cosmeticstoredz.com\/ar\/wp-json\/wp\/v2\/media?parent=7310"}],"wp:term":[{"taxonomy":"product_brand","embeddable":true,"href":"https:\/\/cosmeticstoredz.com\/ar\/wp-json\/wp\/v2\/product_brand?post=7310"},{"taxonomy":"product_cat","embeddable":true,"href":"https:\/\/cosmeticstoredz.com\/ar\/wp-json\/wp\/v2\/product_cat?post=7310"},{"taxonomy":"product_tag","embeddable":true,"href":"https:\/\/cosmeticstoredz.com\/ar\/wp-json\/wp\/v2\/product_tag?post=7310"}],"curies":[{"name":"wp","href":"https:\/\/api.w.org\/{rel}","templated":true}]}}