{"id":731,"date":"2026-02-16T08:42:59","date_gmt":"2026-02-16T08:42:59","guid":{"rendered":"https:\/\/test.fitnessworldgym27.com\/?post_type=product&#038;p=731"},"modified":"2026-04-24T15:44:42","modified_gmt":"2026-04-24T15:44:42","slug":"abusaad-savon-au-lait-de-chevre","status":"publish","type":"product","link":"https:\/\/cosmeticstoredz.com\/ar\/product\/abusaad-savon-au-lait-de-chevre\/","title":{"rendered":"ABUSAAD SAVON AU LAIT DE CHEVRE"},"content":{"rendered":"<blockquote>\n<p class=\"\" data-start=\"166\" data-end=\"200\"><strong data-start=\"166\" data-end=\"200\">Caract\u00e9ristiques principales :<\/strong><\/p>\n<ul data-start=\"202\" data-end=\"444\">\n<li class=\"\" data-start=\"202\" data-end=\"319\">\n<p class=\"\" data-start=\"204\" data-end=\"319\"><strong data-start=\"204\" data-end=\"237\">Hydratation et r\u00e9g\u00e9n\u00e9ration :<\/strong> <span class=\"relative -mx-px my-[-0.2rem] rounded-sm px-px py-[0.2rem]\">Le lait de ch\u00e8vre est riche en vitamines et min\u00e9raux qui nourrissent la peau en profondeur.<\/span>\u200b<\/p>\n<\/li>\n<li class=\"\" data-start=\"321\" data-end=\"444\">\n<p class=\"\" data-start=\"323\" data-end=\"444\"><strong data-start=\"323\" data-end=\"362\">Convient \u00e0 tous les types de peau :<\/strong> <span class=\"relative -mx-px my-[-0.2rem] rounded-sm px-px py-[0.2rem]\">Id\u00e9al pour les peaux sensibles, il aide \u00e0 maintenir l&rsquo;\u00e9lasticit\u00e9 de la peau tout en apaisant les irritations.<\/span>\u200b<\/p>\n<\/li>\n<\/ul>\n<p class=\"\" data-start=\"446\" data-end=\"474\"><strong data-start=\"446\" data-end=\"474\">Conseils d&rsquo;utilisation :<\/strong><\/p>\n<ol data-start=\"476\" data-end=\"916\">\n<li class=\"\" data-start=\"476\" data-end=\"560\">\n<p class=\"\" data-start=\"479\" data-end=\"560\"><span class=\"relative -mx-px my-[-0.2rem] rounded-sm px-px py-[0.2rem]\">Mouillez votre peau avec de l&rsquo;eau ti\u00e8de.<\/span>\u200b<\/p>\n<\/li>\n<li class=\"\" data-start=\"561\" data-end=\"649\">\n<p class=\"\" data-start=\"564\" data-end=\"649\"><span class=\"relative -mx-px my-[-0.2rem] rounded-sm px-px py-[0.2rem]\">Faites mousser le savon entre vos mains ou sur une \u00e9ponge.<\/span>\u200b<\/p>\n<\/li>\n<li class=\"\" data-start=\"650\" data-end=\"738\">\n<p class=\"\" data-start=\"653\" data-end=\"738\"><span class=\"relative -mx-px my-[-0.2rem] rounded-sm px-px py-[0.2rem]\">Appliquez la mousse sur votre visage et votre corps en effectuant des mouvements circulaires.<\/span>\u200b<\/p>\n<\/li>\n<li class=\"\" data-start=\"739\" data-end=\"827\">\n<p class=\"\" data-start=\"742\" data-end=\"827\"><span class=\"relative -mx-px my-[-0.2rem] rounded-sm px-px py-[0.2rem]\">Laissez agir quelques instants, puis rincez abondamment.<\/span>\u200b<\/p>\n<\/li>\n<li class=\"\" data-start=\"828\" data-end=\"916\">\n<p class=\"\" data-start=\"831\" data-end=\"916\"><span class=\"relative -mx-px my-[-0.2rem] rounded-sm px-px py-[0.2rem]\">Pour des r\u00e9sultats optimaux, utilisez matin et soir.<\/span><\/p>\n<\/li>\n<\/ol>\n<\/blockquote>\n","protected":false},"excerpt":{"rendered":"<p>Les savons au lait de ch\u00e8vre apaisent votre peau, Id\u00e9ales pour les peaux sensibles et s\u00e8ches sujettes \u00e0 l&rsquo;inflammation, les mol\u00e9cules du lait de ch\u00e8vre aident \u00e0 soulager les affections cutan\u00e9es telles que les d\u00e9mangeaisons. Fonction antibact\u00e9rienne. Riche en prot\u00e9ines antibact\u00e9riennes, le savon au lait de ch\u00e8vre est un v\u00e9ritable alli\u00e9 des peaux \u00e0 tendance acn\u00e9ique. Il \u00e9limine les bact\u00e9ries qui causent l&rsquo;acn\u00e9 et combat leur croissance. Propri\u00e9t\u00e9s curatives des maladies de la peau. En plus d&rsquo;apaiser, il offre \u00e9galement des propri\u00e9t\u00e9s cicatrisantes pour les peaux infectieuses. En fait, il aide \u00e0 combattre des maladies telles que l&rsquo;ecz\u00e9ma, le psoriasis, la dermatite de contact et la rosac\u00e9e.<\/p>","protected":false},"featured_media":794,"comment_status":"open","ping_status":"closed","template":"","meta":[],"product_brand":[413],"product_cat":[87,75,102,103,81],"product_tag":[90],"class_list":{"0":"post-731","1":"product","2":"type-product","3":"status-publish","4":"has-post-thumbnail","6":"product_brand-abusaad","7":"product_cat-abusaad","8":"product_cat-femme","9":"product_cat-savon","10":"product_cat-savon-soin-visage-f","11":"product_cat-soin-corps-f","12":"product_tag-made-in-algeria","14":"first","15":"instock","16":"shipping-taxable","17":"purchasable","18":"product-type-simple"},"yoast_head":"<!-- This site is optimized with the Yoast SEO plugin v27.3 - https:\/\/yoast.com\/product\/yoast-seo-wordpress\/ -->\n<title>ABUSAAD SAVON AU LAIT DE CHEVRE - Cosmetic Store<\/title>\n<meta name=\"robots\" content=\"index, follow, max-snippet:-1, max-image-preview:large, max-video-preview:-1\" \/>\n<link rel=\"canonical\" href=\"https:\/\/cosmeticstoredz.com\/ar\/product\/abusaad-savon-au-lait-de-chevre\/\" \/>\n<meta property=\"og:locale\" content=\"ar_AR\" \/>\n<meta property=\"og:type\" content=\"article\" \/>\n<meta property=\"og:title\" content=\"ABUSAAD SAVON AU LAIT DE CHEVRE - Cosmetic Store\" \/>\n<meta property=\"og:description\" content=\"Les savons au lait de ch\u00e8vre apaisent votre peau, Id\u00e9ales pour les peaux sensibles et s\u00e8ches sujettes \u00e0 l&#039;inflammation, les mol\u00e9cules du lait de ch\u00e8vre aident \u00e0 soulager les affections cutan\u00e9es telles que les d\u00e9mangeaisons. Fonction antibact\u00e9rienne. Riche en prot\u00e9ines antibact\u00e9riennes, le savon au lait de ch\u00e8vre est un v\u00e9ritable alli\u00e9 des peaux \u00e0 tendance acn\u00e9ique. Il \u00e9limine les bact\u00e9ries qui causent l&#039;acn\u00e9 et combat leur croissance. Propri\u00e9t\u00e9s curatives des maladies de la peau. En plus d&#039;apaiser, il offre \u00e9galement des propri\u00e9t\u00e9s cicatrisantes pour les peaux infectieuses. En fait, il aide \u00e0 combattre des maladies telles que l&#039;ecz\u00e9ma, le psoriasis, la dermatite de contact et la rosac\u00e9e.\" \/>\n<meta property=\"og:url\" content=\"https:\/\/cosmeticstoredz.com\/ar\/product\/abusaad-savon-au-lait-de-chevre\/\" \/>\n<meta property=\"og:site_name\" content=\"Cosmetic Store\" \/>\n<meta property=\"article:publisher\" content=\"https:\/\/www.facebook.com\/profile.php?id=61564954260683\" \/>\n<meta property=\"article:modified_time\" content=\"2026-04-24T15:44:42+00:00\" \/>\n<meta property=\"og:image\" content=\"https:\/\/cosmeticstoredz.com\/wp-content\/uploads\/2026\/02\/Ajouter-un-titre-2024-08-06T115007.747.png\" \/>\n\t<meta property=\"og:image:width\" content=\"1563\" \/>\n\t<meta property=\"og:image:height\" content=\"1563\" \/>\n\t<meta property=\"og:image:type\" content=\"image\/png\" \/>\n<meta name=\"twitter:card\" content=\"summary_large_image\" \/>\n<meta name=\"twitter:label1\" content=\"\u0648\u0642\u062a \u0627\u0644\u0642\u0631\u0627\u0621\u0629 \u0627\u0644\u0645\u064f\u0642\u062f\u0651\u0631\" \/>\n\t<meta name=\"twitter:data1\" content=\"\u062f\u0642\u064a\u0642\u0629 \u0648\u0627\u062d\u062f\u0629\" \/>\n<script type=\"application\/ld+json\" class=\"yoast-schema-graph\">{\"@context\":\"https:\\\/\\\/schema.org\",\"@graph\":[{\"@type\":\"WebPage\",\"@id\":\"https:\\\/\\\/cosmeticstoredz.com\\\/produit\\\/abusaad-savon-au-lait-de-chevre\\\/\",\"url\":\"https:\\\/\\\/cosmeticstoredz.com\\\/produit\\\/abusaad-savon-au-lait-de-chevre\\\/\",\"name\":\"ABUSAAD SAVON AU LAIT DE CHEVRE - Cosmetic Store\",\"isPartOf\":{\"@id\":\"https:\\\/\\\/cosmeticstoredz.com\\\/#website\"},\"primaryImageOfPage\":{\"@id\":\"https:\\\/\\\/cosmeticstoredz.com\\\/produit\\\/abusaad-savon-au-lait-de-chevre\\\/#primaryimage\"},\"image\":{\"@id\":\"https:\\\/\\\/cosmeticstoredz.com\\\/produit\\\/abusaad-savon-au-lait-de-chevre\\\/#primaryimage\"},\"thumbnailUrl\":\"https:\\\/\\\/cosmeticstoredz.com\\\/wp-content\\\/uploads\\\/2026\\\/02\\\/Ajouter-un-titre-2024-08-06T115007.747.png\",\"datePublished\":\"2026-02-16T08:42:59+00:00\",\"dateModified\":\"2026-04-24T15:44:42+00:00\",\"breadcrumb\":{\"@id\":\"https:\\\/\\\/cosmeticstoredz.com\\\/produit\\\/abusaad-savon-au-lait-de-chevre\\\/#breadcrumb\"},\"inLanguage\":\"ar\",\"potentialAction\":[{\"@type\":\"ReadAction\",\"target\":[\"https:\\\/\\\/cosmeticstoredz.com\\\/produit\\\/abusaad-savon-au-lait-de-chevre\\\/\"]}]},{\"@type\":\"ImageObject\",\"inLanguage\":\"ar\",\"@id\":\"https:\\\/\\\/cosmeticstoredz.com\\\/produit\\\/abusaad-savon-au-lait-de-chevre\\\/#primaryimage\",\"url\":\"https:\\\/\\\/cosmeticstoredz.com\\\/wp-content\\\/uploads\\\/2026\\\/02\\\/Ajouter-un-titre-2024-08-06T115007.747.png\",\"contentUrl\":\"https:\\\/\\\/cosmeticstoredz.com\\\/wp-content\\\/uploads\\\/2026\\\/02\\\/Ajouter-un-titre-2024-08-06T115007.747.png\",\"width\":1563,\"height\":1563},{\"@type\":\"BreadcrumbList\",\"@id\":\"https:\\\/\\\/cosmeticstoredz.com\\\/produit\\\/abusaad-savon-au-lait-de-chevre\\\/#breadcrumb\",\"itemListElement\":[{\"@type\":\"ListItem\",\"position\":1,\"name\":\"Accueil\",\"item\":\"https:\\\/\\\/cosmeticstoredz.com\\\/\"},{\"@type\":\"ListItem\",\"position\":2,\"name\":\"Boutique\",\"item\":\"https:\\\/\\\/cosmeticstoredz.com\\\/boutique\\\/\"},{\"@type\":\"ListItem\",\"position\":3,\"name\":\"ABUSAAD SAVON AU LAIT DE CHEVRE\"}]},{\"@type\":\"WebSite\",\"@id\":\"https:\\\/\\\/cosmeticstoredz.com\\\/#website\",\"url\":\"https:\\\/\\\/cosmeticstoredz.com\\\/\",\"name\":\"Cosmetic Store\",\"description\":\"\",\"publisher\":{\"@id\":\"https:\\\/\\\/cosmeticstoredz.com\\\/#organization\"},\"potentialAction\":[{\"@type\":\"SearchAction\",\"target\":{\"@type\":\"EntryPoint\",\"urlTemplate\":\"https:\\\/\\\/cosmeticstoredz.com\\\/?s={search_term_string}\"},\"query-input\":{\"@type\":\"PropertyValueSpecification\",\"valueRequired\":true,\"valueName\":\"search_term_string\"}}],\"inLanguage\":\"ar\"},{\"@type\":\"Organization\",\"@id\":\"https:\\\/\\\/cosmeticstoredz.com\\\/#organization\",\"name\":\"Cosmetic Store\",\"url\":\"https:\\\/\\\/cosmeticstoredz.com\\\/\",\"logo\":{\"@type\":\"ImageObject\",\"inLanguage\":\"ar\",\"@id\":\"https:\\\/\\\/cosmeticstoredz.com\\\/#\\\/schema\\\/logo\\\/image\\\/\",\"url\":\"https:\\\/\\\/cosmeticstoredz.com\\\/wp-content\\\/uploads\\\/2026\\\/02\\\/cropped-LOGO_CS-512x512-1-1-e1771275285345.webp\",\"contentUrl\":\"https:\\\/\\\/cosmeticstoredz.com\\\/wp-content\\\/uploads\\\/2026\\\/02\\\/cropped-LOGO_CS-512x512-1-1-e1771275285345.webp\",\"width\":265,\"height\":319,\"caption\":\"Cosmetic Store\"},\"image\":{\"@id\":\"https:\\\/\\\/cosmeticstoredz.com\\\/#\\\/schema\\\/logo\\\/image\\\/\"},\"sameAs\":[\"https:\\\/\\\/www.facebook.com\\\/profile.php?id=61564954260683\",\"https:\\\/\\\/www.instagram.com\\\/cosmetic.storedz\\\/\"]}]}<\/script>\n<!-- \/ Yoast SEO plugin. -->","yoast_head_json":{"title":"ABUSAAD SAVON AU LAIT DE CHEVRE - Cosmetic Store","robots":{"index":"index","follow":"follow","max-snippet":"max-snippet:-1","max-image-preview":"max-image-preview:large","max-video-preview":"max-video-preview:-1"},"canonical":"https:\/\/cosmeticstoredz.com\/ar\/product\/abusaad-savon-au-lait-de-chevre\/","og_locale":"ar_AR","og_type":"article","og_title":"ABUSAAD SAVON AU LAIT DE CHEVRE - Cosmetic Store","og_description":"Les savons au lait de ch\u00e8vre apaisent votre peau, Id\u00e9ales pour les peaux sensibles et s\u00e8ches sujettes \u00e0 l'inflammation, les mol\u00e9cules du lait de ch\u00e8vre aident \u00e0 soulager les affections cutan\u00e9es telles que les d\u00e9mangeaisons. Fonction antibact\u00e9rienne. Riche en prot\u00e9ines antibact\u00e9riennes, le savon au lait de ch\u00e8vre est un v\u00e9ritable alli\u00e9 des peaux \u00e0 tendance acn\u00e9ique. Il \u00e9limine les bact\u00e9ries qui causent l'acn\u00e9 et combat leur croissance. Propri\u00e9t\u00e9s curatives des maladies de la peau. En plus d'apaiser, il offre \u00e9galement des propri\u00e9t\u00e9s cicatrisantes pour les peaux infectieuses. En fait, il aide \u00e0 combattre des maladies telles que l'ecz\u00e9ma, le psoriasis, la dermatite de contact et la rosac\u00e9e.","og_url":"https:\/\/cosmeticstoredz.com\/ar\/product\/abusaad-savon-au-lait-de-chevre\/","og_site_name":"Cosmetic Store","article_publisher":"https:\/\/www.facebook.com\/profile.php?id=61564954260683","article_modified_time":"2026-04-24T15:44:42+00:00","og_image":[{"width":1563,"height":1563,"url":"https:\/\/cosmeticstoredz.com\/wp-content\/uploads\/2026\/02\/Ajouter-un-titre-2024-08-06T115007.747.png","type":"image\/png"}],"twitter_card":"summary_large_image","twitter_misc":{"\u0648\u0642\u062a \u0627\u0644\u0642\u0631\u0627\u0621\u0629 \u0627\u0644\u0645\u064f\u0642\u062f\u0651\u0631":"\u062f\u0642\u064a\u0642\u0629 \u0648\u0627\u062d\u062f\u0629"},"schema":{"@context":"https:\/\/schema.org","@graph":[{"@type":"WebPage","@id":"https:\/\/cosmeticstoredz.com\/produit\/abusaad-savon-au-lait-de-chevre\/","url":"https:\/\/cosmeticstoredz.com\/produit\/abusaad-savon-au-lait-de-chevre\/","name":"ABUSAAD SAVON AU LAIT DE CHEVRE - Cosmetic Store","isPartOf":{"@id":"https:\/\/cosmeticstoredz.com\/#website"},"primaryImageOfPage":{"@id":"https:\/\/cosmeticstoredz.com\/produit\/abusaad-savon-au-lait-de-chevre\/#primaryimage"},"image":{"@id":"https:\/\/cosmeticstoredz.com\/produit\/abusaad-savon-au-lait-de-chevre\/#primaryimage"},"thumbnailUrl":"https:\/\/cosmeticstoredz.com\/wp-content\/uploads\/2026\/02\/Ajouter-un-titre-2024-08-06T115007.747.png","datePublished":"2026-02-16T08:42:59+00:00","dateModified":"2026-04-24T15:44:42+00:00","breadcrumb":{"@id":"https:\/\/cosmeticstoredz.com\/produit\/abusaad-savon-au-lait-de-chevre\/#breadcrumb"},"inLanguage":"ar","potentialAction":[{"@type":"ReadAction","target":["https:\/\/cosmeticstoredz.com\/produit\/abusaad-savon-au-lait-de-chevre\/"]}]},{"@type":"ImageObject","inLanguage":"ar","@id":"https:\/\/cosmeticstoredz.com\/produit\/abusaad-savon-au-lait-de-chevre\/#primaryimage","url":"https:\/\/cosmeticstoredz.com\/wp-content\/uploads\/2026\/02\/Ajouter-un-titre-2024-08-06T115007.747.png","contentUrl":"https:\/\/cosmeticstoredz.com\/wp-content\/uploads\/2026\/02\/Ajouter-un-titre-2024-08-06T115007.747.png","width":1563,"height":1563},{"@type":"BreadcrumbList","@id":"https:\/\/cosmeticstoredz.com\/produit\/abusaad-savon-au-lait-de-chevre\/#breadcrumb","itemListElement":[{"@type":"ListItem","position":1,"name":"Accueil","item":"https:\/\/cosmeticstoredz.com\/"},{"@type":"ListItem","position":2,"name":"Boutique","item":"https:\/\/cosmeticstoredz.com\/boutique\/"},{"@type":"ListItem","position":3,"name":"ABUSAAD SAVON AU LAIT DE CHEVRE"}]},{"@type":"WebSite","@id":"https:\/\/cosmeticstoredz.com\/#website","url":"https:\/\/cosmeticstoredz.com\/","name":"Cosmetic Store","description":"","publisher":{"@id":"https:\/\/cosmeticstoredz.com\/#organization"},"potentialAction":[{"@type":"SearchAction","target":{"@type":"EntryPoint","urlTemplate":"https:\/\/cosmeticstoredz.com\/?s={search_term_string}"},"query-input":{"@type":"PropertyValueSpecification","valueRequired":true,"valueName":"search_term_string"}}],"inLanguage":"ar"},{"@type":"Organization","@id":"https:\/\/cosmeticstoredz.com\/#organization","name":"Cosmetic Store","url":"https:\/\/cosmeticstoredz.com\/","logo":{"@type":"ImageObject","inLanguage":"ar","@id":"https:\/\/cosmeticstoredz.com\/#\/schema\/logo\/image\/","url":"https:\/\/cosmeticstoredz.com\/wp-content\/uploads\/2026\/02\/cropped-LOGO_CS-512x512-1-1-e1771275285345.webp","contentUrl":"https:\/\/cosmeticstoredz.com\/wp-content\/uploads\/2026\/02\/cropped-LOGO_CS-512x512-1-1-e1771275285345.webp","width":265,"height":319,"caption":"Cosmetic Store"},"image":{"@id":"https:\/\/cosmeticstoredz.com\/#\/schema\/logo\/image\/"},"sameAs":["https:\/\/www.facebook.com\/profile.php?id=61564954260683","https:\/\/www.instagram.com\/cosmetic.storedz\/"]}]}},"_links":{"self":[{"href":"https:\/\/cosmeticstoredz.com\/ar\/wp-json\/wp\/v2\/product\/731","targetHints":{"allow":["GET"]}}],"collection":[{"href":"https:\/\/cosmeticstoredz.com\/ar\/wp-json\/wp\/v2\/product"}],"about":[{"href":"https:\/\/cosmeticstoredz.com\/ar\/wp-json\/wp\/v2\/types\/product"}],"replies":[{"embeddable":true,"href":"https:\/\/cosmeticstoredz.com\/ar\/wp-json\/wp\/v2\/comments?post=731"}],"version-history":[{"count":1,"href":"https:\/\/cosmeticstoredz.com\/ar\/wp-json\/wp\/v2\/product\/731\/revisions"}],"predecessor-version":[{"id":795,"href":"https:\/\/cosmeticstoredz.com\/ar\/wp-json\/wp\/v2\/product\/731\/revisions\/795"}],"wp:featuredmedia":[{"embeddable":true,"href":"https:\/\/cosmeticstoredz.com\/ar\/wp-json\/wp\/v2\/media\/794"}],"wp:attachment":[{"href":"https:\/\/cosmeticstoredz.com\/ar\/wp-json\/wp\/v2\/media?parent=731"}],"wp:term":[{"taxonomy":"product_brand","embeddable":true,"href":"https:\/\/cosmeticstoredz.com\/ar\/wp-json\/wp\/v2\/product_brand?post=731"},{"taxonomy":"product_cat","embeddable":true,"href":"https:\/\/cosmeticstoredz.com\/ar\/wp-json\/wp\/v2\/product_cat?post=731"},{"taxonomy":"product_tag","embeddable":true,"href":"https:\/\/cosmeticstoredz.com\/ar\/wp-json\/wp\/v2\/product_tag?post=731"}],"curies":[{"name":"wp","href":"https:\/\/api.w.org\/{rel}","templated":true}]}}