{"id":7294,"date":"2025-06-04T19:57:52","date_gmt":"2025-06-04T19:57:52","guid":{"rendered":"https:\/\/test.fitnessworldgym27.com\/?post_type=product&#038;p=7294"},"modified":"2026-03-30T19:27:45","modified_gmt":"2026-03-30T19:27:45","slug":"reaction-deo-sheer-love","status":"publish","type":"product","link":"https:\/\/cosmeticstoredz.com\/ar\/product\/reaction-deo-sheer-love\/","title":{"rendered":"REACTION DEO SHEER LOVE"},"content":{"rendered":"<p>Le d\u00e9odorant REACTION\u00a0<b>vous assure 24h de r\u00e9gulation efficace de la transpiration, sans laisser de r\u00e9sidu visible sur la peau ni de traces sur les v\u00eatements<\/b>. C&rsquo;est la combinaison parfaite entre une protection ultra-efficace longue dur\u00e9e. Sans eau ni colorant. Tol\u00e9rance cutan\u00e9e prouv\u00e9e sous control dermatologique.<\/p>","protected":false},"excerpt":{"rendered":"<p>Le d\u00e9odorant REACTION\u00a0vous assure 24h de r\u00e9gulation efficace de la transpiration, sans laisser de r\u00e9sidu visible sur la peau ni<\/p>","protected":false},"featured_media":21643,"comment_status":"open","ping_status":"closed","template":"","meta":[],"product_brand":[],"product_cat":[79,75,78,362],"product_tag":[90],"class_list":{"0":"post-7294","1":"product","2":"type-product","3":"status-publish","4":"has-post-thumbnail","6":"product_cat-deodorant-f","7":"product_cat-femme","8":"product_cat-parfum-f","9":"product_cat-reaction","10":"product_tag-made-in-algeria","12":"first","13":"instock","14":"shipping-taxable","15":"purchasable","16":"product-type-simple"},"_links":{"self":[{"href":"https:\/\/cosmeticstoredz.com\/ar\/wp-json\/wp\/v2\/product\/7294","targetHints":{"allow":["GET"]}}],"collection":[{"href":"https:\/\/cosmeticstoredz.com\/ar\/wp-json\/wp\/v2\/product"}],"about":[{"href":"https:\/\/cosmeticstoredz.com\/ar\/wp-json\/wp\/v2\/types\/product"}],"replies":[{"embeddable":true,"href":"https:\/\/cosmeticstoredz.com\/ar\/wp-json\/wp\/v2\/comments?post=7294"}],"version-history":[{"count":1,"href":"https:\/\/cosmeticstoredz.com\/ar\/wp-json\/wp\/v2\/product\/7294\/revisions"}],"predecessor-version":[{"id":21644,"href":"https:\/\/cosmeticstoredz.com\/ar\/wp-json\/wp\/v2\/product\/7294\/revisions\/21644"}],"wp:featuredmedia":[{"embeddable":true,"href":"https:\/\/cosmeticstoredz.com\/ar\/wp-json\/wp\/v2\/media\/21643"}],"wp:attachment":[{"href":"https:\/\/cosmeticstoredz.com\/ar\/wp-json\/wp\/v2\/media?parent=7294"}],"wp:term":[{"taxonomy":"product_brand","embeddable":true,"href":"https:\/\/cosmeticstoredz.com\/ar\/wp-json\/wp\/v2\/product_brand?post=7294"},{"taxonomy":"product_cat","embeddable":true,"href":"https:\/\/cosmeticstoredz.com\/ar\/wp-json\/wp\/v2\/product_cat?post=7294"},{"taxonomy":"product_tag","embeddable":true,"href":"https:\/\/cosmeticstoredz.com\/ar\/wp-json\/wp\/v2\/product_tag?post=7294"}],"curies":[{"name":"wp","href":"https:\/\/api.w.org\/{rel}","templated":true}]}}