{"id":7293,"date":"2025-06-04T19:57:52","date_gmt":"2025-06-04T19:57:52","guid":{"rendered":"https:\/\/test.fitnessworldgym27.com\/?post_type=product&#038;p=7293"},"modified":"2026-03-30T19:27:45","modified_gmt":"2026-03-30T19:27:45","slug":"reaction-deo-secret-charm","status":"publish","type":"product","link":"https:\/\/cosmeticstoredz.com\/ar\/product\/reaction-deo-secret-charm\/","title":{"rendered":"REACTION DEO SECRET CHARM"},"content":{"rendered":"<div class=\"wDYxhc\" lang=\"fr-DZ\" data-md=\"61\">\n<div class=\"LGOjhe\" role=\"heading\" data-attrid=\"wa:\/description\" data-hveid=\"CBYQAA\"><span class=\"ILfuVd\" lang=\"fr\"><span class=\"hgKElc\">D\u00e9odorant Reaction secret charm. Le d\u00e9odorant REACTION\u00a0<b>vous assure 24h de r\u00e9gulation efficace de la transpiration, sans laisser de r\u00e9sidu visible sur la peau ni de traces sur les v\u00eatements<\/b>. C&rsquo;est la combinaison parfaite entre une protection ultra-efficace longue dur\u00e9e. Sans eau ni colorant.<\/span><\/span><\/div>\n<\/div>\n<div class=\"g\">\n<div lang=\"fr\" data-hveid=\"CBEQAA\" data-ved=\"2ahUKEwi3uOfAj7-EAxUBUqQEHai6Ci4QFSgAegQIERAA\">\n<div class=\"tF2Cxc\">\n<div class=\"yuRUbf\"><\/div>\n<\/div>\n<\/div>\n<\/div>","protected":false},"excerpt":{"rendered":"<p>D\u00e9odorant Reaction secret charm. Le d\u00e9odorant REACTION\u00a0vous assure 24h de r\u00e9gulation efficace de la transpiration, sans laisser de r\u00e9sidu visible<\/p>","protected":false},"featured_media":21641,"comment_status":"open","ping_status":"closed","template":"","meta":[],"product_brand":[],"product_cat":[79,75,78,362],"product_tag":[90],"class_list":{"0":"post-7293","1":"product","2":"type-product","3":"status-publish","4":"has-post-thumbnail","6":"product_cat-deodorant-f","7":"product_cat-femme","8":"product_cat-parfum-f","9":"product_cat-reaction","10":"product_tag-made-in-algeria","12":"first","13":"outofstock","14":"shipping-taxable","15":"purchasable","16":"product-type-simple"},"_links":{"self":[{"href":"https:\/\/cosmeticstoredz.com\/ar\/wp-json\/wp\/v2\/product\/7293","targetHints":{"allow":["GET"]}}],"collection":[{"href":"https:\/\/cosmeticstoredz.com\/ar\/wp-json\/wp\/v2\/product"}],"about":[{"href":"https:\/\/cosmeticstoredz.com\/ar\/wp-json\/wp\/v2\/types\/product"}],"replies":[{"embeddable":true,"href":"https:\/\/cosmeticstoredz.com\/ar\/wp-json\/wp\/v2\/comments?post=7293"}],"version-history":[{"count":1,"href":"https:\/\/cosmeticstoredz.com\/ar\/wp-json\/wp\/v2\/product\/7293\/revisions"}],"predecessor-version":[{"id":21642,"href":"https:\/\/cosmeticstoredz.com\/ar\/wp-json\/wp\/v2\/product\/7293\/revisions\/21642"}],"wp:featuredmedia":[{"embeddable":true,"href":"https:\/\/cosmeticstoredz.com\/ar\/wp-json\/wp\/v2\/media\/21641"}],"wp:attachment":[{"href":"https:\/\/cosmeticstoredz.com\/ar\/wp-json\/wp\/v2\/media?parent=7293"}],"wp:term":[{"taxonomy":"product_brand","embeddable":true,"href":"https:\/\/cosmeticstoredz.com\/ar\/wp-json\/wp\/v2\/product_brand?post=7293"},{"taxonomy":"product_cat","embeddable":true,"href":"https:\/\/cosmeticstoredz.com\/ar\/wp-json\/wp\/v2\/product_cat?post=7293"},{"taxonomy":"product_tag","embeddable":true,"href":"https:\/\/cosmeticstoredz.com\/ar\/wp-json\/wp\/v2\/product_tag?post=7293"}],"curies":[{"name":"wp","href":"https:\/\/api.w.org\/{rel}","templated":true}]}}