{"id":7290,"date":"2025-06-04T19:57:52","date_gmt":"2025-06-04T19:57:52","guid":{"rendered":"https:\/\/test.fitnessworldgym27.com\/?post_type=product&#038;p=7290"},"modified":"2026-03-30T19:27:45","modified_gmt":"2026-03-30T19:27:45","slug":"reaction-deo-love-spell","status":"publish","type":"product","link":"https:\/\/cosmeticstoredz.com\/ar\/product\/reaction-deo-love-spell\/","title":{"rendered":"REACTION DEO LOVE SPELL"},"content":{"rendered":"<h2>D\u00e9odorant Reaction love spell<\/h2>\n<div>\n<p>Le d\u00e9odorant REACTION vous assure 24h de r\u00e9gulation efficace de la transpiration, sans laisser de r\u00e9sidu visible sur la peau ni de traces sur les v\u00eatements. C\u2019est la combinaison parfaite entre une protection ultra-efficace longue dur\u00e9e.<\/p>\n<p>Sans eau ni colorant.<\/p>\n<p>Tol\u00e9rance cutan\u00e9e prouv\u00e9e sous control dermatologique.<\/p>\n<\/div>","protected":false},"excerpt":{"rendered":"<p>D\u00e9odorant Reaction love spell Le d\u00e9odorant REACTION vous assure 24h de r\u00e9gulation efficace de la transpiration, sans laisser de r\u00e9sidu<\/p>","protected":false},"featured_media":21635,"comment_status":"open","ping_status":"closed","template":"","meta":[],"product_brand":[],"product_cat":[79,75,78,362],"product_tag":[90],"class_list":{"0":"post-7290","1":"product","2":"type-product","3":"status-publish","4":"has-post-thumbnail","6":"product_cat-deodorant-f","7":"product_cat-femme","8":"product_cat-parfum-f","9":"product_cat-reaction","10":"product_tag-made-in-algeria","12":"first","13":"outofstock","14":"shipping-taxable","15":"purchasable","16":"product-type-simple"},"_links":{"self":[{"href":"https:\/\/cosmeticstoredz.com\/ar\/wp-json\/wp\/v2\/product\/7290","targetHints":{"allow":["GET"]}}],"collection":[{"href":"https:\/\/cosmeticstoredz.com\/ar\/wp-json\/wp\/v2\/product"}],"about":[{"href":"https:\/\/cosmeticstoredz.com\/ar\/wp-json\/wp\/v2\/types\/product"}],"replies":[{"embeddable":true,"href":"https:\/\/cosmeticstoredz.com\/ar\/wp-json\/wp\/v2\/comments?post=7290"}],"version-history":[{"count":1,"href":"https:\/\/cosmeticstoredz.com\/ar\/wp-json\/wp\/v2\/product\/7290\/revisions"}],"predecessor-version":[{"id":21636,"href":"https:\/\/cosmeticstoredz.com\/ar\/wp-json\/wp\/v2\/product\/7290\/revisions\/21636"}],"wp:featuredmedia":[{"embeddable":true,"href":"https:\/\/cosmeticstoredz.com\/ar\/wp-json\/wp\/v2\/media\/21635"}],"wp:attachment":[{"href":"https:\/\/cosmeticstoredz.com\/ar\/wp-json\/wp\/v2\/media?parent=7290"}],"wp:term":[{"taxonomy":"product_brand","embeddable":true,"href":"https:\/\/cosmeticstoredz.com\/ar\/wp-json\/wp\/v2\/product_brand?post=7290"},{"taxonomy":"product_cat","embeddable":true,"href":"https:\/\/cosmeticstoredz.com\/ar\/wp-json\/wp\/v2\/product_cat?post=7290"},{"taxonomy":"product_tag","embeddable":true,"href":"https:\/\/cosmeticstoredz.com\/ar\/wp-json\/wp\/v2\/product_tag?post=7290"}],"curies":[{"name":"wp","href":"https:\/\/api.w.org\/{rel}","templated":true}]}}