{"id":7288,"date":"2025-06-04T19:57:52","date_gmt":"2025-06-04T19:57:52","guid":{"rendered":"https:\/\/test.fitnessworldgym27.com\/?post_type=product&#038;p=7288"},"modified":"2026-03-30T19:25:42","modified_gmt":"2026-03-30T19:25:42","slug":"polycos-shp-sans-sulfate","status":"publish","type":"product","link":"https:\/\/cosmeticstoredz.com\/ar\/product\/polycos-shp-sans-sulfate\/","title":{"rendered":"POLYCOS SHP SANS SULFATE"},"content":{"rendered":"<p><!--more-->Notre Shampooing SANS SULFATE est formul\u00e9 \u00e0 base d&rsquo;ingr\u00e9dients nourrissants et hydratants pour les cheveux secs et ab\u00eem\u00e9s. L\u2019extrait de guimauve qui a une fonction anti-inflammatoire et anti-oxydante rend les cheveux doux tandis que la b\u00e9ta\u00efne aide \u00e0 maintenir l&rsquo;hydratation des cheveux pour une apparence plus saine et plus brillante. Cette formule sans sulfate est con\u00e7ue pour nettoyer en douceur les cheveux tout en conservant leurs huiles naturelles et en \u00e9vitant la s\u00e9cheresse et la casse.<\/p>","protected":false},"excerpt":{"rendered":"<p class=\"h1\">POLYCOS SHAMPOOING SANS SULFATE CHEVEUX SECS ET ABIM\u00c9S 200ML<\/p>\n<p>&nbsp;<\/p>","protected":false},"featured_media":21631,"comment_status":"closed","ping_status":"closed","template":"","meta":[],"product_brand":[],"product_cat":[75,72,329,111,159,95,92],"product_tag":[90],"class_list":{"0":"post-7288","1":"product","2":"type-product","3":"status-publish","4":"has-post-thumbnail","6":"product_cat-femme","7":"product_cat-homme","8":"product_cat-polycos","9":"product_cat-shampoing-f","10":"product_cat-shampoing-h","11":"product_cat-soin-cheveux-f","12":"product_cat-soin-cheveux-h","13":"product_tag-made-in-algeria","15":"first","16":"instock","17":"shipping-taxable","18":"purchasable","19":"product-type-simple"},"_links":{"self":[{"href":"https:\/\/cosmeticstoredz.com\/ar\/wp-json\/wp\/v2\/product\/7288","targetHints":{"allow":["GET"]}}],"collection":[{"href":"https:\/\/cosmeticstoredz.com\/ar\/wp-json\/wp\/v2\/product"}],"about":[{"href":"https:\/\/cosmeticstoredz.com\/ar\/wp-json\/wp\/v2\/types\/product"}],"replies":[{"embeddable":true,"href":"https:\/\/cosmeticstoredz.com\/ar\/wp-json\/wp\/v2\/comments?post=7288"}],"version-history":[{"count":1,"href":"https:\/\/cosmeticstoredz.com\/ar\/wp-json\/wp\/v2\/product\/7288\/revisions"}],"predecessor-version":[{"id":21632,"href":"https:\/\/cosmeticstoredz.com\/ar\/wp-json\/wp\/v2\/product\/7288\/revisions\/21632"}],"wp:featuredmedia":[{"embeddable":true,"href":"https:\/\/cosmeticstoredz.com\/ar\/wp-json\/wp\/v2\/media\/21631"}],"wp:attachment":[{"href":"https:\/\/cosmeticstoredz.com\/ar\/wp-json\/wp\/v2\/media?parent=7288"}],"wp:term":[{"taxonomy":"product_brand","embeddable":true,"href":"https:\/\/cosmeticstoredz.com\/ar\/wp-json\/wp\/v2\/product_brand?post=7288"},{"taxonomy":"product_cat","embeddable":true,"href":"https:\/\/cosmeticstoredz.com\/ar\/wp-json\/wp\/v2\/product_cat?post=7288"},{"taxonomy":"product_tag","embeddable":true,"href":"https:\/\/cosmeticstoredz.com\/ar\/wp-json\/wp\/v2\/product_tag?post=7288"}],"curies":[{"name":"wp","href":"https:\/\/api.w.org\/{rel}","templated":true}]}}