{"id":7257,"date":"2025-06-04T19:57:39","date_gmt":"2025-06-04T19:57:39","guid":{"rendered":"https:\/\/test.fitnessworldgym27.com\/?post_type=product&#038;p=7257"},"modified":"2026-03-30T19:25:41","modified_gmt":"2026-03-30T19:25:41","slug":"polycos-huile-apres-epilation","status":"publish","type":"product","link":"https:\/\/cosmeticstoredz.com\/ar\/product\/polycos-huile-apres-epilation\/","title":{"rendered":"POLYCOS HUILE APRES EPILATION"},"content":{"rendered":"<div class=\"wDYxhc\" lang=\"fr-DZ\" data-md=\"61\">\n<div class=\"LGOjhe\" role=\"heading\" data-attrid=\"wa:\/description\" data-hveid=\"CBgQAA\"><span class=\"ILfuVd\" lang=\"fr\"><span class=\"hgKElc\">L&rsquo;huile Post-\u00e9pilation Polycos\u00a0<b>est le premier soin post-\u00e9pilatoire enrichi \u00e0 l&rsquo;extrait de fleur de calendula<\/b>. Apr\u00e8s l&rsquo;\u00e9pilation, cette huile apaise la peau et l&rsquo;hydrate par impr\u00e9gnation des couches superficielles de l&rsquo;\u00e9piderme c&rsquo;est une huile tr\u00e8s l\u00e9g\u00e8re et douce, convient parfaitement aux peaux les plus d\u00e9licates.<\/span><\/span><\/div>\n<\/div>\n<div class=\"g\">\n<div lang=\"fr\" data-hveid=\"CBIQAA\" data-ved=\"2ahUKEwivnM_EvcGEAxXXVqQEHRPfBT4QFSgAegQIEhAA\">\n<div class=\"tF2Cxc\">\n<div class=\"yuRUbf\"><\/div>\n<\/div>\n<\/div>\n<\/div>","protected":false},"excerpt":{"rendered":"<p>L&rsquo;huile Post-\u00e9pilation Polycos\u00a0est le premier soin post-\u00e9pilatoire enrichi \u00e0 l&rsquo;extrait de fleur de calendula. Apr\u00e8s l&rsquo;\u00e9pilation, cette huile apaise la<\/p>","protected":false},"featured_media":21625,"comment_status":"open","ping_status":"closed","template":"","meta":[],"product_brand":[],"product_cat":[75,96],"product_tag":[90],"class_list":{"0":"post-7257","1":"product","2":"type-product","3":"status-publish","4":"has-post-thumbnail","6":"product_cat-femme","7":"product_cat-huile","8":"product_tag-made-in-algeria","10":"first","11":"instock","12":"shipping-taxable","13":"purchasable","14":"product-type-simple"},"_links":{"self":[{"href":"https:\/\/cosmeticstoredz.com\/ar\/wp-json\/wp\/v2\/product\/7257","targetHints":{"allow":["GET"]}}],"collection":[{"href":"https:\/\/cosmeticstoredz.com\/ar\/wp-json\/wp\/v2\/product"}],"about":[{"href":"https:\/\/cosmeticstoredz.com\/ar\/wp-json\/wp\/v2\/types\/product"}],"replies":[{"embeddable":true,"href":"https:\/\/cosmeticstoredz.com\/ar\/wp-json\/wp\/v2\/comments?post=7257"}],"version-history":[{"count":1,"href":"https:\/\/cosmeticstoredz.com\/ar\/wp-json\/wp\/v2\/product\/7257\/revisions"}],"predecessor-version":[{"id":21626,"href":"https:\/\/cosmeticstoredz.com\/ar\/wp-json\/wp\/v2\/product\/7257\/revisions\/21626"}],"wp:featuredmedia":[{"embeddable":true,"href":"https:\/\/cosmeticstoredz.com\/ar\/wp-json\/wp\/v2\/media\/21625"}],"wp:attachment":[{"href":"https:\/\/cosmeticstoredz.com\/ar\/wp-json\/wp\/v2\/media?parent=7257"}],"wp:term":[{"taxonomy":"product_brand","embeddable":true,"href":"https:\/\/cosmeticstoredz.com\/ar\/wp-json\/wp\/v2\/product_brand?post=7257"},{"taxonomy":"product_cat","embeddable":true,"href":"https:\/\/cosmeticstoredz.com\/ar\/wp-json\/wp\/v2\/product_cat?post=7257"},{"taxonomy":"product_tag","embeddable":true,"href":"https:\/\/cosmeticstoredz.com\/ar\/wp-json\/wp\/v2\/product_tag?post=7257"}],"curies":[{"name":"wp","href":"https:\/\/api.w.org\/{rel}","templated":true}]}}