{"id":7255,"date":"2025-06-04T19:57:38","date_gmt":"2025-06-04T19:57:38","guid":{"rendered":"https:\/\/test.fitnessworldgym27.com\/?post_type=product&#038;p=7255"},"modified":"2026-03-30T19:25:40","modified_gmt":"2026-03-30T19:25:40","slug":"polycos-gel-gomina-200ml","status":"publish","type":"product","link":"https:\/\/cosmeticstoredz.com\/ar\/product\/polycos-gel-gomina-200ml\/","title":{"rendered":"POLYCOS GEL GOMINA 200ML"},"content":{"rendered":"<p>Le gel pour cheveux Polycos Paris For Men a un effet invisible et une fixation tr\u00e8s forte vous permet de cr\u00e9er la coiffure que vous souhaitez pour une tenue longue dur\u00e9e extra forte et un effet mouill\u00e9.<\/p>","protected":false},"excerpt":{"rendered":"<p>Le gel pour cheveux Polycos Paris For Men a un effet invisible et une fixation tr\u00e8s forte vous permet de<\/p>","protected":false},"featured_media":0,"comment_status":"closed","ping_status":"closed","template":"","meta":[],"product_brand":[],"product_cat":[93,72,92],"product_tag":[90],"class_list":{"0":"post-7255","1":"product","2":"type-product","3":"status-publish","5":"product_cat-gel-cheveux-h","6":"product_cat-homme","7":"product_cat-soin-cheveux-h","8":"product_tag-made-in-algeria","10":"first","11":"instock","12":"shipping-taxable","13":"purchasable","14":"product-type-simple"},"_links":{"self":[{"href":"https:\/\/cosmeticstoredz.com\/ar\/wp-json\/wp\/v2\/product\/7255","targetHints":{"allow":["GET"]}}],"collection":[{"href":"https:\/\/cosmeticstoredz.com\/ar\/wp-json\/wp\/v2\/product"}],"about":[{"href":"https:\/\/cosmeticstoredz.com\/ar\/wp-json\/wp\/v2\/types\/product"}],"replies":[{"embeddable":true,"href":"https:\/\/cosmeticstoredz.com\/ar\/wp-json\/wp\/v2\/comments?post=7255"}],"version-history":[{"count":1,"href":"https:\/\/cosmeticstoredz.com\/ar\/wp-json\/wp\/v2\/product\/7255\/revisions"}],"predecessor-version":[{"id":21622,"href":"https:\/\/cosmeticstoredz.com\/ar\/wp-json\/wp\/v2\/product\/7255\/revisions\/21622"}],"wp:attachment":[{"href":"https:\/\/cosmeticstoredz.com\/ar\/wp-json\/wp\/v2\/media?parent=7255"}],"wp:term":[{"taxonomy":"product_brand","embeddable":true,"href":"https:\/\/cosmeticstoredz.com\/ar\/wp-json\/wp\/v2\/product_brand?post=7255"},{"taxonomy":"product_cat","embeddable":true,"href":"https:\/\/cosmeticstoredz.com\/ar\/wp-json\/wp\/v2\/product_cat?post=7255"},{"taxonomy":"product_tag","embeddable":true,"href":"https:\/\/cosmeticstoredz.com\/ar\/wp-json\/wp\/v2\/product_tag?post=7255"}],"curies":[{"name":"wp","href":"https:\/\/api.w.org\/{rel}","templated":true}]}}