{"id":725,"date":"2026-02-16T08:42:58","date_gmt":"2026-02-16T08:42:58","guid":{"rendered":"https:\/\/test.fitnessworldgym27.com\/?post_type=product&#038;p=725"},"modified":"2026-03-30T19:24:39","modified_gmt":"2026-03-30T19:24:39","slug":"abusaad-lait-bebe","status":"publish","type":"product","link":"https:\/\/cosmeticstoredz.com\/ar\/product\/abusaad-lait-bebe\/","title":{"rendered":"ABUSAAD LAIT BEBE"},"content":{"rendered":"<p class=\"\" data-start=\"166\" data-end=\"200\"><strong data-start=\"166\" data-end=\"200\">Caract\u00e9ristiques principales :<\/strong><\/p>\n<ul data-start=\"202\" data-end=\"535\">\n<li class=\"\" data-start=\"202\" data-end=\"309\">\n<p class=\"\" data-start=\"204\" data-end=\"309\"><strong data-start=\"204\" data-end=\"227\">Hydratation douce :<\/strong> <span class=\"relative -mx-px my-[-0.2rem] rounded-sm px-px py-[0.2rem]\">Con\u00e7u pour nourrir et prot\u00e9ger la peau fragile des b\u00e9b\u00e9s.<\/span>\u200b<\/p>\n<\/li>\n<li class=\"\" data-start=\"310\" data-end=\"422\">\n<p class=\"\" data-start=\"312\" data-end=\"422\"><strong data-start=\"312\" data-end=\"340\">Formule sans parab\u00e8nes :<\/strong> <span class=\"relative -mx-px my-[-0.2rem] rounded-sm px-px py-[0.2rem]\">Assure une utilisation s\u00fbre et adapt\u00e9e aux peaux sensibles.<\/span>\u200b<\/p>\n<\/li>\n<li class=\"\" data-start=\"423\" data-end=\"535\">\n<p class=\"\" data-start=\"425\" data-end=\"535\"><strong data-start=\"425\" data-end=\"453\">Facilit\u00e9 d&rsquo;application :<\/strong> <span class=\"relative -mx-px my-[-0.2rem] rounded-sm px-px py-[0.2rem]\">Disponible en flacon de 236 ml, id\u00e9al pour une utilisation quotidienne.<\/span>\u200b<\/p>\n<\/li>\n<\/ul>\n<p class=\"\" data-start=\"537\" data-end=\"565\"><strong data-start=\"537\" data-end=\"565\">Conseils d&rsquo;utilisation :<\/strong><\/p>\n<ul data-start=\"567\" data-end=\"830\">\n<li class=\"\" data-start=\"567\" data-end=\"654\">\n<p class=\"\" data-start=\"569\" data-end=\"654\"><span class=\"relative -mx-px my-[-0.2rem] rounded-sm px-px py-[0.2rem]\">Appliquer une petite quantit\u00e9 de lait de corps sur la peau propre et s\u00e8che de votre b\u00e9b\u00e9.<\/span>\u200b<\/p>\n<\/li>\n<li class=\"\" data-start=\"655\" data-end=\"742\">\n<p class=\"\" data-start=\"657\" data-end=\"742\"><span class=\"relative -mx-px my-[-0.2rem] rounded-sm px-px py-[0.2rem]\">Masser d\u00e9licatement jusqu&rsquo;\u00e0 absorption compl\u00e8te.<\/span>\u200b<\/p>\n<\/li>\n<li class=\"\" data-start=\"743\" data-end=\"830\">\n<p class=\"\" data-start=\"745\" data-end=\"830\"><span class=\"relative -mx-px my-[-0.2rem] rounded-sm px-px py-[0.2rem]\">Utiliser quotidiennement pour maintenir une peau douce et hydrat\u00e9e.<\/span><\/p>\n<\/li>\n<\/ul>\n","protected":false},"excerpt":{"rendered":"<p>\u200b<span class=\"relative -mx-px my-[-0.2rem] rounded-sm px-px py-[0.2rem]\">Le <strong data-start=\"3\" data-end=\"39\">Lait de Corps Abusaad pour b\u00e9b\u00e9s<\/strong> est un soin hydratant sp\u00e9cialement formul\u00e9 pour la peau d\u00e9licate des nourrissons.<\/span> <span class=\"relative -mx-px my-[-0.2rem] rounded-sm px-px py-[0.2rem]\">Sans parab\u00e8nes, il offre une douceur adapt\u00e9e aux besoins sp\u00e9cifiques des b\u00e9b\u00e9s.<\/span> \u200b<\/p>\n","protected":false},"featured_media":768,"comment_status":"open","ping_status":"closed","template":"","meta":[],"product_brand":[413],"product_cat":[87,97,98],"product_tag":[90],"class_list":{"0":"post-725","1":"product","2":"type-product","3":"status-publish","4":"has-post-thumbnail","6":"product_brand-abusaad","7":"product_cat-abusaad","8":"product_cat-bebe","9":"product_cat-lait-de-corps","10":"product_tag-made-in-algeria","12":"first","13":"outofstock","14":"shipping-taxable","15":"purchasable","16":"product-type-simple"},"_links":{"self":[{"href":"https:\/\/cosmeticstoredz.com\/ar\/wp-json\/wp\/v2\/product\/725","targetHints":{"allow":["GET"]}}],"collection":[{"href":"https:\/\/cosmeticstoredz.com\/ar\/wp-json\/wp\/v2\/product"}],"about":[{"href":"https:\/\/cosmeticstoredz.com\/ar\/wp-json\/wp\/v2\/types\/product"}],"replies":[{"embeddable":true,"href":"https:\/\/cosmeticstoredz.com\/ar\/wp-json\/wp\/v2\/comments?post=725"}],"version-history":[{"count":1,"href":"https:\/\/cosmeticstoredz.com\/ar\/wp-json\/wp\/v2\/product\/725\/revisions"}],"predecessor-version":[{"id":769,"href":"https:\/\/cosmeticstoredz.com\/ar\/wp-json\/wp\/v2\/product\/725\/revisions\/769"}],"wp:featuredmedia":[{"embeddable":true,"href":"https:\/\/cosmeticstoredz.com\/ar\/wp-json\/wp\/v2\/media\/768"}],"wp:attachment":[{"href":"https:\/\/cosmeticstoredz.com\/ar\/wp-json\/wp\/v2\/media?parent=725"}],"wp:term":[{"taxonomy":"product_brand","embeddable":true,"href":"https:\/\/cosmeticstoredz.com\/ar\/wp-json\/wp\/v2\/product_brand?post=725"},{"taxonomy":"product_cat","embeddable":true,"href":"https:\/\/cosmeticstoredz.com\/ar\/wp-json\/wp\/v2\/product_cat?post=725"},{"taxonomy":"product_tag","embeddable":true,"href":"https:\/\/cosmeticstoredz.com\/ar\/wp-json\/wp\/v2\/product_tag?post=725"}],"curies":[{"name":"wp","href":"https:\/\/api.w.org\/{rel}","templated":true}]}}