{"id":7217,"date":"2025-06-04T19:57:16","date_gmt":"2025-06-04T19:57:16","guid":{"rendered":"https:\/\/test.fitnessworldgym27.com\/?post_type=product&#038;p=7217"},"modified":"2026-03-30T19:25:38","modified_gmt":"2026-03-30T19:25:38","slug":"oryage-serum-chvx-abime-huile-de-macadamia","status":"publish","type":"product","link":"https:\/\/cosmeticstoredz.com\/ar\/product\/oryage-serum-chvx-abime-huile-de-macadamia\/","title":{"rendered":"ORYAGE SERUM CHVX ABIME HUILE DE MACADAMIA"},"content":{"rendered":"<div class=\"wDYxhc\" lang=\"fr-DZ\" data-md=\"61\">\n<div class=\"LGOjhe\" role=\"heading\" data-attrid=\"wa:\/description\" data-hveid=\"CBQQAA\"><\/div>\n<\/div>\n<div class=\"g\">\n<div lang=\"fr\" data-hveid=\"CA4QAA\" data-ved=\"2ahUKEwj5upqz2sGEAxWQVaQEHeGcD9UQFSgAegQIDhAA\">\n<div class=\"tF2Cxc\">\n<div class=\"yuRUbf\"><\/div>\n<\/div>\n<\/div>\n<\/div>","protected":false},"excerpt":{"rendered":"<p><span class=\"ILfuVd\" lang=\"fr\"><span class=\"hgKElc\">La s\u00e9rum capillaire Magic a l&rsquo;huile de Macadamia et la k\u00e9ratine\u00a0<b>r\u00e9g\u00e9n\u00e8re la fibre capillaire sans l&rsquo;alourdir gr\u00e2ce a sa composition adapt\u00e9e aux cheveux et zones ab\u00eem\u00e9s<\/b>. Riche en agents r\u00e9parateurs et protecteurs pour vous garantir un lissage optimal et une d\u00e9finition des boucles.<\/span><\/span><\/p>","protected":false},"featured_media":21590,"comment_status":"closed","ping_status":"closed","template":"","meta":[],"product_brand":[],"product_cat":[75,321,116,95],"product_tag":[90],"class_list":{"0":"post-7217","1":"product","2":"type-product","3":"status-publish","4":"has-post-thumbnail","6":"product_cat-femme","7":"product_cat-oryage","8":"product_cat-serum-fch","9":"product_cat-soin-cheveux-f","10":"product_tag-made-in-algeria","12":"first","13":"instock","14":"shipping-taxable","15":"purchasable","16":"product-type-simple"},"_links":{"self":[{"href":"https:\/\/cosmeticstoredz.com\/ar\/wp-json\/wp\/v2\/product\/7217","targetHints":{"allow":["GET"]}}],"collection":[{"href":"https:\/\/cosmeticstoredz.com\/ar\/wp-json\/wp\/v2\/product"}],"about":[{"href":"https:\/\/cosmeticstoredz.com\/ar\/wp-json\/wp\/v2\/types\/product"}],"replies":[{"embeddable":true,"href":"https:\/\/cosmeticstoredz.com\/ar\/wp-json\/wp\/v2\/comments?post=7217"}],"version-history":[{"count":1,"href":"https:\/\/cosmeticstoredz.com\/ar\/wp-json\/wp\/v2\/product\/7217\/revisions"}],"predecessor-version":[{"id":21591,"href":"https:\/\/cosmeticstoredz.com\/ar\/wp-json\/wp\/v2\/product\/7217\/revisions\/21591"}],"wp:featuredmedia":[{"embeddable":true,"href":"https:\/\/cosmeticstoredz.com\/ar\/wp-json\/wp\/v2\/media\/21590"}],"wp:attachment":[{"href":"https:\/\/cosmeticstoredz.com\/ar\/wp-json\/wp\/v2\/media?parent=7217"}],"wp:term":[{"taxonomy":"product_brand","embeddable":true,"href":"https:\/\/cosmeticstoredz.com\/ar\/wp-json\/wp\/v2\/product_brand?post=7217"},{"taxonomy":"product_cat","embeddable":true,"href":"https:\/\/cosmeticstoredz.com\/ar\/wp-json\/wp\/v2\/product_cat?post=7217"},{"taxonomy":"product_tag","embeddable":true,"href":"https:\/\/cosmeticstoredz.com\/ar\/wp-json\/wp\/v2\/product_tag?post=7217"}],"curies":[{"name":"wp","href":"https:\/\/api.w.org\/{rel}","templated":true}]}}