{"id":7182,"date":"2025-06-04T19:56:53","date_gmt":"2025-06-04T19:56:53","guid":{"rendered":"https:\/\/test.fitnessworldgym27.com\/?post_type=product&#038;p=7182"},"modified":"2026-03-30T19:24:32","modified_gmt":"2026-03-30T19:24:32","slug":"nivea-stick-dry-comfort","status":"publish","type":"product","link":"https:\/\/cosmeticstoredz.com\/ar\/product\/nivea-stick-dry-comfort\/","title":{"rendered":"NIVEA MEN STICK 50ML  DRY COMFORT"},"content":{"rendered":"<p>NIVEA Dry Comfort Plus vous offre une protection 48h contre la transpiration et les odeurs en laissant une sensation s\u00e8che sur votre peau. Cette formule innovante au complexe in\u00e9dit, le Dry Plus renferme des actifs anti-transpirants et des min\u00e9raux pour limiter l\u2019humidit\u00e9 sous les aisselles et le d\u00e9veloppement des bact\u00e9ries \u00e0 l\u2019origine des mauvaises odeurs.<\/p>","protected":false},"excerpt":{"rendered":"<p>NIVEA Dry Comfort Plus vous offre une protection 48h contre la transpiration et les odeurs en laissant une sensation s\u00e8che sur votre peau. Cette formule innovante au complexe in\u00e9dit, le Dry Plus renferme des actifs anti-transpirants et des min\u00e9raux pour limiter l\u2019humidit\u00e9 sous les aisselles et le d\u00e9veloppement des bact\u00e9ries \u00e0 l\u2019origine des mauvaises odeurs.<\/p>","protected":false},"featured_media":21544,"comment_status":"open","ping_status":"closed","template":"","meta":[],"product_brand":[],"product_cat":[75,244,178],"product_tag":[125],"class_list":{"0":"post-7182","1":"product","2":"type-product","3":"status-publish","4":"has-post-thumbnail","6":"product_cat-femme","7":"product_cat-nivea","8":"product_cat-stick","9":"product_tag-made-in-france","11":"first","12":"outofstock","13":"shipping-taxable","14":"purchasable","15":"product-type-simple"},"_links":{"self":[{"href":"https:\/\/cosmeticstoredz.com\/ar\/wp-json\/wp\/v2\/product\/7182","targetHints":{"allow":["GET"]}}],"collection":[{"href":"https:\/\/cosmeticstoredz.com\/ar\/wp-json\/wp\/v2\/product"}],"about":[{"href":"https:\/\/cosmeticstoredz.com\/ar\/wp-json\/wp\/v2\/types\/product"}],"replies":[{"embeddable":true,"href":"https:\/\/cosmeticstoredz.com\/ar\/wp-json\/wp\/v2\/comments?post=7182"}],"version-history":[{"count":1,"href":"https:\/\/cosmeticstoredz.com\/ar\/wp-json\/wp\/v2\/product\/7182\/revisions"}],"predecessor-version":[{"id":21545,"href":"https:\/\/cosmeticstoredz.com\/ar\/wp-json\/wp\/v2\/product\/7182\/revisions\/21545"}],"wp:featuredmedia":[{"embeddable":true,"href":"https:\/\/cosmeticstoredz.com\/ar\/wp-json\/wp\/v2\/media\/21544"}],"wp:attachment":[{"href":"https:\/\/cosmeticstoredz.com\/ar\/wp-json\/wp\/v2\/media?parent=7182"}],"wp:term":[{"taxonomy":"product_brand","embeddable":true,"href":"https:\/\/cosmeticstoredz.com\/ar\/wp-json\/wp\/v2\/product_brand?post=7182"},{"taxonomy":"product_cat","embeddable":true,"href":"https:\/\/cosmeticstoredz.com\/ar\/wp-json\/wp\/v2\/product_cat?post=7182"},{"taxonomy":"product_tag","embeddable":true,"href":"https:\/\/cosmeticstoredz.com\/ar\/wp-json\/wp\/v2\/product_tag?post=7182"}],"curies":[{"name":"wp","href":"https:\/\/api.w.org\/{rel}","templated":true}]}}