{"id":7156,"date":"2025-06-04T19:56:32","date_gmt":"2025-06-04T19:56:32","guid":{"rendered":"https:\/\/test.fitnessworldgym27.com\/?post_type=product&#038;p=7156"},"modified":"2026-03-30T19:25:33","modified_gmt":"2026-03-30T19:25:33","slug":"nivea-q10-soin-de-nuit-defatigant-tube","status":"publish","type":"product","link":"https:\/\/cosmeticstoredz.com\/ar\/product\/nivea-q10-soin-de-nuit-defatigant-tube\/","title":{"rendered":"NIVEA Q10 SOIN DE NUIT DEFATIGANT TUBE"},"content":{"rendered":"<div class=\"a-row\">\n<div class=\"a-column a-span6\">\n<h1 class=\"a-size-medium a-spacing-small\">Descriptif technique<\/h1>\n<\/div>\n<\/div>\n<div class=\"a-expander-content a-expander-extend-content\" aria-expanded=\"true\">\n<div class=\"a-row a-expander-container a-expander-inline-container\">\n<div class=\"a-expander-content a-expander-section-content a-section-expander-inner\" aria-expanded=\"true\">\n<table id=\"productDetails_techSpec_section_1\" class=\"a-keyvalue prodDetTable\" role=\"presentation\">\n<tbody>\n<tr>\n<th class=\"a-color-secondary a-size-base prodDetSectionEntry\">Fabricant<\/th>\n<td class=\"a-size-base prodDetAttrValue\">\u200eNIVEA<\/td>\n<\/tr>\n<tr>\n<th class=\"a-color-secondary a-size-base prodDetSectionEntry\">Dimensions du colis<\/th>\n<td class=\"a-size-base prodDetAttrValue\">\u200e15 x 4.6 x 3.2 centim\u00e8tres<\/td>\n<\/tr>\n<tr>\n<th class=\"a-color-secondary a-size-base prodDetSectionEntry\">Format<\/th>\n<td class=\"a-size-base prodDetAttrValue\">\u200ecr\u00e8me<\/td>\n<\/tr>\n<tr>\n<th class=\"a-color-secondary a-size-base prodDetSectionEntry\">Volume indicatif<\/th>\n<td class=\"a-size-base prodDetAttrValue\">\u200e40 Millilitres<\/td>\n<\/tr>\n<tr>\n<th class=\"a-color-secondary a-size-base prodDetSectionEntry\">Num\u00e9ro du mod\u00e8le de l&rsquo;article<\/th>\n<td class=\"a-size-base prodDetAttrValue\">\u200e84233-01000-07<\/td>\n<\/tr>\n<tr>\n<th class=\"a-color-secondary a-size-base prodDetSectionEntry\">Dimensions du colis<\/th>\n<td class=\"a-size-base prodDetAttrValue\">\u200e15 x 4,6 x 3,2 cm; 60 grammes<\/td>\n<\/tr>\n<tr>\n<th class=\"a-color-secondary a-size-base prodDetSectionEntry\">ASIN<\/th>\n<td class=\"a-size-base prodDetAttrValue\">\u200eB071P95W5X<\/td>\n<\/tr>\n<\/tbody>\n<\/table>\n<\/div>\n<\/div>\n<\/div>","protected":false},"excerpt":{"rendered":"<div id=\"ProductSheetAccordion-content-0\" class=\"c-accordion-v2__panel u-p-lg js-accordion__panel\" aria-labelledby=\"ProductSheetAccordion-header-0\">\n<div id=\"MarketingLongDescription\">Q10 et vitamine C pure et hautement efficace &#8211; Sa formule l\u00e9g\u00e8re est facilement absorb\u00e9e par la peau pour lui donner une hydratation intense pendant la nuit &#8211; Pleine d&rsquo;\u00e9nergie et les caract\u00e9ristiques sont d\u00e9tendues &#8211; R\u00e9duit les principaux signes de stress : rides, peau et fatigu\u00e9s &#8211; Convient pour les peaux sensibles.<\/div>\n<\/div>","protected":false},"featured_media":21522,"comment_status":"open","ping_status":"closed","template":"","meta":[],"product_brand":[],"product_cat":[129,75,244,76],"product_tag":[125],"class_list":{"0":"post-7156","1":"product","2":"type-product","3":"status-publish","4":"has-post-thumbnail","6":"product_cat-creme-hydratante-fv","7":"product_cat-femme","8":"product_cat-nivea","9":"product_cat-soin-visage-f","10":"product_tag-made-in-france","12":"first","13":"instock","14":"shipping-taxable","15":"purchasable","16":"product-type-simple"},"_links":{"self":[{"href":"https:\/\/cosmeticstoredz.com\/ar\/wp-json\/wp\/v2\/product\/7156","targetHints":{"allow":["GET"]}}],"collection":[{"href":"https:\/\/cosmeticstoredz.com\/ar\/wp-json\/wp\/v2\/product"}],"about":[{"href":"https:\/\/cosmeticstoredz.com\/ar\/wp-json\/wp\/v2\/types\/product"}],"replies":[{"embeddable":true,"href":"https:\/\/cosmeticstoredz.com\/ar\/wp-json\/wp\/v2\/comments?post=7156"}],"version-history":[{"count":1,"href":"https:\/\/cosmeticstoredz.com\/ar\/wp-json\/wp\/v2\/product\/7156\/revisions"}],"predecessor-version":[{"id":21523,"href":"https:\/\/cosmeticstoredz.com\/ar\/wp-json\/wp\/v2\/product\/7156\/revisions\/21523"}],"wp:featuredmedia":[{"embeddable":true,"href":"https:\/\/cosmeticstoredz.com\/ar\/wp-json\/wp\/v2\/media\/21522"}],"wp:attachment":[{"href":"https:\/\/cosmeticstoredz.com\/ar\/wp-json\/wp\/v2\/media?parent=7156"}],"wp:term":[{"taxonomy":"product_brand","embeddable":true,"href":"https:\/\/cosmeticstoredz.com\/ar\/wp-json\/wp\/v2\/product_brand?post=7156"},{"taxonomy":"product_cat","embeddable":true,"href":"https:\/\/cosmeticstoredz.com\/ar\/wp-json\/wp\/v2\/product_cat?post=7156"},{"taxonomy":"product_tag","embeddable":true,"href":"https:\/\/cosmeticstoredz.com\/ar\/wp-json\/wp\/v2\/product_tag?post=7156"}],"curies":[{"name":"wp","href":"https:\/\/api.w.org\/{rel}","templated":true}]}}