{"id":7154,"date":"2025-06-04T19:56:32","date_gmt":"2025-06-04T19:56:32","guid":{"rendered":"https:\/\/test.fitnessworldgym27.com\/?post_type=product&#038;p=7154"},"modified":"2026-03-30T19:25:33","modified_gmt":"2026-03-30T19:25:33","slug":"nivea-micellair-demaq-o2-125ml","status":"publish","type":"product","link":"https:\/\/cosmeticstoredz.com\/ar\/product\/nivea-micellair-demaq-o2-125ml\/","title":{"rendered":"NIVEA MICELLAIR DEMAQ O2 125ML"},"content":{"rendered":"<div class=\"l-fp-subgrid__header\">\n<div class=\"c-fp-heading\">\n<div class=\"c-fp-heading__title u-mb-xs\">\n<h1>NIVEA D\u00e9maquillant Yeux Micell Air Black Waterproof &#8211; 125ml<\/h1>\n<\/div>\n<div class=\"c-fp-heading__infos\">D\u00e9maquillez-vous en douceur avec le d\u00e9maquillant yeux NIVEA Micell Air Black Waterproof. Formul\u00e9 pour \u00e9liminer efficacement le maquillage waterproof, y compris les mascaras les plus tenaces, ce d\u00e9maquillant utilise la technologie micellaire pour capturer et dissoudre les impuret\u00e9s sans frotter.<\/div>\n<\/div>\n<\/div>\n<div class=\"l-fp-subgrid__media\">\n<div class=\"c-productViewer col-sticky@md\">\n<div class=\"c-productViewer__viewer\">\n<div class=\"c-viewer__top u-position-absolute u-z-index-1 u-l-0\"><\/div>\n<div class=\"c-viewer__main\">\n<div class=\"c-fpmedia__top\"><\/div>\n<div class=\"c-fpmedia\"><\/div>\n<\/div>\n<\/div>\n<\/div>\n<\/div>","protected":false},"excerpt":{"rendered":"<p>D\u00e9maquillez-vous en douceur avec le d\u00e9maquillant yeux NIVEA Micell Air Black Waterproof. Formul\u00e9 pour \u00e9liminer efficacement le maquillage waterproof, y compris les mascaras les plus tenaces, ce d\u00e9maquillant utilise la technologie micellaire pour capturer et dissoudre les impuret\u00e9s sans frotter.<\/p>","protected":false},"featured_media":21518,"comment_status":"open","ping_status":"closed","template":"","meta":[],"product_brand":[],"product_cat":[136,137,75,122,76],"product_tag":[125],"class_list":{"0":"post-7154","1":"product","2":"type-product","3":"status-publish","4":"has-post-thumbnail","6":"product_cat-demaquillant","7":"product_cat-demaquillant-make-up","8":"product_cat-femme","9":"product_cat-make-up","10":"product_cat-soin-visage-f","11":"product_tag-made-in-france","13":"first","14":"instock","15":"shipping-taxable","16":"purchasable","17":"product-type-simple"},"_links":{"self":[{"href":"https:\/\/cosmeticstoredz.com\/ar\/wp-json\/wp\/v2\/product\/7154","targetHints":{"allow":["GET"]}}],"collection":[{"href":"https:\/\/cosmeticstoredz.com\/ar\/wp-json\/wp\/v2\/product"}],"about":[{"href":"https:\/\/cosmeticstoredz.com\/ar\/wp-json\/wp\/v2\/types\/product"}],"replies":[{"embeddable":true,"href":"https:\/\/cosmeticstoredz.com\/ar\/wp-json\/wp\/v2\/comments?post=7154"}],"version-history":[{"count":1,"href":"https:\/\/cosmeticstoredz.com\/ar\/wp-json\/wp\/v2\/product\/7154\/revisions"}],"predecessor-version":[{"id":21519,"href":"https:\/\/cosmeticstoredz.com\/ar\/wp-json\/wp\/v2\/product\/7154\/revisions\/21519"}],"wp:featuredmedia":[{"embeddable":true,"href":"https:\/\/cosmeticstoredz.com\/ar\/wp-json\/wp\/v2\/media\/21518"}],"wp:attachment":[{"href":"https:\/\/cosmeticstoredz.com\/ar\/wp-json\/wp\/v2\/media?parent=7154"}],"wp:term":[{"taxonomy":"product_brand","embeddable":true,"href":"https:\/\/cosmeticstoredz.com\/ar\/wp-json\/wp\/v2\/product_brand?post=7154"},{"taxonomy":"product_cat","embeddable":true,"href":"https:\/\/cosmeticstoredz.com\/ar\/wp-json\/wp\/v2\/product_cat?post=7154"},{"taxonomy":"product_tag","embeddable":true,"href":"https:\/\/cosmeticstoredz.com\/ar\/wp-json\/wp\/v2\/product_tag?post=7154"}],"curies":[{"name":"wp","href":"https:\/\/api.w.org\/{rel}","templated":true}]}}