{"id":714,"date":"2026-02-16T08:42:57","date_gmt":"2026-02-16T08:42:57","guid":{"rendered":"https:\/\/test.fitnessworldgym27.com\/?post_type=product&#038;p=714"},"modified":"2026-04-08T19:02:01","modified_gmt":"2026-04-08T19:02:01","slug":"dermactive-serum-anti-age-24k","status":"publish","type":"product","link":"https:\/\/cosmeticstoredz.com\/ar\/product\/dermactive-serum-anti-age-24k\/","title":{"rendered":"DERMACTIVE SERUM ANTI AGE 24K"},"content":{"rendered":"","protected":false},"excerpt":{"rendered":"<p>S\u00c9RUM ANTI \u00c2GE 24 k GOLD est un S\u00e9rum de soin professionnel anti-\u00e2ge et d\u2019hydratation intense au collag\u00e8ne \u00e0 l\u2019or 24 carats, c\u2019est un traitement unique pour les rides et procure un \u00e9clat naturel instantan\u00e9<\/p>","protected":false},"featured_media":745,"comment_status":"closed","ping_status":"closed","template":"","meta":[],"product_brand":[406],"product_cat":[71,75,77,76],"product_tag":[],"class_list":{"0":"post-714","1":"product","2":"type-product","3":"status-publish","4":"has-post-thumbnail","6":"product_brand-dermactive","7":"product_cat-dermactive","8":"product_cat-femme","9":"product_cat-serum-fv","10":"product_cat-soin-visage-f","12":"first","13":"outofstock","14":"shipping-taxable","15":"purchasable","16":"product-type-simple"},"_links":{"self":[{"href":"https:\/\/cosmeticstoredz.com\/ar\/wp-json\/wp\/v2\/product\/714","targetHints":{"allow":["GET"]}}],"collection":[{"href":"https:\/\/cosmeticstoredz.com\/ar\/wp-json\/wp\/v2\/product"}],"about":[{"href":"https:\/\/cosmeticstoredz.com\/ar\/wp-json\/wp\/v2\/types\/product"}],"replies":[{"embeddable":true,"href":"https:\/\/cosmeticstoredz.com\/ar\/wp-json\/wp\/v2\/comments?post=714"}],"version-history":[{"count":1,"href":"https:\/\/cosmeticstoredz.com\/ar\/wp-json\/wp\/v2\/product\/714\/revisions"}],"predecessor-version":[{"id":746,"href":"https:\/\/cosmeticstoredz.com\/ar\/wp-json\/wp\/v2\/product\/714\/revisions\/746"}],"wp:featuredmedia":[{"embeddable":true,"href":"https:\/\/cosmeticstoredz.com\/ar\/wp-json\/wp\/v2\/media\/745"}],"wp:attachment":[{"href":"https:\/\/cosmeticstoredz.com\/ar\/wp-json\/wp\/v2\/media?parent=714"}],"wp:term":[{"taxonomy":"product_brand","embeddable":true,"href":"https:\/\/cosmeticstoredz.com\/ar\/wp-json\/wp\/v2\/product_brand?post=714"},{"taxonomy":"product_cat","embeddable":true,"href":"https:\/\/cosmeticstoredz.com\/ar\/wp-json\/wp\/v2\/product_cat?post=714"},{"taxonomy":"product_tag","embeddable":true,"href":"https:\/\/cosmeticstoredz.com\/ar\/wp-json\/wp\/v2\/product_tag?post=714"}],"curies":[{"name":"wp","href":"https:\/\/api.w.org\/{rel}","templated":true}]}}