{"id":7116,"date":"2025-06-04T19:56:11","date_gmt":"2025-06-04T19:56:11","guid":{"rendered":"https:\/\/test.fitnessworldgym27.com\/?post_type=product&#038;p=7116"},"modified":"2026-03-30T19:25:31","modified_gmt":"2026-03-30T19:25:31","slug":"nature-drop-huile-noyau-de-date","status":"publish","type":"product","link":"https:\/\/cosmeticstoredz.com\/ar\/product\/nature-drop-huile-noyau-de-date\/","title":{"rendered":"NATURE DROP HUILE NOYAU DE DATE"},"content":{"rendered":"<p>Bienfaits: Augmente la longueur des cheveux en tr\u00e8s peu de temps et leur donne un bel aspect et renforce les follicules et le traitement des probl\u00e8mes capillaires, y compris la calvitie. Il est \u00e9galement possible d\u2019utiliser l\u2019huile de datte pour allonger et \u00e9paissir les cils en pla\u00e7ant une huile de datte telle que le kh\u00f4l ou en utilisant la brosse \u00e0 mascara Mode d\u2019utilisations: Ajouter quelques gouttes d\u2019huile de noyaux de datte au shampooing habituel et bien frotter le cuir chevelu, puis rinc\u00e9 \u00e0 l\u2019eau.<\/p>","protected":false},"excerpt":{"rendered":"<p>Bienfaits: Augmente la longueur des cheveux en tr\u00e8s peu de temps et leur donne un bel aspect et renforce les<\/p>","protected":false},"featured_media":21484,"comment_status":"open","ping_status":"closed","template":"","meta":[],"product_brand":[],"product_cat":[75,96],"product_tag":[90],"class_list":{"0":"post-7116","1":"product","2":"type-product","3":"status-publish","4":"has-post-thumbnail","6":"product_cat-femme","7":"product_cat-huile","8":"product_tag-made-in-algeria","10":"first","11":"instock","12":"shipping-taxable","13":"purchasable","14":"product-type-simple"},"_links":{"self":[{"href":"https:\/\/cosmeticstoredz.com\/ar\/wp-json\/wp\/v2\/product\/7116","targetHints":{"allow":["GET"]}}],"collection":[{"href":"https:\/\/cosmeticstoredz.com\/ar\/wp-json\/wp\/v2\/product"}],"about":[{"href":"https:\/\/cosmeticstoredz.com\/ar\/wp-json\/wp\/v2\/types\/product"}],"replies":[{"embeddable":true,"href":"https:\/\/cosmeticstoredz.com\/ar\/wp-json\/wp\/v2\/comments?post=7116"}],"version-history":[{"count":1,"href":"https:\/\/cosmeticstoredz.com\/ar\/wp-json\/wp\/v2\/product\/7116\/revisions"}],"predecessor-version":[{"id":21485,"href":"https:\/\/cosmeticstoredz.com\/ar\/wp-json\/wp\/v2\/product\/7116\/revisions\/21485"}],"wp:featuredmedia":[{"embeddable":true,"href":"https:\/\/cosmeticstoredz.com\/ar\/wp-json\/wp\/v2\/media\/21484"}],"wp:attachment":[{"href":"https:\/\/cosmeticstoredz.com\/ar\/wp-json\/wp\/v2\/media?parent=7116"}],"wp:term":[{"taxonomy":"product_brand","embeddable":true,"href":"https:\/\/cosmeticstoredz.com\/ar\/wp-json\/wp\/v2\/product_brand?post=7116"},{"taxonomy":"product_cat","embeddable":true,"href":"https:\/\/cosmeticstoredz.com\/ar\/wp-json\/wp\/v2\/product_cat?post=7116"},{"taxonomy":"product_tag","embeddable":true,"href":"https:\/\/cosmeticstoredz.com\/ar\/wp-json\/wp\/v2\/product_tag?post=7116"}],"curies":[{"name":"wp","href":"https:\/\/api.w.org\/{rel}","templated":true}]}}