{"id":7083,"date":"2025-06-04T19:55:47","date_gmt":"2025-06-04T19:55:47","guid":{"rendered":"https:\/\/test.fitnessworldgym27.com\/?post_type=product&#038;p=7083"},"modified":"2026-03-30T19:24:17","modified_gmt":"2026-03-30T19:24:17","slug":"nature-drop-huile-d-encens","status":"publish","type":"product","link":"https:\/\/cosmeticstoredz.com\/ar\/product\/nature-drop-huile-d-encens\/","title":{"rendered":"NATURE DROP HUILE D ENCENS"},"content":{"rendered":"<p><strong>Les propri\u00e9t\u00e9s de l\u2019huile\u00a0essentielle d\u2019Encens\u00a0Oliban<\/strong><\/p>\n<ul>\n<li>Antid\u00e9pressive et \u00e9quilibrante du syst\u00e8me nerveux.<\/li>\n<li>Stimulante de la m\u00e9moire et de la concentration.<\/li>\n<li>Cicatrisante et r\u00e9g\u00e9n\u00e9rante cutan\u00e9e.<\/li>\n<li>Expectorante respiratoire.<\/li>\n<li>Anti inflammatoire.<\/li>\n<li>Antivirale et anti-infectieuse.<\/li>\n<\/ul>","protected":false},"excerpt":{"rendered":"<p>Les propri\u00e9t\u00e9s de l\u2019huile\u00a0essentielle d\u2019Encens\u00a0Oliban Antid\u00e9pressive et \u00e9quilibrante du syst\u00e8me nerveux. Stimulante de la m\u00e9moire et de la concentration. Cicatrisante<\/p>","protected":false},"featured_media":21456,"comment_status":"open","ping_status":"closed","template":"","meta":[],"product_brand":[],"product_cat":[96],"product_tag":[90],"class_list":{"0":"post-7083","1":"product","2":"type-product","3":"status-publish","4":"has-post-thumbnail","6":"product_cat-huile","7":"product_tag-made-in-algeria","9":"first","10":"instock","11":"shipping-taxable","12":"purchasable","13":"product-type-simple"},"_links":{"self":[{"href":"https:\/\/cosmeticstoredz.com\/ar\/wp-json\/wp\/v2\/product\/7083","targetHints":{"allow":["GET"]}}],"collection":[{"href":"https:\/\/cosmeticstoredz.com\/ar\/wp-json\/wp\/v2\/product"}],"about":[{"href":"https:\/\/cosmeticstoredz.com\/ar\/wp-json\/wp\/v2\/types\/product"}],"replies":[{"embeddable":true,"href":"https:\/\/cosmeticstoredz.com\/ar\/wp-json\/wp\/v2\/comments?post=7083"}],"version-history":[{"count":1,"href":"https:\/\/cosmeticstoredz.com\/ar\/wp-json\/wp\/v2\/product\/7083\/revisions"}],"predecessor-version":[{"id":21457,"href":"https:\/\/cosmeticstoredz.com\/ar\/wp-json\/wp\/v2\/product\/7083\/revisions\/21457"}],"wp:featuredmedia":[{"embeddable":true,"href":"https:\/\/cosmeticstoredz.com\/ar\/wp-json\/wp\/v2\/media\/21456"}],"wp:attachment":[{"href":"https:\/\/cosmeticstoredz.com\/ar\/wp-json\/wp\/v2\/media?parent=7083"}],"wp:term":[{"taxonomy":"product_brand","embeddable":true,"href":"https:\/\/cosmeticstoredz.com\/ar\/wp-json\/wp\/v2\/product_brand?post=7083"},{"taxonomy":"product_cat","embeddable":true,"href":"https:\/\/cosmeticstoredz.com\/ar\/wp-json\/wp\/v2\/product_cat?post=7083"},{"taxonomy":"product_tag","embeddable":true,"href":"https:\/\/cosmeticstoredz.com\/ar\/wp-json\/wp\/v2\/product_tag?post=7083"}],"curies":[{"name":"wp","href":"https:\/\/api.w.org\/{rel}","templated":true}]}}