{"id":7078,"date":"2025-06-04T19:55:47","date_gmt":"2025-06-04T19:55:47","guid":{"rendered":"https:\/\/test.fitnessworldgym27.com\/?post_type=product&#038;p=7078"},"modified":"2026-05-02T18:57:34","modified_gmt":"2026-05-02T18:57:34","slug":"nature-drop-huile-cactus","status":"publish","type":"product","link":"https:\/\/cosmeticstoredz.com\/ar\/product\/nature-drop-huile-cactus\/","title":{"rendered":"NATURE DROP HUILE CACTUS"},"content":{"rendered":"<div class=\"woocommerce-tabs wc-tabs-wrapper\">\n<div id=\"tab-description\" class=\"woocommerce-Tabs-panel woocommerce-Tabs-panel--description panel entry-content wc-tab\" role=\"tabpanel\" aria-labelledby=\"tab-title-description\">\n<p>Bienfaits et Vertus:*R\u00e9g\u00e9n\u00e9rant, *Emolliente, *Anticerne,*Anti oxydante, *Antiride, *Hydratante, * Nourrissante.<\/p>\n<p>Mode d\u2019utilisation: Visage :*Le soir, lorsque votre peau est parfaitement nettoy\u00e9e, \u00e9talez-en \u00e0 peine quelques gouttes sur le visage et sur le cou. Vous pouvez insister sur les endroits plus fragiles, comme le contour des yeux et le contour des l\u00e8vres. Cheveux: *Appliquez une \u00e0 deux fois par semaine quelques gouttes d\u2019huile de cactus sur vos cheveux comme avant-shampoing. Patientez dix \u00e0 quinze minutes avant de les rincer abondamment \u00e0 l\u2019eau claire puis r\u00e9alisez votre shampoing habituel.<\/p>\n<\/div>\n<\/div>\n<section class=\"related products\">\n<h2><\/h2>\n<\/section>","protected":false},"excerpt":{"rendered":"<p>Bienfaits et Vertus:*R\u00e9g\u00e9n\u00e9rant, *Emolliente, *Anticerne,*Anti oxydante, *Antiride, *Hydratante, * Nourrissante. Mode d\u2019utilisation: Visage :*Le soir, lorsque votre peau est parfaitement<\/p>","protected":false},"featured_media":0,"comment_status":"open","ping_status":"closed","template":"","meta":[],"product_brand":[],"product_cat":[96],"product_tag":[90],"class_list":{"0":"post-7078","1":"product","2":"type-product","3":"status-publish","5":"product_cat-huile","6":"product_tag-made-in-algeria","8":"first","9":"outofstock","10":"shipping-taxable","11":"purchasable","12":"product-type-simple"},"yoast_head":"<!-- This site is optimized with the Yoast SEO plugin v27.3 - https:\/\/yoast.com\/product\/yoast-seo-wordpress\/ -->\n<title>NATURE DROP HUILE CACTUS - Cosmetic Store<\/title>\n<meta name=\"robots\" content=\"index, follow, max-snippet:-1, max-image-preview:large, max-video-preview:-1\" \/>\n<link rel=\"canonical\" href=\"https:\/\/cosmeticstoredz.com\/ar\/product\/nature-drop-huile-cactus\/\" \/>\n<meta property=\"og:locale\" content=\"ar_AR\" \/>\n<meta property=\"og:type\" content=\"article\" \/>\n<meta property=\"og:title\" content=\"NATURE DROP HUILE CACTUS - Cosmetic Store\" \/>\n<meta property=\"og:description\" content=\"Bienfaits et Vertus:*R\u00e9g\u00e9n\u00e9rant, *Emolliente, *Anticerne,*Anti oxydante, *Antiride, *Hydratante, * Nourrissante. Mode d\u2019utilisation: Visage :*Le soir, lorsque votre peau est parfaitement\" \/>\n<meta property=\"og:url\" content=\"https:\/\/cosmeticstoredz.com\/ar\/product\/nature-drop-huile-cactus\/\" \/>\n<meta property=\"og:site_name\" content=\"Cosmetic Store\" \/>\n<meta property=\"article:publisher\" content=\"https:\/\/www.facebook.com\/profile.php?id=61564954260683\" \/>\n<meta property=\"article:modified_time\" content=\"2026-05-02T18:57:34+00:00\" \/>\n<meta name=\"twitter:card\" content=\"summary_large_image\" \/>\n<script type=\"application\/ld+json\" class=\"yoast-schema-graph\">{\"@context\":\"https:\\\/\\\/schema.org\",\"@graph\":[{\"@type\":\"WebPage\",\"@id\":\"https:\\\/\\\/cosmeticstoredz.com\\\/produit\\\/nature-drop-huile-cactus\\\/\",\"url\":\"https:\\\/\\\/cosmeticstoredz.com\\\/produit\\\/nature-drop-huile-cactus\\\/\",\"name\":\"NATURE DROP HUILE CACTUS - Cosmetic Store\",\"isPartOf\":{\"@id\":\"https:\\\/\\\/cosmeticstoredz.com\\\/#website\"},\"datePublished\":\"2025-06-04T19:55:47+00:00\",\"dateModified\":\"2026-05-02T18:57:34+00:00\",\"breadcrumb\":{\"@id\":\"https:\\\/\\\/cosmeticstoredz.com\\\/produit\\\/nature-drop-huile-cactus\\\/#breadcrumb\"},\"inLanguage\":\"ar\",\"potentialAction\":[{\"@type\":\"ReadAction\",\"target\":[\"https:\\\/\\\/cosmeticstoredz.com\\\/produit\\\/nature-drop-huile-cactus\\\/\"]}]},{\"@type\":\"BreadcrumbList\",\"@id\":\"https:\\\/\\\/cosmeticstoredz.com\\\/produit\\\/nature-drop-huile-cactus\\\/#breadcrumb\",\"itemListElement\":[{\"@type\":\"ListItem\",\"position\":1,\"name\":\"Accueil\",\"item\":\"https:\\\/\\\/cosmeticstoredz.com\\\/\"},{\"@type\":\"ListItem\",\"position\":2,\"name\":\"Boutique\",\"item\":\"https:\\\/\\\/cosmeticstoredz.com\\\/boutique\\\/\"},{\"@type\":\"ListItem\",\"position\":3,\"name\":\"NATURE DROP HUILE CACTUS\"}]},{\"@type\":\"WebSite\",\"@id\":\"https:\\\/\\\/cosmeticstoredz.com\\\/#website\",\"url\":\"https:\\\/\\\/cosmeticstoredz.com\\\/\",\"name\":\"Cosmetic Store\",\"description\":\"\",\"publisher\":{\"@id\":\"https:\\\/\\\/cosmeticstoredz.com\\\/#organization\"},\"potentialAction\":[{\"@type\":\"SearchAction\",\"target\":{\"@type\":\"EntryPoint\",\"urlTemplate\":\"https:\\\/\\\/cosmeticstoredz.com\\\/?s={search_term_string}\"},\"query-input\":{\"@type\":\"PropertyValueSpecification\",\"valueRequired\":true,\"valueName\":\"search_term_string\"}}],\"inLanguage\":\"ar\"},{\"@type\":\"Organization\",\"@id\":\"https:\\\/\\\/cosmeticstoredz.com\\\/#organization\",\"name\":\"Cosmetic Store\",\"url\":\"https:\\\/\\\/cosmeticstoredz.com\\\/\",\"logo\":{\"@type\":\"ImageObject\",\"inLanguage\":\"ar\",\"@id\":\"https:\\\/\\\/cosmeticstoredz.com\\\/#\\\/schema\\\/logo\\\/image\\\/\",\"url\":\"https:\\\/\\\/cosmeticstoredz.com\\\/wp-content\\\/uploads\\\/2026\\\/02\\\/cropped-LOGO_CS-512x512-1-1-e1771275285345.webp\",\"contentUrl\":\"https:\\\/\\\/cosmeticstoredz.com\\\/wp-content\\\/uploads\\\/2026\\\/02\\\/cropped-LOGO_CS-512x512-1-1-e1771275285345.webp\",\"width\":265,\"height\":319,\"caption\":\"Cosmetic Store\"},\"image\":{\"@id\":\"https:\\\/\\\/cosmeticstoredz.com\\\/#\\\/schema\\\/logo\\\/image\\\/\"},\"sameAs\":[\"https:\\\/\\\/www.facebook.com\\\/profile.php?id=61564954260683\",\"https:\\\/\\\/www.instagram.com\\\/cosmetic.storedz\\\/\"]}]}<\/script>\n<!-- \/ Yoast SEO plugin. -->","yoast_head_json":{"title":"NATURE DROP HUILE CACTUS - Cosmetic Store","robots":{"index":"index","follow":"follow","max-snippet":"max-snippet:-1","max-image-preview":"max-image-preview:large","max-video-preview":"max-video-preview:-1"},"canonical":"https:\/\/cosmeticstoredz.com\/ar\/product\/nature-drop-huile-cactus\/","og_locale":"ar_AR","og_type":"article","og_title":"NATURE DROP HUILE CACTUS - Cosmetic Store","og_description":"Bienfaits et Vertus:*R\u00e9g\u00e9n\u00e9rant, *Emolliente, *Anticerne,*Anti oxydante, *Antiride, *Hydratante, * Nourrissante. Mode d\u2019utilisation: Visage :*Le soir, lorsque votre peau est parfaitement","og_url":"https:\/\/cosmeticstoredz.com\/ar\/product\/nature-drop-huile-cactus\/","og_site_name":"Cosmetic Store","article_publisher":"https:\/\/www.facebook.com\/profile.php?id=61564954260683","article_modified_time":"2026-05-02T18:57:34+00:00","twitter_card":"summary_large_image","schema":{"@context":"https:\/\/schema.org","@graph":[{"@type":"WebPage","@id":"https:\/\/cosmeticstoredz.com\/produit\/nature-drop-huile-cactus\/","url":"https:\/\/cosmeticstoredz.com\/produit\/nature-drop-huile-cactus\/","name":"NATURE DROP HUILE CACTUS - Cosmetic Store","isPartOf":{"@id":"https:\/\/cosmeticstoredz.com\/#website"},"datePublished":"2025-06-04T19:55:47+00:00","dateModified":"2026-05-02T18:57:34+00:00","breadcrumb":{"@id":"https:\/\/cosmeticstoredz.com\/produit\/nature-drop-huile-cactus\/#breadcrumb"},"inLanguage":"ar","potentialAction":[{"@type":"ReadAction","target":["https:\/\/cosmeticstoredz.com\/produit\/nature-drop-huile-cactus\/"]}]},{"@type":"BreadcrumbList","@id":"https:\/\/cosmeticstoredz.com\/produit\/nature-drop-huile-cactus\/#breadcrumb","itemListElement":[{"@type":"ListItem","position":1,"name":"Accueil","item":"https:\/\/cosmeticstoredz.com\/"},{"@type":"ListItem","position":2,"name":"Boutique","item":"https:\/\/cosmeticstoredz.com\/boutique\/"},{"@type":"ListItem","position":3,"name":"NATURE DROP HUILE CACTUS"}]},{"@type":"WebSite","@id":"https:\/\/cosmeticstoredz.com\/#website","url":"https:\/\/cosmeticstoredz.com\/","name":"Cosmetic Store","description":"","publisher":{"@id":"https:\/\/cosmeticstoredz.com\/#organization"},"potentialAction":[{"@type":"SearchAction","target":{"@type":"EntryPoint","urlTemplate":"https:\/\/cosmeticstoredz.com\/?s={search_term_string}"},"query-input":{"@type":"PropertyValueSpecification","valueRequired":true,"valueName":"search_term_string"}}],"inLanguage":"ar"},{"@type":"Organization","@id":"https:\/\/cosmeticstoredz.com\/#organization","name":"Cosmetic Store","url":"https:\/\/cosmeticstoredz.com\/","logo":{"@type":"ImageObject","inLanguage":"ar","@id":"https:\/\/cosmeticstoredz.com\/#\/schema\/logo\/image\/","url":"https:\/\/cosmeticstoredz.com\/wp-content\/uploads\/2026\/02\/cropped-LOGO_CS-512x512-1-1-e1771275285345.webp","contentUrl":"https:\/\/cosmeticstoredz.com\/wp-content\/uploads\/2026\/02\/cropped-LOGO_CS-512x512-1-1-e1771275285345.webp","width":265,"height":319,"caption":"Cosmetic Store"},"image":{"@id":"https:\/\/cosmeticstoredz.com\/#\/schema\/logo\/image\/"},"sameAs":["https:\/\/www.facebook.com\/profile.php?id=61564954260683","https:\/\/www.instagram.com\/cosmetic.storedz\/"]}]}},"_links":{"self":[{"href":"https:\/\/cosmeticstoredz.com\/ar\/wp-json\/wp\/v2\/product\/7078","targetHints":{"allow":["GET"]}}],"collection":[{"href":"https:\/\/cosmeticstoredz.com\/ar\/wp-json\/wp\/v2\/product"}],"about":[{"href":"https:\/\/cosmeticstoredz.com\/ar\/wp-json\/wp\/v2\/types\/product"}],"replies":[{"embeddable":true,"href":"https:\/\/cosmeticstoredz.com\/ar\/wp-json\/wp\/v2\/comments?post=7078"}],"version-history":[{"count":1,"href":"https:\/\/cosmeticstoredz.com\/ar\/wp-json\/wp\/v2\/product\/7078\/revisions"}],"predecessor-version":[{"id":21447,"href":"https:\/\/cosmeticstoredz.com\/ar\/wp-json\/wp\/v2\/product\/7078\/revisions\/21447"}],"wp:attachment":[{"href":"https:\/\/cosmeticstoredz.com\/ar\/wp-json\/wp\/v2\/media?parent=7078"}],"wp:term":[{"taxonomy":"product_brand","embeddable":true,"href":"https:\/\/cosmeticstoredz.com\/ar\/wp-json\/wp\/v2\/product_brand?post=7078"},{"taxonomy":"product_cat","embeddable":true,"href":"https:\/\/cosmeticstoredz.com\/ar\/wp-json\/wp\/v2\/product_cat?post=7078"},{"taxonomy":"product_tag","embeddable":true,"href":"https:\/\/cosmeticstoredz.com\/ar\/wp-json\/wp\/v2\/product_tag?post=7078"}],"curies":[{"name":"wp","href":"https:\/\/api.w.org\/{rel}","templated":true}]}}