{"id":7011,"date":"2025-06-04T19:55:03","date_gmt":"2025-06-04T19:55:03","guid":{"rendered":"https:\/\/test.fitnessworldgym27.com\/?post_type=product&#038;p=7011"},"modified":"2026-04-27T15:58:11","modified_gmt":"2026-04-27T15:58:11","slug":"myla-epil-soin-100ml-lotion-avant-epilation","status":"publish","type":"product","link":"https:\/\/cosmeticstoredz.com\/ar\/product\/myla-epil-soin-100ml-lotion-avant-epilation\/","title":{"rendered":"MYLA EPIL SOIN 100ML  LOTION AVANT EPILATION AUX ACIDES DE FRUITS EXFOLIANTS"},"content":{"rendered":"<p>Pr\u00e9parez votre peau pour une \u00e9pilation en douceur avec la lotion Myla \u00c9pil Soin. Formul\u00e9e sp\u00e9cifiquement pour nettoyer et apaiser la peau avant l&rsquo;\u00e9pilation, cette lotion de 100ml \u00e9limine les impuret\u00e9s et l&rsquo;exc\u00e8s de s\u00e9bum, assurant une adh\u00e9rence optimale de la cire.<\/p>","protected":false},"excerpt":{"rendered":"<p>Pr\u00e9parez votre peau pour une \u00e9pilation en douceur avec la lotion Myla \u00c9pil Soin. Formul\u00e9e sp\u00e9cifiquement pour nettoyer et apaiser la peau avant l&rsquo;\u00e9pilation, cette lotion de 100ml \u00e9limine les impuret\u00e9s et l&rsquo;exc\u00e8s de s\u00e9bum, assurant une adh\u00e9rence optimale de la cire.<\/p>","protected":false},"featured_media":21385,"comment_status":"closed","ping_status":"closed","template":"","meta":[],"product_brand":[],"product_cat":[99,75,234,81],"product_tag":[],"class_list":{"0":"post-7011","1":"product","2":"type-product","3":"status-publish","4":"has-post-thumbnail","6":"product_cat-epilation","7":"product_cat-femme","8":"product_cat-myla","9":"product_cat-soin-corps-f","11":"first","12":"instock","13":"shipping-taxable","14":"purchasable","15":"product-type-simple"},"yoast_head":"<!-- This site is optimized with the Yoast SEO plugin v27.3 - https:\/\/yoast.com\/product\/yoast-seo-wordpress\/ -->\n<title>MYLA EPIL SOIN 100ML LOTION AVANT EPILATION AUX ACIDES DE FRUITS EXFOLIANTS - Cosmetic Store<\/title>\n<meta name=\"robots\" content=\"index, follow, max-snippet:-1, max-image-preview:large, max-video-preview:-1\" \/>\n<link rel=\"canonical\" href=\"https:\/\/cosmeticstoredz.com\/ar\/product\/myla-epil-soin-100ml-lotion-avant-epilation\/\" \/>\n<meta property=\"og:locale\" content=\"ar_AR\" \/>\n<meta property=\"og:type\" content=\"article\" \/>\n<meta property=\"og:title\" content=\"MYLA EPIL SOIN 100ML LOTION AVANT EPILATION AUX ACIDES DE FRUITS EXFOLIANTS - Cosmetic Store\" \/>\n<meta property=\"og:description\" content=\"Pr\u00e9parez votre peau pour une \u00e9pilation en douceur avec la lotion Myla \u00c9pil Soin. Formul\u00e9e sp\u00e9cifiquement pour nettoyer et apaiser la peau avant l&#039;\u00e9pilation, cette lotion de 100ml \u00e9limine les impuret\u00e9s et l&#039;exc\u00e8s de s\u00e9bum, assurant une adh\u00e9rence optimale de la cire.\" \/>\n<meta property=\"og:url\" content=\"https:\/\/cosmeticstoredz.com\/ar\/product\/myla-epil-soin-100ml-lotion-avant-epilation\/\" \/>\n<meta property=\"og:site_name\" content=\"Cosmetic Store\" \/>\n<meta property=\"article:publisher\" content=\"https:\/\/www.facebook.com\/profile.php?id=61564954260683\" \/>\n<meta property=\"article:modified_time\" content=\"2026-04-27T15:58:11+00:00\" \/>\n<meta property=\"og:image\" content=\"https:\/\/cosmeticstoredz.com\/wp-content\/uploads\/2026\/02\/Design-sans-titre-72-2.png\" \/>\n\t<meta property=\"og:image:width\" content=\"1563\" \/>\n\t<meta property=\"og:image:height\" content=\"1563\" \/>\n\t<meta property=\"og:image:type\" content=\"image\/png\" \/>\n<meta name=\"twitter:card\" content=\"summary_large_image\" \/>\n<script type=\"application\/ld+json\" class=\"yoast-schema-graph\">{\"@context\":\"https:\\\/\\\/schema.org\",\"@graph\":[{\"@type\":\"WebPage\",\"@id\":\"https:\\\/\\\/cosmeticstoredz.com\\\/produit\\\/myla-epil-soin-100ml-lotion-avant-epilation\\\/\",\"url\":\"https:\\\/\\\/cosmeticstoredz.com\\\/produit\\\/myla-epil-soin-100ml-lotion-avant-epilation\\\/\",\"name\":\"MYLA EPIL SOIN 100ML LOTION AVANT EPILATION AUX ACIDES DE FRUITS EXFOLIANTS - Cosmetic Store\",\"isPartOf\":{\"@id\":\"https:\\\/\\\/cosmeticstoredz.com\\\/#website\"},\"primaryImageOfPage\":{\"@id\":\"https:\\\/\\\/cosmeticstoredz.com\\\/produit\\\/myla-epil-soin-100ml-lotion-avant-epilation\\\/#primaryimage\"},\"image\":{\"@id\":\"https:\\\/\\\/cosmeticstoredz.com\\\/produit\\\/myla-epil-soin-100ml-lotion-avant-epilation\\\/#primaryimage\"},\"thumbnailUrl\":\"https:\\\/\\\/cosmeticstoredz.com\\\/wp-content\\\/uploads\\\/2026\\\/02\\\/Design-sans-titre-72-2.png\",\"datePublished\":\"2025-06-04T19:55:03+00:00\",\"dateModified\":\"2026-04-27T15:58:11+00:00\",\"breadcrumb\":{\"@id\":\"https:\\\/\\\/cosmeticstoredz.com\\\/produit\\\/myla-epil-soin-100ml-lotion-avant-epilation\\\/#breadcrumb\"},\"inLanguage\":\"ar\",\"potentialAction\":[{\"@type\":\"ReadAction\",\"target\":[\"https:\\\/\\\/cosmeticstoredz.com\\\/produit\\\/myla-epil-soin-100ml-lotion-avant-epilation\\\/\"]}]},{\"@type\":\"ImageObject\",\"inLanguage\":\"ar\",\"@id\":\"https:\\\/\\\/cosmeticstoredz.com\\\/produit\\\/myla-epil-soin-100ml-lotion-avant-epilation\\\/#primaryimage\",\"url\":\"https:\\\/\\\/cosmeticstoredz.com\\\/wp-content\\\/uploads\\\/2026\\\/02\\\/Design-sans-titre-72-2.png\",\"contentUrl\":\"https:\\\/\\\/cosmeticstoredz.com\\\/wp-content\\\/uploads\\\/2026\\\/02\\\/Design-sans-titre-72-2.png\",\"width\":1563,\"height\":1563},{\"@type\":\"BreadcrumbList\",\"@id\":\"https:\\\/\\\/cosmeticstoredz.com\\\/produit\\\/myla-epil-soin-100ml-lotion-avant-epilation\\\/#breadcrumb\",\"itemListElement\":[{\"@type\":\"ListItem\",\"position\":1,\"name\":\"Accueil\",\"item\":\"https:\\\/\\\/cosmeticstoredz.com\\\/\"},{\"@type\":\"ListItem\",\"position\":2,\"name\":\"Boutique\",\"item\":\"https:\\\/\\\/cosmeticstoredz.com\\\/boutique\\\/\"},{\"@type\":\"ListItem\",\"position\":3,\"name\":\"MYLA EPIL SOIN 100ML LOTION AVANT EPILATION AUX ACIDES DE FRUITS EXFOLIANTS\"}]},{\"@type\":\"WebSite\",\"@id\":\"https:\\\/\\\/cosmeticstoredz.com\\\/#website\",\"url\":\"https:\\\/\\\/cosmeticstoredz.com\\\/\",\"name\":\"Cosmetic Store\",\"description\":\"\",\"publisher\":{\"@id\":\"https:\\\/\\\/cosmeticstoredz.com\\\/#organization\"},\"potentialAction\":[{\"@type\":\"SearchAction\",\"target\":{\"@type\":\"EntryPoint\",\"urlTemplate\":\"https:\\\/\\\/cosmeticstoredz.com\\\/?s={search_term_string}\"},\"query-input\":{\"@type\":\"PropertyValueSpecification\",\"valueRequired\":true,\"valueName\":\"search_term_string\"}}],\"inLanguage\":\"ar\"},{\"@type\":\"Organization\",\"@id\":\"https:\\\/\\\/cosmeticstoredz.com\\\/#organization\",\"name\":\"Cosmetic Store\",\"url\":\"https:\\\/\\\/cosmeticstoredz.com\\\/\",\"logo\":{\"@type\":\"ImageObject\",\"inLanguage\":\"ar\",\"@id\":\"https:\\\/\\\/cosmeticstoredz.com\\\/#\\\/schema\\\/logo\\\/image\\\/\",\"url\":\"https:\\\/\\\/cosmeticstoredz.com\\\/wp-content\\\/uploads\\\/2026\\\/02\\\/cropped-LOGO_CS-512x512-1-1-e1771275285345.webp\",\"contentUrl\":\"https:\\\/\\\/cosmeticstoredz.com\\\/wp-content\\\/uploads\\\/2026\\\/02\\\/cropped-LOGO_CS-512x512-1-1-e1771275285345.webp\",\"width\":265,\"height\":319,\"caption\":\"Cosmetic Store\"},\"image\":{\"@id\":\"https:\\\/\\\/cosmeticstoredz.com\\\/#\\\/schema\\\/logo\\\/image\\\/\"},\"sameAs\":[\"https:\\\/\\\/www.facebook.com\\\/profile.php?id=61564954260683\",\"https:\\\/\\\/www.instagram.com\\\/cosmetic.storedz\\\/\"]}]}<\/script>\n<!-- \/ Yoast SEO plugin. -->","yoast_head_json":{"title":"MYLA EPIL SOIN 100ML LOTION AVANT EPILATION AUX ACIDES DE FRUITS EXFOLIANTS - Cosmetic Store","robots":{"index":"index","follow":"follow","max-snippet":"max-snippet:-1","max-image-preview":"max-image-preview:large","max-video-preview":"max-video-preview:-1"},"canonical":"https:\/\/cosmeticstoredz.com\/ar\/product\/myla-epil-soin-100ml-lotion-avant-epilation\/","og_locale":"ar_AR","og_type":"article","og_title":"MYLA EPIL SOIN 100ML LOTION AVANT EPILATION AUX ACIDES DE FRUITS EXFOLIANTS - Cosmetic Store","og_description":"Pr\u00e9parez votre peau pour une \u00e9pilation en douceur avec la lotion Myla \u00c9pil Soin. Formul\u00e9e sp\u00e9cifiquement pour nettoyer et apaiser la peau avant l'\u00e9pilation, cette lotion de 100ml \u00e9limine les impuret\u00e9s et l'exc\u00e8s de s\u00e9bum, assurant une adh\u00e9rence optimale de la cire.","og_url":"https:\/\/cosmeticstoredz.com\/ar\/product\/myla-epil-soin-100ml-lotion-avant-epilation\/","og_site_name":"Cosmetic Store","article_publisher":"https:\/\/www.facebook.com\/profile.php?id=61564954260683","article_modified_time":"2026-04-27T15:58:11+00:00","og_image":[{"width":1563,"height":1563,"url":"https:\/\/cosmeticstoredz.com\/wp-content\/uploads\/2026\/02\/Design-sans-titre-72-2.png","type":"image\/png"}],"twitter_card":"summary_large_image","schema":{"@context":"https:\/\/schema.org","@graph":[{"@type":"WebPage","@id":"https:\/\/cosmeticstoredz.com\/produit\/myla-epil-soin-100ml-lotion-avant-epilation\/","url":"https:\/\/cosmeticstoredz.com\/produit\/myla-epil-soin-100ml-lotion-avant-epilation\/","name":"MYLA EPIL SOIN 100ML LOTION AVANT EPILATION AUX ACIDES DE FRUITS EXFOLIANTS - Cosmetic Store","isPartOf":{"@id":"https:\/\/cosmeticstoredz.com\/#website"},"primaryImageOfPage":{"@id":"https:\/\/cosmeticstoredz.com\/produit\/myla-epil-soin-100ml-lotion-avant-epilation\/#primaryimage"},"image":{"@id":"https:\/\/cosmeticstoredz.com\/produit\/myla-epil-soin-100ml-lotion-avant-epilation\/#primaryimage"},"thumbnailUrl":"https:\/\/cosmeticstoredz.com\/wp-content\/uploads\/2026\/02\/Design-sans-titre-72-2.png","datePublished":"2025-06-04T19:55:03+00:00","dateModified":"2026-04-27T15:58:11+00:00","breadcrumb":{"@id":"https:\/\/cosmeticstoredz.com\/produit\/myla-epil-soin-100ml-lotion-avant-epilation\/#breadcrumb"},"inLanguage":"ar","potentialAction":[{"@type":"ReadAction","target":["https:\/\/cosmeticstoredz.com\/produit\/myla-epil-soin-100ml-lotion-avant-epilation\/"]}]},{"@type":"ImageObject","inLanguage":"ar","@id":"https:\/\/cosmeticstoredz.com\/produit\/myla-epil-soin-100ml-lotion-avant-epilation\/#primaryimage","url":"https:\/\/cosmeticstoredz.com\/wp-content\/uploads\/2026\/02\/Design-sans-titre-72-2.png","contentUrl":"https:\/\/cosmeticstoredz.com\/wp-content\/uploads\/2026\/02\/Design-sans-titre-72-2.png","width":1563,"height":1563},{"@type":"BreadcrumbList","@id":"https:\/\/cosmeticstoredz.com\/produit\/myla-epil-soin-100ml-lotion-avant-epilation\/#breadcrumb","itemListElement":[{"@type":"ListItem","position":1,"name":"Accueil","item":"https:\/\/cosmeticstoredz.com\/"},{"@type":"ListItem","position":2,"name":"Boutique","item":"https:\/\/cosmeticstoredz.com\/boutique\/"},{"@type":"ListItem","position":3,"name":"MYLA EPIL SOIN 100ML LOTION AVANT EPILATION AUX ACIDES DE FRUITS EXFOLIANTS"}]},{"@type":"WebSite","@id":"https:\/\/cosmeticstoredz.com\/#website","url":"https:\/\/cosmeticstoredz.com\/","name":"Cosmetic Store","description":"","publisher":{"@id":"https:\/\/cosmeticstoredz.com\/#organization"},"potentialAction":[{"@type":"SearchAction","target":{"@type":"EntryPoint","urlTemplate":"https:\/\/cosmeticstoredz.com\/?s={search_term_string}"},"query-input":{"@type":"PropertyValueSpecification","valueRequired":true,"valueName":"search_term_string"}}],"inLanguage":"ar"},{"@type":"Organization","@id":"https:\/\/cosmeticstoredz.com\/#organization","name":"Cosmetic Store","url":"https:\/\/cosmeticstoredz.com\/","logo":{"@type":"ImageObject","inLanguage":"ar","@id":"https:\/\/cosmeticstoredz.com\/#\/schema\/logo\/image\/","url":"https:\/\/cosmeticstoredz.com\/wp-content\/uploads\/2026\/02\/cropped-LOGO_CS-512x512-1-1-e1771275285345.webp","contentUrl":"https:\/\/cosmeticstoredz.com\/wp-content\/uploads\/2026\/02\/cropped-LOGO_CS-512x512-1-1-e1771275285345.webp","width":265,"height":319,"caption":"Cosmetic Store"},"image":{"@id":"https:\/\/cosmeticstoredz.com\/#\/schema\/logo\/image\/"},"sameAs":["https:\/\/www.facebook.com\/profile.php?id=61564954260683","https:\/\/www.instagram.com\/cosmetic.storedz\/"]}]}},"_links":{"self":[{"href":"https:\/\/cosmeticstoredz.com\/ar\/wp-json\/wp\/v2\/product\/7011","targetHints":{"allow":["GET"]}}],"collection":[{"href":"https:\/\/cosmeticstoredz.com\/ar\/wp-json\/wp\/v2\/product"}],"about":[{"href":"https:\/\/cosmeticstoredz.com\/ar\/wp-json\/wp\/v2\/types\/product"}],"replies":[{"embeddable":true,"href":"https:\/\/cosmeticstoredz.com\/ar\/wp-json\/wp\/v2\/comments?post=7011"}],"version-history":[{"count":1,"href":"https:\/\/cosmeticstoredz.com\/ar\/wp-json\/wp\/v2\/product\/7011\/revisions"}],"predecessor-version":[{"id":21386,"href":"https:\/\/cosmeticstoredz.com\/ar\/wp-json\/wp\/v2\/product\/7011\/revisions\/21386"}],"wp:featuredmedia":[{"embeddable":true,"href":"https:\/\/cosmeticstoredz.com\/ar\/wp-json\/wp\/v2\/media\/21385"}],"wp:attachment":[{"href":"https:\/\/cosmeticstoredz.com\/ar\/wp-json\/wp\/v2\/media?parent=7011"}],"wp:term":[{"taxonomy":"product_brand","embeddable":true,"href":"https:\/\/cosmeticstoredz.com\/ar\/wp-json\/wp\/v2\/product_brand?post=7011"},{"taxonomy":"product_cat","embeddable":true,"href":"https:\/\/cosmeticstoredz.com\/ar\/wp-json\/wp\/v2\/product_cat?post=7011"},{"taxonomy":"product_tag","embeddable":true,"href":"https:\/\/cosmeticstoredz.com\/ar\/wp-json\/wp\/v2\/product_tag?post=7011"}],"curies":[{"name":"wp","href":"https:\/\/api.w.org\/{rel}","templated":true}]}}