{"id":7008,"date":"2025-06-04T19:55:03","date_gmt":"2025-06-04T19:55:03","guid":{"rendered":"https:\/\/test.fitnessworldgym27.com\/?post_type=product&#038;p=7008"},"modified":"2026-05-06T09:39:46","modified_gmt":"2026-05-06T09:39:46","slug":"myla-bande-de-cire-froide-corps-et-jambe-coco","status":"publish","type":"product","link":"https:\/\/cosmeticstoredz.com\/ar\/product\/myla-bande-de-cire-froide-corps-et-jambe-coco\/","title":{"rendered":"MYLA BANDE DE CIRE FROIDE CORPS ET JAMBE COCO"},"content":{"rendered":"<p data-start=\"651\" data-end=\"965\">Ces bandes adh\u00e8rent parfaitement \u00e0 la peau et retirent les poils d\u00e8s la racine, y compris les plus courts. La\u00a0<strong data-start=\"761\" data-end=\"788\">texture douce et souple<\/strong>\u00a0permet une application facile et un retrait rapide sans \u00e9chauffement. Apr\u00e8s chaque utilisation, la peau est\u00a0<strong data-start=\"897\" data-end=\"924\">nette, lisse et nourrie<\/strong>, avec une sensation fruit\u00e9e et agr\u00e9able.<\/p>\n<hr data-start=\"967\" data-end=\"970\" \/>\n<p data-start=\"972\" data-end=\"999\">Bienfaits cl\u00e9s :<\/p>\n<ul data-start=\"1001\" data-end=\"1299\">\n<li data-start=\"1001\" data-end=\"1051\">\n<p data-start=\"1003\" data-end=\"1051\"><strong data-start=\"1003\" data-end=\"1051\">\u00c9limine les poils efficacement d\u00e8s la racine<\/strong><\/p>\n<\/li>\n<li data-start=\"1052\" data-end=\"1103\">\n<p data-start=\"1054\" data-end=\"1103\"><strong data-start=\"1054\" data-end=\"1075\">Effet nourrissant<\/strong>\u00a0gr\u00e2ce \u00e0 l\u2019extrait de cerise<\/p>\n<\/li>\n<li data-start=\"1104\" data-end=\"1154\">\n<p data-start=\"1106\" data-end=\"1154\">Laisse la peau\u00a0<strong data-start=\"1121\" data-end=\"1154\">douce, apais\u00e9e et confortable<\/strong><\/p>\n<\/li>\n<li data-start=\"1155\" data-end=\"1187\">\n<p data-start=\"1157\" data-end=\"1187\">Adapt\u00e9 aux\u00a0<strong data-start=\"1168\" data-end=\"1187\">peaux sensibles<\/strong><\/p>\n<\/li>\n<li data-start=\"1188\" data-end=\"1220\">\n<p data-start=\"1190\" data-end=\"1220\">Texture agr\u00e9able, non collante<\/p>\n<\/li>\n<li data-start=\"1221\" data-end=\"1258\">\n<p data-start=\"1223\" data-end=\"1258\"><strong data-start=\"1223\" data-end=\"1258\">Sans besoin de chauffer la cire<\/strong><\/p>\n<\/li>\n<li data-start=\"1259\" data-end=\"1299\">\n<p data-start=\"1261\" data-end=\"1299\">Parfum d\u00e9licatement fruit\u00e9 et gourmand<\/p>\n<\/li>\n<\/ul>\n<hr data-start=\"1301\" data-end=\"1304\" \/>\n<p data-start=\"1306\" data-end=\"1333\">Mode d\u2019emploi :<\/p>\n<ol data-start=\"1335\" data-end=\"1797\">\n<li data-start=\"1335\" data-end=\"1399\">\n<p data-start=\"1338\" data-end=\"1399\"><strong data-start=\"1338\" data-end=\"1353\">Pr\u00e9paration<\/strong>\u00a0: Nettoyer et s\u00e9cher soigneusement la peau.<\/p>\n<\/li>\n<li data-start=\"1400\" data-end=\"1456\">\n<p data-start=\"1403\" data-end=\"1456\"><strong data-start=\"1403\" data-end=\"1417\">S\u00e9paration<\/strong>\u00a0: S\u00e9parer lentement les deux bandes.<\/p>\n<\/li>\n<li data-start=\"1457\" data-end=\"1575\">\n<p data-start=\"1460\" data-end=\"1575\"><strong data-start=\"1460\" data-end=\"1475\">Application<\/strong>\u00a0: Appliquer une bande dans le\u00a0<strong data-start=\"1506\" data-end=\"1535\">sens de la pousse du poil<\/strong>, en appuyant pour bien faire adh\u00e9rer.<\/p>\n<\/li>\n<li data-start=\"1576\" data-end=\"1674\">\n<p data-start=\"1579\" data-end=\"1674\"><strong data-start=\"1579\" data-end=\"1590\">Retrait<\/strong>\u00a0: Retirer d\u2019un geste\u00a0<strong data-start=\"1612\" data-end=\"1631\">ferme et rapide<\/strong>\u00a0dans le\u00a0<strong data-start=\"1640\" data-end=\"1671\">sens contraire de la pousse<\/strong>.<\/p>\n<\/li>\n<li data-start=\"1675\" data-end=\"1797\">\n<p data-start=\"1678\" data-end=\"1797\"><strong data-start=\"1678\" data-end=\"1691\">Nettoyage<\/strong>\u00a0: \u00c9liminer les \u00e9ventuels r\u00e9sidus de cire avec une\u00a0<strong data-start=\"1742\" data-end=\"1766\">huile post-\u00e9pilation<\/strong>\u00a0ou une\u00a0<strong data-start=\"1774\" data-end=\"1796\">lingette apaisante<\/strong>.<\/p>\n<\/li>\n<\/ol>\n<hr data-start=\"1799\" data-end=\"1802\" \/>\n<p data-start=\"1804\" data-end=\"1833\">Composition cl\u00e9 :<\/p>\n<ul data-start=\"1835\" data-end=\"1974\">\n<li data-start=\"1835\" data-end=\"1853\">\n<p data-start=\"1837\" data-end=\"1853\">Cire naturelle<\/p>\n<\/li>\n<li data-start=\"1854\" data-end=\"1903\">\n<p data-start=\"1856\" data-end=\"1903\"><strong data-start=\"1856\" data-end=\"1877\">Extrait de cerise<\/strong>\u00a0nourrissant et apaisant<\/p>\n<\/li>\n<li data-start=\"1904\" data-end=\"1938\">\n<p data-start=\"1906\" data-end=\"1938\">Sans parab\u00e8nes, sans colorants<\/p>\n<\/li>\n<li data-start=\"1939\" data-end=\"1974\">\n<p data-start=\"1941\" data-end=\"1974\">Ingr\u00e9dients d\u2019origine naturelle<\/p>\n<\/li>\n<\/ul>\n<hr data-start=\"1976\" data-end=\"1979\" \/>\n<p data-start=\"1981\" data-end=\"2014\">Pr\u00e9cautions d\u2019usage :<\/p>\n<ul data-start=\"2016\" data-end=\"2211\">\n<li data-start=\"2016\" data-end=\"2081\">\n<p data-start=\"2018\" data-end=\"2081\">Effectuer un test 24 h avant utilisation sur une petite zone.<\/p>\n<\/li>\n<li data-start=\"2082\" data-end=\"2141\">\n<p data-start=\"2084\" data-end=\"2141\">Ne pas appliquer sur une peau irrit\u00e9e, l\u00e9s\u00e9e ou br\u00fbl\u00e9e.<\/p>\n<\/li>\n<li data-start=\"2142\" data-end=\"2211\">\n<p data-start=\"2144\" data-end=\"2211\">\u00c9viter le soleil et les produits parfum\u00e9s 24 h apr\u00e8s l\u2019\u00e9pilation.<\/p>\n<\/li>\n<\/ul>","protected":false},"excerpt":{"rendered":"<p>Avec Myla Bandes De Cire Froides Corps &amp; Jambes, offrez \u00e0 votre peau une <strong data-start=\"339\" data-end=\"377\">\u00e9pilation efficace et nourrissante<\/strong>\u00a0, sp\u00e9cialement con\u00e7ues pour le\u00a0<strong data-start=\"456\" data-end=\"479\">corps et les jambes<\/strong>. Gr\u00e2ce \u00e0 leur\u00a0<strong data-start=\"494\" data-end=\"537\">formule enrichie aux extraits <\/strong>\u00a0aux propri\u00e9t\u00e9s adoucissantes, elles permettent une\u00a0<strong data-start=\"589\" data-end=\"618\">\u00e9pilation tout en douceur<\/strong>, m\u00eame sur les peaux sensibles.<\/p>","protected":false},"featured_media":21380,"comment_status":"closed","ping_status":"closed","template":"","meta":[],"product_brand":[],"product_cat":[99,75,234],"product_tag":[90],"class_list":{"0":"post-7008","1":"product","2":"type-product","3":"status-publish","4":"has-post-thumbnail","6":"product_cat-epilation","7":"product_cat-femme","8":"product_cat-myla","9":"product_tag-made-in-algeria","11":"first","12":"instock","13":"shipping-taxable","14":"purchasable","15":"product-type-simple"},"yoast_head":"<!-- This site is optimized with the Yoast SEO plugin v27.3 - https:\/\/yoast.com\/product\/yoast-seo-wordpress\/ -->\n<title>MYLA BANDE DE CIRE FROIDE CORPS ET JAMBE COCO - Cosmetic Store<\/title>\n<meta name=\"robots\" content=\"index, follow, max-snippet:-1, max-image-preview:large, max-video-preview:-1\" \/>\n<link rel=\"canonical\" href=\"https:\/\/cosmeticstoredz.com\/ar\/product\/myla-bande-de-cire-froide-corps-et-jambe-coco\/\" \/>\n<meta property=\"og:locale\" content=\"ar_AR\" \/>\n<meta property=\"og:type\" content=\"article\" \/>\n<meta property=\"og:title\" content=\"MYLA BANDE DE CIRE FROIDE CORPS ET JAMBE COCO - Cosmetic Store\" \/>\n<meta property=\"og:description\" content=\"Avec Myla Bandes De Cire Froides Corps &amp; Jambes, offrez \u00e0 votre peau une \u00e9pilation efficace et nourrissante\u00a0, sp\u00e9cialement con\u00e7ues pour le\u00a0corps et les jambes. Gr\u00e2ce \u00e0 leur\u00a0formule enrichie aux extraits \u00a0aux propri\u00e9t\u00e9s adoucissantes, elles permettent une\u00a0\u00e9pilation tout en douceur, m\u00eame sur les peaux sensibles.\" \/>\n<meta property=\"og:url\" content=\"https:\/\/cosmeticstoredz.com\/ar\/product\/myla-bande-de-cire-froide-corps-et-jambe-coco\/\" \/>\n<meta property=\"og:site_name\" content=\"Cosmetic Store\" \/>\n<meta property=\"article:publisher\" content=\"https:\/\/www.facebook.com\/profile.php?id=61564954260683\" \/>\n<meta property=\"article:modified_time\" content=\"2026-05-06T09:39:46+00:00\" \/>\n<meta property=\"og:image\" content=\"https:\/\/cosmeticstoredz.com\/wp-content\/uploads\/2026\/02\/Design-sans-titre-70-1.png\" \/>\n\t<meta property=\"og:image:width\" content=\"1563\" \/>\n\t<meta property=\"og:image:height\" content=\"1563\" \/>\n\t<meta property=\"og:image:type\" content=\"image\/png\" \/>\n<meta name=\"twitter:card\" content=\"summary_large_image\" \/>\n<meta name=\"twitter:label1\" content=\"\u0648\u0642\u062a \u0627\u0644\u0642\u0631\u0627\u0621\u0629 \u0627\u0644\u0645\u064f\u0642\u062f\u0651\u0631\" \/>\n\t<meta name=\"twitter:data1\" content=\"\u062f\u0642\u064a\u0642\u0629 \u0648\u0627\u062d\u062f\u0629\" \/>\n<script type=\"application\/ld+json\" class=\"yoast-schema-graph\">{\"@context\":\"https:\\\/\\\/schema.org\",\"@graph\":[{\"@type\":\"WebPage\",\"@id\":\"https:\\\/\\\/cosmeticstoredz.com\\\/produit\\\/myla-bande-de-cire-froide-corps-et-jambe-coco\\\/\",\"url\":\"https:\\\/\\\/cosmeticstoredz.com\\\/produit\\\/myla-bande-de-cire-froide-corps-et-jambe-coco\\\/\",\"name\":\"MYLA BANDE DE CIRE FROIDE CORPS ET JAMBE COCO - Cosmetic Store\",\"isPartOf\":{\"@id\":\"https:\\\/\\\/cosmeticstoredz.com\\\/#website\"},\"primaryImageOfPage\":{\"@id\":\"https:\\\/\\\/cosmeticstoredz.com\\\/produit\\\/myla-bande-de-cire-froide-corps-et-jambe-coco\\\/#primaryimage\"},\"image\":{\"@id\":\"https:\\\/\\\/cosmeticstoredz.com\\\/produit\\\/myla-bande-de-cire-froide-corps-et-jambe-coco\\\/#primaryimage\"},\"thumbnailUrl\":\"https:\\\/\\\/cosmeticstoredz.com\\\/wp-content\\\/uploads\\\/2026\\\/02\\\/Design-sans-titre-70-1.png\",\"datePublished\":\"2025-06-04T19:55:03+00:00\",\"dateModified\":\"2026-05-06T09:39:46+00:00\",\"breadcrumb\":{\"@id\":\"https:\\\/\\\/cosmeticstoredz.com\\\/produit\\\/myla-bande-de-cire-froide-corps-et-jambe-coco\\\/#breadcrumb\"},\"inLanguage\":\"ar\",\"potentialAction\":[{\"@type\":\"ReadAction\",\"target\":[\"https:\\\/\\\/cosmeticstoredz.com\\\/produit\\\/myla-bande-de-cire-froide-corps-et-jambe-coco\\\/\"]}]},{\"@type\":\"ImageObject\",\"inLanguage\":\"ar\",\"@id\":\"https:\\\/\\\/cosmeticstoredz.com\\\/produit\\\/myla-bande-de-cire-froide-corps-et-jambe-coco\\\/#primaryimage\",\"url\":\"https:\\\/\\\/cosmeticstoredz.com\\\/wp-content\\\/uploads\\\/2026\\\/02\\\/Design-sans-titre-70-1.png\",\"contentUrl\":\"https:\\\/\\\/cosmeticstoredz.com\\\/wp-content\\\/uploads\\\/2026\\\/02\\\/Design-sans-titre-70-1.png\",\"width\":1563,\"height\":1563},{\"@type\":\"BreadcrumbList\",\"@id\":\"https:\\\/\\\/cosmeticstoredz.com\\\/produit\\\/myla-bande-de-cire-froide-corps-et-jambe-coco\\\/#breadcrumb\",\"itemListElement\":[{\"@type\":\"ListItem\",\"position\":1,\"name\":\"Accueil\",\"item\":\"https:\\\/\\\/cosmeticstoredz.com\\\/\"},{\"@type\":\"ListItem\",\"position\":2,\"name\":\"Boutique\",\"item\":\"https:\\\/\\\/cosmeticstoredz.com\\\/boutique\\\/\"},{\"@type\":\"ListItem\",\"position\":3,\"name\":\"MYLA BANDE DE CIRE FROIDE CORPS ET JAMBE COCO\"}]},{\"@type\":\"WebSite\",\"@id\":\"https:\\\/\\\/cosmeticstoredz.com\\\/#website\",\"url\":\"https:\\\/\\\/cosmeticstoredz.com\\\/\",\"name\":\"Cosmetic Store\",\"description\":\"\",\"publisher\":{\"@id\":\"https:\\\/\\\/cosmeticstoredz.com\\\/#organization\"},\"potentialAction\":[{\"@type\":\"SearchAction\",\"target\":{\"@type\":\"EntryPoint\",\"urlTemplate\":\"https:\\\/\\\/cosmeticstoredz.com\\\/?s={search_term_string}\"},\"query-input\":{\"@type\":\"PropertyValueSpecification\",\"valueRequired\":true,\"valueName\":\"search_term_string\"}}],\"inLanguage\":\"ar\"},{\"@type\":\"Organization\",\"@id\":\"https:\\\/\\\/cosmeticstoredz.com\\\/#organization\",\"name\":\"Cosmetic Store\",\"url\":\"https:\\\/\\\/cosmeticstoredz.com\\\/\",\"logo\":{\"@type\":\"ImageObject\",\"inLanguage\":\"ar\",\"@id\":\"https:\\\/\\\/cosmeticstoredz.com\\\/#\\\/schema\\\/logo\\\/image\\\/\",\"url\":\"https:\\\/\\\/cosmeticstoredz.com\\\/wp-content\\\/uploads\\\/2026\\\/02\\\/cropped-LOGO_CS-512x512-1-1-e1771275285345.webp\",\"contentUrl\":\"https:\\\/\\\/cosmeticstoredz.com\\\/wp-content\\\/uploads\\\/2026\\\/02\\\/cropped-LOGO_CS-512x512-1-1-e1771275285345.webp\",\"width\":265,\"height\":319,\"caption\":\"Cosmetic Store\"},\"image\":{\"@id\":\"https:\\\/\\\/cosmeticstoredz.com\\\/#\\\/schema\\\/logo\\\/image\\\/\"},\"sameAs\":[\"https:\\\/\\\/www.facebook.com\\\/profile.php?id=61564954260683\",\"https:\\\/\\\/www.instagram.com\\\/cosmetic.storedz\\\/\"]}]}<\/script>\n<!-- \/ Yoast SEO plugin. -->","yoast_head_json":{"title":"MYLA BANDE DE CIRE FROIDE CORPS ET JAMBE COCO - Cosmetic Store","robots":{"index":"index","follow":"follow","max-snippet":"max-snippet:-1","max-image-preview":"max-image-preview:large","max-video-preview":"max-video-preview:-1"},"canonical":"https:\/\/cosmeticstoredz.com\/ar\/product\/myla-bande-de-cire-froide-corps-et-jambe-coco\/","og_locale":"ar_AR","og_type":"article","og_title":"MYLA BANDE DE CIRE FROIDE CORPS ET JAMBE COCO - Cosmetic Store","og_description":"Avec Myla Bandes De Cire Froides Corps &amp; Jambes, offrez \u00e0 votre peau une \u00e9pilation efficace et nourrissante\u00a0, sp\u00e9cialement con\u00e7ues pour le\u00a0corps et les jambes. Gr\u00e2ce \u00e0 leur\u00a0formule enrichie aux extraits \u00a0aux propri\u00e9t\u00e9s adoucissantes, elles permettent une\u00a0\u00e9pilation tout en douceur, m\u00eame sur les peaux sensibles.","og_url":"https:\/\/cosmeticstoredz.com\/ar\/product\/myla-bande-de-cire-froide-corps-et-jambe-coco\/","og_site_name":"Cosmetic Store","article_publisher":"https:\/\/www.facebook.com\/profile.php?id=61564954260683","article_modified_time":"2026-05-06T09:39:46+00:00","og_image":[{"width":1563,"height":1563,"url":"https:\/\/cosmeticstoredz.com\/wp-content\/uploads\/2026\/02\/Design-sans-titre-70-1.png","type":"image\/png"}],"twitter_card":"summary_large_image","twitter_misc":{"\u0648\u0642\u062a \u0627\u0644\u0642\u0631\u0627\u0621\u0629 \u0627\u0644\u0645\u064f\u0642\u062f\u0651\u0631":"\u062f\u0642\u064a\u0642\u0629 \u0648\u0627\u062d\u062f\u0629"},"schema":{"@context":"https:\/\/schema.org","@graph":[{"@type":"WebPage","@id":"https:\/\/cosmeticstoredz.com\/produit\/myla-bande-de-cire-froide-corps-et-jambe-coco\/","url":"https:\/\/cosmeticstoredz.com\/produit\/myla-bande-de-cire-froide-corps-et-jambe-coco\/","name":"MYLA BANDE DE CIRE FROIDE CORPS ET JAMBE COCO - Cosmetic Store","isPartOf":{"@id":"https:\/\/cosmeticstoredz.com\/#website"},"primaryImageOfPage":{"@id":"https:\/\/cosmeticstoredz.com\/produit\/myla-bande-de-cire-froide-corps-et-jambe-coco\/#primaryimage"},"image":{"@id":"https:\/\/cosmeticstoredz.com\/produit\/myla-bande-de-cire-froide-corps-et-jambe-coco\/#primaryimage"},"thumbnailUrl":"https:\/\/cosmeticstoredz.com\/wp-content\/uploads\/2026\/02\/Design-sans-titre-70-1.png","datePublished":"2025-06-04T19:55:03+00:00","dateModified":"2026-05-06T09:39:46+00:00","breadcrumb":{"@id":"https:\/\/cosmeticstoredz.com\/produit\/myla-bande-de-cire-froide-corps-et-jambe-coco\/#breadcrumb"},"inLanguage":"ar","potentialAction":[{"@type":"ReadAction","target":["https:\/\/cosmeticstoredz.com\/produit\/myla-bande-de-cire-froide-corps-et-jambe-coco\/"]}]},{"@type":"ImageObject","inLanguage":"ar","@id":"https:\/\/cosmeticstoredz.com\/produit\/myla-bande-de-cire-froide-corps-et-jambe-coco\/#primaryimage","url":"https:\/\/cosmeticstoredz.com\/wp-content\/uploads\/2026\/02\/Design-sans-titre-70-1.png","contentUrl":"https:\/\/cosmeticstoredz.com\/wp-content\/uploads\/2026\/02\/Design-sans-titre-70-1.png","width":1563,"height":1563},{"@type":"BreadcrumbList","@id":"https:\/\/cosmeticstoredz.com\/produit\/myla-bande-de-cire-froide-corps-et-jambe-coco\/#breadcrumb","itemListElement":[{"@type":"ListItem","position":1,"name":"Accueil","item":"https:\/\/cosmeticstoredz.com\/"},{"@type":"ListItem","position":2,"name":"Boutique","item":"https:\/\/cosmeticstoredz.com\/boutique\/"},{"@type":"ListItem","position":3,"name":"MYLA BANDE DE CIRE FROIDE CORPS ET JAMBE COCO"}]},{"@type":"WebSite","@id":"https:\/\/cosmeticstoredz.com\/#website","url":"https:\/\/cosmeticstoredz.com\/","name":"Cosmetic Store","description":"","publisher":{"@id":"https:\/\/cosmeticstoredz.com\/#organization"},"potentialAction":[{"@type":"SearchAction","target":{"@type":"EntryPoint","urlTemplate":"https:\/\/cosmeticstoredz.com\/?s={search_term_string}"},"query-input":{"@type":"PropertyValueSpecification","valueRequired":true,"valueName":"search_term_string"}}],"inLanguage":"ar"},{"@type":"Organization","@id":"https:\/\/cosmeticstoredz.com\/#organization","name":"Cosmetic Store","url":"https:\/\/cosmeticstoredz.com\/","logo":{"@type":"ImageObject","inLanguage":"ar","@id":"https:\/\/cosmeticstoredz.com\/#\/schema\/logo\/image\/","url":"https:\/\/cosmeticstoredz.com\/wp-content\/uploads\/2026\/02\/cropped-LOGO_CS-512x512-1-1-e1771275285345.webp","contentUrl":"https:\/\/cosmeticstoredz.com\/wp-content\/uploads\/2026\/02\/cropped-LOGO_CS-512x512-1-1-e1771275285345.webp","width":265,"height":319,"caption":"Cosmetic Store"},"image":{"@id":"https:\/\/cosmeticstoredz.com\/#\/schema\/logo\/image\/"},"sameAs":["https:\/\/www.facebook.com\/profile.php?id=61564954260683","https:\/\/www.instagram.com\/cosmetic.storedz\/"]}]}},"_links":{"self":[{"href":"https:\/\/cosmeticstoredz.com\/ar\/wp-json\/wp\/v2\/product\/7008","targetHints":{"allow":["GET"]}}],"collection":[{"href":"https:\/\/cosmeticstoredz.com\/ar\/wp-json\/wp\/v2\/product"}],"about":[{"href":"https:\/\/cosmeticstoredz.com\/ar\/wp-json\/wp\/v2\/types\/product"}],"replies":[{"embeddable":true,"href":"https:\/\/cosmeticstoredz.com\/ar\/wp-json\/wp\/v2\/comments?post=7008"}],"version-history":[{"count":1,"href":"https:\/\/cosmeticstoredz.com\/ar\/wp-json\/wp\/v2\/product\/7008\/revisions"}],"predecessor-version":[{"id":21381,"href":"https:\/\/cosmeticstoredz.com\/ar\/wp-json\/wp\/v2\/product\/7008\/revisions\/21381"}],"wp:featuredmedia":[{"embeddable":true,"href":"https:\/\/cosmeticstoredz.com\/ar\/wp-json\/wp\/v2\/media\/21380"}],"wp:attachment":[{"href":"https:\/\/cosmeticstoredz.com\/ar\/wp-json\/wp\/v2\/media?parent=7008"}],"wp:term":[{"taxonomy":"product_brand","embeddable":true,"href":"https:\/\/cosmeticstoredz.com\/ar\/wp-json\/wp\/v2\/product_brand?post=7008"},{"taxonomy":"product_cat","embeddable":true,"href":"https:\/\/cosmeticstoredz.com\/ar\/wp-json\/wp\/v2\/product_cat?post=7008"},{"taxonomy":"product_tag","embeddable":true,"href":"https:\/\/cosmeticstoredz.com\/ar\/wp-json\/wp\/v2\/product_tag?post=7008"}],"curies":[{"name":"wp","href":"https:\/\/api.w.org\/{rel}","templated":true}]}}