{"id":6999,"date":"2025-06-04T19:55:02","date_gmt":"2025-06-04T19:55:02","guid":{"rendered":"https:\/\/test.fitnessworldgym27.com\/?post_type=product&#038;p=6999"},"modified":"2026-04-01T21:09:39","modified_gmt":"2026-04-01T21:09:39","slug":"mondeo-deo-l-interdit","status":"publish","type":"product","link":"https:\/\/cosmeticstoredz.com\/ar\/product\/mondeo-deo-l-interdit\/","title":{"rendered":"MONDEO DEO L INTERDIT"},"content":{"rendered":"","protected":false},"excerpt":{"rendered":"<p>Spray D\u00e9odorant longue dur\u00e9e Pour prolonger tout au long de la journ\u00e9e l\u2019agr\u00e9able sensation de fra\u00eecheur. Ce d\u00e9odorant neutralise les odeurs de transpiration \u00e0 la source, r\u00e9duit la sensation d\u2019humidit\u00e9 et vous apporte une protection durable.<strong>\u00a0<\/strong><\/p>","protected":false},"featured_media":21362,"comment_status":"closed","ping_status":"closed","template":"","meta":[],"product_brand":[],"product_cat":[79,75,357],"product_tag":[],"class_list":{"0":"post-6999","1":"product","2":"type-product","3":"status-publish","4":"has-post-thumbnail","6":"product_cat-deodorant-f","7":"product_cat-femme","8":"product_cat-mondeo","10":"first","11":"instock","12":"shipping-taxable","13":"purchasable","14":"product-type-simple"},"_links":{"self":[{"href":"https:\/\/cosmeticstoredz.com\/ar\/wp-json\/wp\/v2\/product\/6999","targetHints":{"allow":["GET"]}}],"collection":[{"href":"https:\/\/cosmeticstoredz.com\/ar\/wp-json\/wp\/v2\/product"}],"about":[{"href":"https:\/\/cosmeticstoredz.com\/ar\/wp-json\/wp\/v2\/types\/product"}],"replies":[{"embeddable":true,"href":"https:\/\/cosmeticstoredz.com\/ar\/wp-json\/wp\/v2\/comments?post=6999"}],"version-history":[{"count":1,"href":"https:\/\/cosmeticstoredz.com\/ar\/wp-json\/wp\/v2\/product\/6999\/revisions"}],"predecessor-version":[{"id":21363,"href":"https:\/\/cosmeticstoredz.com\/ar\/wp-json\/wp\/v2\/product\/6999\/revisions\/21363"}],"wp:featuredmedia":[{"embeddable":true,"href":"https:\/\/cosmeticstoredz.com\/ar\/wp-json\/wp\/v2\/media\/21362"}],"wp:attachment":[{"href":"https:\/\/cosmeticstoredz.com\/ar\/wp-json\/wp\/v2\/media?parent=6999"}],"wp:term":[{"taxonomy":"product_brand","embeddable":true,"href":"https:\/\/cosmeticstoredz.com\/ar\/wp-json\/wp\/v2\/product_brand?post=6999"},{"taxonomy":"product_cat","embeddable":true,"href":"https:\/\/cosmeticstoredz.com\/ar\/wp-json\/wp\/v2\/product_cat?post=6999"},{"taxonomy":"product_tag","embeddable":true,"href":"https:\/\/cosmeticstoredz.com\/ar\/wp-json\/wp\/v2\/product_tag?post=6999"}],"curies":[{"name":"wp","href":"https:\/\/api.w.org\/{rel}","templated":true}]}}