{"id":6996,"date":"2025-06-04T19:55:02","date_gmt":"2025-06-04T19:55:02","guid":{"rendered":"https:\/\/test.fitnessworldgym27.com\/?post_type=product&#038;p=6996"},"modified":"2026-04-18T19:23:40","modified_gmt":"2026-04-18T19:23:40","slug":"mixa-creme-main-cica-main-peaux-seches","status":"publish","type":"product","link":"https:\/\/cosmeticstoredz.com\/ar\/product\/mixa-creme-main-cica-main-peaux-seches\/","title":{"rendered":"MIXA CREME MAIN CICA MAIN PEAUX SECHES"},"content":{"rendered":"<p>D\u00e9couvrez Cica-mains : la 1\u00e8re cr\u00e8me mains Mixa protectrice \u00e0 l\u2019efficacit\u00e9 r\u00e9paratrice, test\u00e9e sur professions expos\u00e9es.<\/p>\n<p>APAISE ET R\u00c9PARE INTENS\u00c9MENT<br \/>\nMixa a s\u00e9lectionn\u00e9 la Glyc\u00e9rine et le Panth\u00e9nol actif de la pharmacie aux propri\u00e9t\u00e9s r\u00e9paratrices reconnues. Ils sont formul\u00e9s dans une cr\u00e8me \u00e0 la texture effet pansement qui r\u00e9siste \u00e0 l\u2019eau, pour nourrir intens\u00e9ment, combler les micro-ger\u00e7ures et pr\u00e9venir les s\u00e9cheresses s\u00e9v\u00e8res.<\/p>\n<p>PROT\u00c8GE LES MAINS SURSOLLICIT\u00c9ES ET ABIM\u00c9ES<br \/>\nUne formule unique test\u00e9e sur des professionnels surexpos\u00e9s \u00e0 des agressions au quotidien (d\u00e9tergents, frottements, conditions climatiques rudes). Cica-Mains isole et prot\u00e8ge les mains des agressions, m\u00eame apr\u00e8s 3 lavages \u00e0 l\u2019eau*.<\/p>\n<p>UTILISATION<br \/>\nFormule non grasse, non collante, p\u00e9n\u00e9tration instantan\u00e9e. Usage domestique et professionnel.<br \/>\nPermet de reprendre son activit\u00e9 imm\u00e9diatement apr\u00e8s l\u2019application.<\/p>\n<p>HYPOALLERG\u00c9NIQUE \u2013 TESTEE CLINIQUEMENT<\/p>\n<p>Ne pas appliquer sur peau l\u00e9s\u00e9e.<\/p>","protected":false},"excerpt":{"rendered":"<p>D\u00e9couvrez Cica-mains : la 1\u00e8re cr\u00e8me mains Mixa protectrice \u00e0 l\u2019efficacit\u00e9 r\u00e9paratrice, test\u00e9e sur professions expos\u00e9es. APAISE ET R\u00c9PARE INTENS\u00c9MENT<\/p>","protected":false},"featured_media":21356,"comment_status":"open","ping_status":"closed","template":"","meta":[],"product_brand":[],"product_cat":[129,75,239,81],"product_tag":[125],"class_list":{"0":"post-6996","1":"product","2":"type-product","3":"status-publish","4":"has-post-thumbnail","6":"product_cat-creme-hydratante-fv","7":"product_cat-femme","8":"product_cat-mixa","9":"product_cat-soin-corps-f","10":"product_tag-made-in-france","12":"first","13":"outofstock","14":"shipping-taxable","15":"purchasable","16":"product-type-simple"},"yoast_head":"<!-- This site is optimized with the Yoast SEO plugin v27.3 - https:\/\/yoast.com\/product\/yoast-seo-wordpress\/ -->\n<title>MIXA CREME MAIN CICA MAIN PEAUX SECHES - Cosmetic Store<\/title>\n<meta name=\"robots\" content=\"index, follow, max-snippet:-1, max-image-preview:large, max-video-preview:-1\" \/>\n<link rel=\"canonical\" href=\"https:\/\/cosmeticstoredz.com\/ar\/product\/mixa-creme-main-cica-main-peaux-seches\/\" \/>\n<meta property=\"og:locale\" content=\"ar_AR\" \/>\n<meta property=\"og:type\" content=\"article\" \/>\n<meta property=\"og:title\" content=\"MIXA CREME MAIN CICA MAIN PEAUX SECHES - Cosmetic Store\" \/>\n<meta property=\"og:description\" content=\"D\u00e9couvrez Cica-mains : la 1\u00e8re cr\u00e8me mains Mixa protectrice \u00e0 l\u2019efficacit\u00e9 r\u00e9paratrice, test\u00e9e sur professions expos\u00e9es. APAISE ET R\u00c9PARE INTENS\u00c9MENT\" \/>\n<meta property=\"og:url\" content=\"https:\/\/cosmeticstoredz.com\/ar\/product\/mixa-creme-main-cica-main-peaux-seches\/\" \/>\n<meta property=\"og:site_name\" content=\"Cosmetic Store\" \/>\n<meta property=\"article:publisher\" content=\"https:\/\/www.facebook.com\/profile.php?id=61564954260683\" \/>\n<meta property=\"article:modified_time\" content=\"2026-04-18T19:23:40+00:00\" \/>\n<meta property=\"og:image\" content=\"https:\/\/cosmeticstoredz.com\/wp-content\/uploads\/2026\/02\/Ajouter-un-titre-2024-07-29T104947.696.png\" \/>\n\t<meta property=\"og:image:width\" content=\"1563\" \/>\n\t<meta property=\"og:image:height\" content=\"1563\" \/>\n\t<meta property=\"og:image:type\" content=\"image\/png\" \/>\n<meta name=\"twitter:card\" content=\"summary_large_image\" \/>\n<meta name=\"twitter:label1\" content=\"\u0648\u0642\u062a \u0627\u0644\u0642\u0631\u0627\u0621\u0629 \u0627\u0644\u0645\u064f\u0642\u062f\u0651\u0631\" \/>\n\t<meta name=\"twitter:data1\" content=\"\u062f\u0642\u064a\u0642\u0629 \u0648\u0627\u062d\u062f\u0629\" \/>\n<script type=\"application\/ld+json\" class=\"yoast-schema-graph\">{\"@context\":\"https:\\\/\\\/schema.org\",\"@graph\":[{\"@type\":\"WebPage\",\"@id\":\"https:\\\/\\\/cosmeticstoredz.com\\\/produit\\\/mixa-creme-main-cica-main-peaux-seches\\\/\",\"url\":\"https:\\\/\\\/cosmeticstoredz.com\\\/produit\\\/mixa-creme-main-cica-main-peaux-seches\\\/\",\"name\":\"MIXA CREME MAIN CICA MAIN PEAUX SECHES - Cosmetic Store\",\"isPartOf\":{\"@id\":\"https:\\\/\\\/cosmeticstoredz.com\\\/#website\"},\"primaryImageOfPage\":{\"@id\":\"https:\\\/\\\/cosmeticstoredz.com\\\/produit\\\/mixa-creme-main-cica-main-peaux-seches\\\/#primaryimage\"},\"image\":{\"@id\":\"https:\\\/\\\/cosmeticstoredz.com\\\/produit\\\/mixa-creme-main-cica-main-peaux-seches\\\/#primaryimage\"},\"thumbnailUrl\":\"https:\\\/\\\/cosmeticstoredz.com\\\/wp-content\\\/uploads\\\/2026\\\/02\\\/Ajouter-un-titre-2024-07-29T104947.696.png\",\"datePublished\":\"2025-06-04T19:55:02+00:00\",\"dateModified\":\"2026-04-18T19:23:40+00:00\",\"breadcrumb\":{\"@id\":\"https:\\\/\\\/cosmeticstoredz.com\\\/produit\\\/mixa-creme-main-cica-main-peaux-seches\\\/#breadcrumb\"},\"inLanguage\":\"ar\",\"potentialAction\":[{\"@type\":\"ReadAction\",\"target\":[\"https:\\\/\\\/cosmeticstoredz.com\\\/produit\\\/mixa-creme-main-cica-main-peaux-seches\\\/\"]}]},{\"@type\":\"ImageObject\",\"inLanguage\":\"ar\",\"@id\":\"https:\\\/\\\/cosmeticstoredz.com\\\/produit\\\/mixa-creme-main-cica-main-peaux-seches\\\/#primaryimage\",\"url\":\"https:\\\/\\\/cosmeticstoredz.com\\\/wp-content\\\/uploads\\\/2026\\\/02\\\/Ajouter-un-titre-2024-07-29T104947.696.png\",\"contentUrl\":\"https:\\\/\\\/cosmeticstoredz.com\\\/wp-content\\\/uploads\\\/2026\\\/02\\\/Ajouter-un-titre-2024-07-29T104947.696.png\",\"width\":1563,\"height\":1563},{\"@type\":\"BreadcrumbList\",\"@id\":\"https:\\\/\\\/cosmeticstoredz.com\\\/produit\\\/mixa-creme-main-cica-main-peaux-seches\\\/#breadcrumb\",\"itemListElement\":[{\"@type\":\"ListItem\",\"position\":1,\"name\":\"Accueil\",\"item\":\"https:\\\/\\\/cosmeticstoredz.com\\\/\"},{\"@type\":\"ListItem\",\"position\":2,\"name\":\"Boutique\",\"item\":\"https:\\\/\\\/cosmeticstoredz.com\\\/boutique\\\/\"},{\"@type\":\"ListItem\",\"position\":3,\"name\":\"MIXA CREME MAIN CICA MAIN PEAUX SECHES\"}]},{\"@type\":\"WebSite\",\"@id\":\"https:\\\/\\\/cosmeticstoredz.com\\\/#website\",\"url\":\"https:\\\/\\\/cosmeticstoredz.com\\\/\",\"name\":\"Cosmetic Store\",\"description\":\"\",\"publisher\":{\"@id\":\"https:\\\/\\\/cosmeticstoredz.com\\\/#organization\"},\"potentialAction\":[{\"@type\":\"SearchAction\",\"target\":{\"@type\":\"EntryPoint\",\"urlTemplate\":\"https:\\\/\\\/cosmeticstoredz.com\\\/?s={search_term_string}\"},\"query-input\":{\"@type\":\"PropertyValueSpecification\",\"valueRequired\":true,\"valueName\":\"search_term_string\"}}],\"inLanguage\":\"ar\"},{\"@type\":\"Organization\",\"@id\":\"https:\\\/\\\/cosmeticstoredz.com\\\/#organization\",\"name\":\"Cosmetic Store\",\"url\":\"https:\\\/\\\/cosmeticstoredz.com\\\/\",\"logo\":{\"@type\":\"ImageObject\",\"inLanguage\":\"ar\",\"@id\":\"https:\\\/\\\/cosmeticstoredz.com\\\/#\\\/schema\\\/logo\\\/image\\\/\",\"url\":\"https:\\\/\\\/cosmeticstoredz.com\\\/wp-content\\\/uploads\\\/2026\\\/02\\\/cropped-LOGO_CS-512x512-1-1-e1771275285345.webp\",\"contentUrl\":\"https:\\\/\\\/cosmeticstoredz.com\\\/wp-content\\\/uploads\\\/2026\\\/02\\\/cropped-LOGO_CS-512x512-1-1-e1771275285345.webp\",\"width\":265,\"height\":319,\"caption\":\"Cosmetic Store\"},\"image\":{\"@id\":\"https:\\\/\\\/cosmeticstoredz.com\\\/#\\\/schema\\\/logo\\\/image\\\/\"},\"sameAs\":[\"https:\\\/\\\/www.facebook.com\\\/profile.php?id=61564954260683\",\"https:\\\/\\\/www.instagram.com\\\/cosmetic.storedz\\\/\"]}]}<\/script>\n<!-- \/ Yoast SEO plugin. -->","yoast_head_json":{"title":"MIXA CREME MAIN CICA MAIN PEAUX SECHES - Cosmetic Store","robots":{"index":"index","follow":"follow","max-snippet":"max-snippet:-1","max-image-preview":"max-image-preview:large","max-video-preview":"max-video-preview:-1"},"canonical":"https:\/\/cosmeticstoredz.com\/ar\/product\/mixa-creme-main-cica-main-peaux-seches\/","og_locale":"ar_AR","og_type":"article","og_title":"MIXA CREME MAIN CICA MAIN PEAUX SECHES - Cosmetic Store","og_description":"D\u00e9couvrez Cica-mains : la 1\u00e8re cr\u00e8me mains Mixa protectrice \u00e0 l\u2019efficacit\u00e9 r\u00e9paratrice, test\u00e9e sur professions expos\u00e9es. APAISE ET R\u00c9PARE INTENS\u00c9MENT","og_url":"https:\/\/cosmeticstoredz.com\/ar\/product\/mixa-creme-main-cica-main-peaux-seches\/","og_site_name":"Cosmetic Store","article_publisher":"https:\/\/www.facebook.com\/profile.php?id=61564954260683","article_modified_time":"2026-04-18T19:23:40+00:00","og_image":[{"width":1563,"height":1563,"url":"https:\/\/cosmeticstoredz.com\/wp-content\/uploads\/2026\/02\/Ajouter-un-titre-2024-07-29T104947.696.png","type":"image\/png"}],"twitter_card":"summary_large_image","twitter_misc":{"\u0648\u0642\u062a \u0627\u0644\u0642\u0631\u0627\u0621\u0629 \u0627\u0644\u0645\u064f\u0642\u062f\u0651\u0631":"\u062f\u0642\u064a\u0642\u0629 \u0648\u0627\u062d\u062f\u0629"},"schema":{"@context":"https:\/\/schema.org","@graph":[{"@type":"WebPage","@id":"https:\/\/cosmeticstoredz.com\/produit\/mixa-creme-main-cica-main-peaux-seches\/","url":"https:\/\/cosmeticstoredz.com\/produit\/mixa-creme-main-cica-main-peaux-seches\/","name":"MIXA CREME MAIN CICA MAIN PEAUX SECHES - Cosmetic Store","isPartOf":{"@id":"https:\/\/cosmeticstoredz.com\/#website"},"primaryImageOfPage":{"@id":"https:\/\/cosmeticstoredz.com\/produit\/mixa-creme-main-cica-main-peaux-seches\/#primaryimage"},"image":{"@id":"https:\/\/cosmeticstoredz.com\/produit\/mixa-creme-main-cica-main-peaux-seches\/#primaryimage"},"thumbnailUrl":"https:\/\/cosmeticstoredz.com\/wp-content\/uploads\/2026\/02\/Ajouter-un-titre-2024-07-29T104947.696.png","datePublished":"2025-06-04T19:55:02+00:00","dateModified":"2026-04-18T19:23:40+00:00","breadcrumb":{"@id":"https:\/\/cosmeticstoredz.com\/produit\/mixa-creme-main-cica-main-peaux-seches\/#breadcrumb"},"inLanguage":"ar","potentialAction":[{"@type":"ReadAction","target":["https:\/\/cosmeticstoredz.com\/produit\/mixa-creme-main-cica-main-peaux-seches\/"]}]},{"@type":"ImageObject","inLanguage":"ar","@id":"https:\/\/cosmeticstoredz.com\/produit\/mixa-creme-main-cica-main-peaux-seches\/#primaryimage","url":"https:\/\/cosmeticstoredz.com\/wp-content\/uploads\/2026\/02\/Ajouter-un-titre-2024-07-29T104947.696.png","contentUrl":"https:\/\/cosmeticstoredz.com\/wp-content\/uploads\/2026\/02\/Ajouter-un-titre-2024-07-29T104947.696.png","width":1563,"height":1563},{"@type":"BreadcrumbList","@id":"https:\/\/cosmeticstoredz.com\/produit\/mixa-creme-main-cica-main-peaux-seches\/#breadcrumb","itemListElement":[{"@type":"ListItem","position":1,"name":"Accueil","item":"https:\/\/cosmeticstoredz.com\/"},{"@type":"ListItem","position":2,"name":"Boutique","item":"https:\/\/cosmeticstoredz.com\/boutique\/"},{"@type":"ListItem","position":3,"name":"MIXA CREME MAIN CICA MAIN PEAUX SECHES"}]},{"@type":"WebSite","@id":"https:\/\/cosmeticstoredz.com\/#website","url":"https:\/\/cosmeticstoredz.com\/","name":"Cosmetic Store","description":"","publisher":{"@id":"https:\/\/cosmeticstoredz.com\/#organization"},"potentialAction":[{"@type":"SearchAction","target":{"@type":"EntryPoint","urlTemplate":"https:\/\/cosmeticstoredz.com\/?s={search_term_string}"},"query-input":{"@type":"PropertyValueSpecification","valueRequired":true,"valueName":"search_term_string"}}],"inLanguage":"ar"},{"@type":"Organization","@id":"https:\/\/cosmeticstoredz.com\/#organization","name":"Cosmetic Store","url":"https:\/\/cosmeticstoredz.com\/","logo":{"@type":"ImageObject","inLanguage":"ar","@id":"https:\/\/cosmeticstoredz.com\/#\/schema\/logo\/image\/","url":"https:\/\/cosmeticstoredz.com\/wp-content\/uploads\/2026\/02\/cropped-LOGO_CS-512x512-1-1-e1771275285345.webp","contentUrl":"https:\/\/cosmeticstoredz.com\/wp-content\/uploads\/2026\/02\/cropped-LOGO_CS-512x512-1-1-e1771275285345.webp","width":265,"height":319,"caption":"Cosmetic Store"},"image":{"@id":"https:\/\/cosmeticstoredz.com\/#\/schema\/logo\/image\/"},"sameAs":["https:\/\/www.facebook.com\/profile.php?id=61564954260683","https:\/\/www.instagram.com\/cosmetic.storedz\/"]}]}},"_links":{"self":[{"href":"https:\/\/cosmeticstoredz.com\/ar\/wp-json\/wp\/v2\/product\/6996","targetHints":{"allow":["GET"]}}],"collection":[{"href":"https:\/\/cosmeticstoredz.com\/ar\/wp-json\/wp\/v2\/product"}],"about":[{"href":"https:\/\/cosmeticstoredz.com\/ar\/wp-json\/wp\/v2\/types\/product"}],"replies":[{"embeddable":true,"href":"https:\/\/cosmeticstoredz.com\/ar\/wp-json\/wp\/v2\/comments?post=6996"}],"version-history":[{"count":1,"href":"https:\/\/cosmeticstoredz.com\/ar\/wp-json\/wp\/v2\/product\/6996\/revisions"}],"predecessor-version":[{"id":21357,"href":"https:\/\/cosmeticstoredz.com\/ar\/wp-json\/wp\/v2\/product\/6996\/revisions\/21357"}],"wp:featuredmedia":[{"embeddable":true,"href":"https:\/\/cosmeticstoredz.com\/ar\/wp-json\/wp\/v2\/media\/21356"}],"wp:attachment":[{"href":"https:\/\/cosmeticstoredz.com\/ar\/wp-json\/wp\/v2\/media?parent=6996"}],"wp:term":[{"taxonomy":"product_brand","embeddable":true,"href":"https:\/\/cosmeticstoredz.com\/ar\/wp-json\/wp\/v2\/product_brand?post=6996"},{"taxonomy":"product_cat","embeddable":true,"href":"https:\/\/cosmeticstoredz.com\/ar\/wp-json\/wp\/v2\/product_cat?post=6996"},{"taxonomy":"product_tag","embeddable":true,"href":"https:\/\/cosmeticstoredz.com\/ar\/wp-json\/wp\/v2\/product_tag?post=6996"}],"curies":[{"name":"wp","href":"https:\/\/api.w.org\/{rel}","templated":true}]}}