{"id":6994,"date":"2025-06-04T19:55:02","date_gmt":"2025-06-04T19:55:02","guid":{"rendered":"https:\/\/test.fitnessworldgym27.com\/?post_type=product&#038;p=6994"},"modified":"2026-03-30T19:27:23","modified_gmt":"2026-03-30T19:27:23","slug":"mixa-creme-main-ongles-2","status":"publish","type":"product","link":"https:\/\/cosmeticstoredz.com\/ar\/product\/mixa-creme-main-ongles-2\/","title":{"rendered":"MIXA CREME MAIN &#038; ONGLES"},"content":{"rendered":"<p>LE SOIN DES MAINS S\u00c8CHES ET DES ONGLES FRAGILIS\u00c9S :<\/p>\n<p>\u2013 Enrichie en huile d\u2019abricot bio, connue pour ses propri\u00e9t\u00e9s nutritives et protectrices, la Cr\u00e8me Mains Bio Mixa nourrit imm\u00e9diatement et intens\u00e9ment les mains s\u00e8ches. Elle prot\u00e8ge aussi les ongles fragilis\u00e9s, en aidant \u00e0 pr\u00e9venir le d\u00e9doublement et la casse.<\/p>\n<p>\u2013 Elle est certif\u00e9e cosm\u00e9tique \u00e9cologique et biologique par Ecocert pourcourir \u00e0 vos mains tous les bienfaits des ingr\u00e9dients d\u2019origine naturelle.<\/p>","protected":false},"excerpt":{"rendered":"<p class=\"product_title entry-title\">Mixa Intensif Peaux S\u00e8ches Cr\u00e8me Main Nutritive Main et Ongles Abimes 100ml<\/p>\n<div class=\"product-navigation-share\">\n<div class=\"product-share\">\n<div class=\"kapee-social icon-bordered icons-shape-circle icons-size-default kapee-arrow\"><\/div>\n<\/div>\n<div class=\"product-navigation\"><\/div>\n<\/div>","protected":false},"featured_media":21352,"comment_status":"open","ping_status":"closed","template":"","meta":[],"product_brand":[],"product_cat":[129,75,239],"product_tag":[125],"class_list":{"0":"post-6994","1":"product","2":"type-product","3":"status-publish","4":"has-post-thumbnail","6":"product_cat-creme-hydratante-fv","7":"product_cat-femme","8":"product_cat-mixa","9":"product_tag-made-in-france","11":"first","12":"instock","13":"shipping-taxable","14":"purchasable","15":"product-type-simple"},"_links":{"self":[{"href":"https:\/\/cosmeticstoredz.com\/ar\/wp-json\/wp\/v2\/product\/6994","targetHints":{"allow":["GET"]}}],"collection":[{"href":"https:\/\/cosmeticstoredz.com\/ar\/wp-json\/wp\/v2\/product"}],"about":[{"href":"https:\/\/cosmeticstoredz.com\/ar\/wp-json\/wp\/v2\/types\/product"}],"replies":[{"embeddable":true,"href":"https:\/\/cosmeticstoredz.com\/ar\/wp-json\/wp\/v2\/comments?post=6994"}],"version-history":[{"count":1,"href":"https:\/\/cosmeticstoredz.com\/ar\/wp-json\/wp\/v2\/product\/6994\/revisions"}],"predecessor-version":[{"id":21353,"href":"https:\/\/cosmeticstoredz.com\/ar\/wp-json\/wp\/v2\/product\/6994\/revisions\/21353"}],"wp:featuredmedia":[{"embeddable":true,"href":"https:\/\/cosmeticstoredz.com\/ar\/wp-json\/wp\/v2\/media\/21352"}],"wp:attachment":[{"href":"https:\/\/cosmeticstoredz.com\/ar\/wp-json\/wp\/v2\/media?parent=6994"}],"wp:term":[{"taxonomy":"product_brand","embeddable":true,"href":"https:\/\/cosmeticstoredz.com\/ar\/wp-json\/wp\/v2\/product_brand?post=6994"},{"taxonomy":"product_cat","embeddable":true,"href":"https:\/\/cosmeticstoredz.com\/ar\/wp-json\/wp\/v2\/product_cat?post=6994"},{"taxonomy":"product_tag","embeddable":true,"href":"https:\/\/cosmeticstoredz.com\/ar\/wp-json\/wp\/v2\/product_tag?post=6994"}],"curies":[{"name":"wp","href":"https:\/\/api.w.org\/{rel}","templated":true}]}}