{"id":6971,"date":"2025-06-04T19:54:41","date_gmt":"2025-06-04T19:54:41","guid":{"rendered":"https:\/\/test.fitnessworldgym27.com\/?post_type=product&#038;p=6971"},"modified":"2026-03-30T19:25:27","modified_gmt":"2026-03-30T19:25:27","slug":"miss-eden-lait-de-corps","status":"publish","type":"product","link":"https:\/\/cosmeticstoredz.com\/ar\/product\/miss-eden-lait-de-corps\/","title":{"rendered":"MISS EDEN LAIT DE CORPS"},"content":{"rendered":"<p>Enrichi au beurre de karit\u00e9, le Lait Corporel Miss Eden nourrit votre peau en profondeur pour \u00e9viter le dess\u00e8chement. Gr\u00e2ce \u00e0 l&rsquo;huile d&rsquo;Argan, il r\u00e9pare et assouplit les peaux les plus s\u00e8ches et les peaux fragiles. Votre peau est plus belle, plus douce et parfum\u00e9e d\u00e9licatement.<\/p>","protected":false},"excerpt":{"rendered":"<p>Le lait corporel au beurre de Karit\u00e9 et \u00e0 l&rsquo;huile d&rsquo;Argan MISS EDEN nourrit et redonne de la souplesse aux peaux s\u00e8ches et abim\u00e9es.<\/p>","protected":false},"featured_media":21344,"comment_status":"closed","ping_status":"closed","template":"","meta":[],"product_brand":[],"product_cat":[75,139,356,81],"product_tag":[],"class_list":{"0":"post-6971","1":"product","2":"type-product","3":"status-publish","4":"has-post-thumbnail","6":"product_cat-femme","7":"product_cat-lait-de-corps-soin-corps-f","8":"product_cat-miss-eden","9":"product_cat-soin-corps-f","11":"first","12":"instock","13":"shipping-taxable","14":"purchasable","15":"product-type-simple"},"_links":{"self":[{"href":"https:\/\/cosmeticstoredz.com\/ar\/wp-json\/wp\/v2\/product\/6971","targetHints":{"allow":["GET"]}}],"collection":[{"href":"https:\/\/cosmeticstoredz.com\/ar\/wp-json\/wp\/v2\/product"}],"about":[{"href":"https:\/\/cosmeticstoredz.com\/ar\/wp-json\/wp\/v2\/types\/product"}],"replies":[{"embeddable":true,"href":"https:\/\/cosmeticstoredz.com\/ar\/wp-json\/wp\/v2\/comments?post=6971"}],"version-history":[{"count":1,"href":"https:\/\/cosmeticstoredz.com\/ar\/wp-json\/wp\/v2\/product\/6971\/revisions"}],"predecessor-version":[{"id":21345,"href":"https:\/\/cosmeticstoredz.com\/ar\/wp-json\/wp\/v2\/product\/6971\/revisions\/21345"}],"wp:featuredmedia":[{"embeddable":true,"href":"https:\/\/cosmeticstoredz.com\/ar\/wp-json\/wp\/v2\/media\/21344"}],"wp:attachment":[{"href":"https:\/\/cosmeticstoredz.com\/ar\/wp-json\/wp\/v2\/media?parent=6971"}],"wp:term":[{"taxonomy":"product_brand","embeddable":true,"href":"https:\/\/cosmeticstoredz.com\/ar\/wp-json\/wp\/v2\/product_brand?post=6971"},{"taxonomy":"product_cat","embeddable":true,"href":"https:\/\/cosmeticstoredz.com\/ar\/wp-json\/wp\/v2\/product_cat?post=6971"},{"taxonomy":"product_tag","embeddable":true,"href":"https:\/\/cosmeticstoredz.com\/ar\/wp-json\/wp\/v2\/product_tag?post=6971"}],"curies":[{"name":"wp","href":"https:\/\/api.w.org\/{rel}","templated":true}]}}