{"id":6965,"date":"2025-06-04T19:54:41","date_gmt":"2025-06-04T19:54:41","guid":{"rendered":"https:\/\/test.fitnessworldgym27.com\/?post_type=product&#038;p=6965"},"modified":"2026-02-16T21:45:22","modified_gmt":"2026-02-16T21:45:22","slug":"maybelline-lash-sensational-sky-high-mascara-799","status":"publish","type":"product","link":"https:\/\/cosmeticstoredz.com\/ar\/product\/maybelline-lash-sensational-sky-high-mascara-799\/","title":{"rendered":"MAYBELLINE LASH SENSATIONAL SKY HIGH MASCARA 799"},"content":{"rendered":"<ul class=\"a-unordered-list a-vertical a-spacing-mini\">\n<li class=\"a-spacing-mini\"><span class=\"a-list-item\">Impact des cils sous tous les angles, volume complet et longueur illimit\u00e9e<\/span><\/li>\n<li class=\"a-spacing-mini\"><span class=\"a-list-item\">Cette formule de mascara volumisante et allong\u00e9e est infus\u00e9e avec de l&rsquo;extrait de bambou et des fibres pour des cils longs et complets qui ne sont jamais alourdis<\/span><\/li>\n<li class=\"a-spacing-mini\"><span class=\"a-list-item\">Le mascara est test\u00e9 contre les allergies, test\u00e9 ophtalmologiquement, adapt\u00e9 aux yeux sensibles et aux porteurs de lentilles de contact, s&rsquo;enl\u00e8ve facilement<\/span><\/li>\n<\/ul>","protected":false},"excerpt":{"rendered":"<p>Impact des cils sous tous les angles, volume complet et longueur illimit\u00e9e Cette formule de mascara volumisante et allong\u00e9e est<\/p>","protected":false},"featured_media":21334,"comment_status":"closed","ping_status":"closed","template":"","meta":[],"product_brand":[410],"product_cat":[75,122,186,230,126],"product_tag":[],"class_list":{"0":"post-6965","1":"product","2":"type-product","3":"status-publish","4":"has-post-thumbnail","6":"product_brand-maybelline","7":"product_cat-femme","8":"product_cat-make-up","9":"product_cat-mascara","10":"product_cat-maybelline","11":"product_cat-yeux","13":"first","14":"instock","15":"shipping-taxable","16":"purchasable","17":"product-type-simple"},"_links":{"self":[{"href":"https:\/\/cosmeticstoredz.com\/ar\/wp-json\/wp\/v2\/product\/6965","targetHints":{"allow":["GET"]}}],"collection":[{"href":"https:\/\/cosmeticstoredz.com\/ar\/wp-json\/wp\/v2\/product"}],"about":[{"href":"https:\/\/cosmeticstoredz.com\/ar\/wp-json\/wp\/v2\/types\/product"}],"replies":[{"embeddable":true,"href":"https:\/\/cosmeticstoredz.com\/ar\/wp-json\/wp\/v2\/comments?post=6965"}],"version-history":[{"count":1,"href":"https:\/\/cosmeticstoredz.com\/ar\/wp-json\/wp\/v2\/product\/6965\/revisions"}],"predecessor-version":[{"id":21335,"href":"https:\/\/cosmeticstoredz.com\/ar\/wp-json\/wp\/v2\/product\/6965\/revisions\/21335"}],"wp:featuredmedia":[{"embeddable":true,"href":"https:\/\/cosmeticstoredz.com\/ar\/wp-json\/wp\/v2\/media\/21334"}],"wp:attachment":[{"href":"https:\/\/cosmeticstoredz.com\/ar\/wp-json\/wp\/v2\/media?parent=6965"}],"wp:term":[{"taxonomy":"product_brand","embeddable":true,"href":"https:\/\/cosmeticstoredz.com\/ar\/wp-json\/wp\/v2\/product_brand?post=6965"},{"taxonomy":"product_cat","embeddable":true,"href":"https:\/\/cosmeticstoredz.com\/ar\/wp-json\/wp\/v2\/product_cat?post=6965"},{"taxonomy":"product_tag","embeddable":true,"href":"https:\/\/cosmeticstoredz.com\/ar\/wp-json\/wp\/v2\/product_tag?post=6965"}],"curies":[{"name":"wp","href":"https:\/\/api.w.org\/{rel}","templated":true}]}}