{"id":6924,"date":"2025-06-04T19:54:18","date_gmt":"2025-06-04T19:54:18","guid":{"rendered":"https:\/\/test.fitnessworldgym27.com\/?post_type=product&#038;p=6924"},"modified":"2026-03-30T19:24:05","modified_gmt":"2026-03-30T19:24:05","slug":"loreal-paris-infallible-gel-eyeliner-010-blue","status":"publish","type":"product","link":"https:\/\/cosmeticstoredz.com\/ar\/product\/loreal-paris-infallible-gel-eyeliner-010-blue\/","title":{"rendered":"L&rsquo;OREAL PARIS INFALLIBLE GEL EYELINER 010 BLUE"},"content":{"rendered":"<p class=\"h3\"><strong style=\"color: #333333; font-size: 16px;\">L&rsquo;Or\u00e9al Paris Infallible Gel Crayon<\/strong><span style=\"color: #333333; font-size: 16px;\">\u00a0permet de cr\u00e9er un maquillage des yeux moderne et longue tenue tr\u00e8s facile. C\u2019est le crayon yeux id\u00e9al pour les d\u00e9butantes car il est tr\u00e8s facile \u00e0 utiliser. C&rsquo;est un \u00e9l\u00e9ment incontournable dans la trousse de beaut\u00e9 !<\/span><\/p>\n<div class=\"variation-description\" data-text=\"variation-description\">\n<h3>Comment le crayon yeux L&rsquo;Or\u00e9al Paris se distingue-t-il ?<\/h3>\n<ul>\n<li>texture gel waterproof<\/li>\n<li>teintes intenses<\/li>\n<li>application facile, texture ultra-glissante<\/li>\n<li>couleur intense pendant 24 heures<\/li>\n<li>id\u00e9al pour la saison estivale<\/li>\n<\/ul>\n<h3>Comment utiliser Gel Crayon :<\/h3>\n<p>Tracez un trait du ras des cils au coin externe de l\u2019oeil. Sur Internet, il existe diff\u00e9rentes fa\u00e7ons de poser l\u2019eyeliner, \u00e0 vous de choisir celui qui vous convient le mieux. Attention: les types plus clairs et les femmes plus matures devraient choisir un eye-liner brun, pas du noir traditionnel.<\/p>\n<\/div>","protected":false},"excerpt":{"rendered":"<p><strong style=\"color: #333333; font-size: 16px;\">L&rsquo;Or\u00e9al Paris Infallible Gel Crayon<\/strong><span style=\"color: #333333; font-size: 16px;\">\u00a0permet de cr\u00e9er un maquillage des yeux moderne et longue tenue tr\u00e8s facile. C\u2019est le crayon yeux id\u00e9al pour les d\u00e9butantes car il est tr\u00e8s facile \u00e0 utiliser. C&rsquo;est un \u00e9l\u00e9ment incontournable dans la trousse de beaut\u00e9 !<\/span><\/p>","protected":false},"featured_media":21283,"comment_status":"closed","ping_status":"closed","template":"","meta":[],"product_brand":[409],"product_cat":[198,75,153,122,126],"product_tag":[125],"class_list":{"0":"post-6924","1":"product","2":"type-product","3":"status-publish","4":"has-post-thumbnail","6":"product_brand-loreal","7":"product_cat-eyeliner","8":"product_cat-femme","9":"product_cat-loreal","10":"product_cat-make-up","11":"product_cat-yeux","12":"product_tag-made-in-france","14":"first","15":"outofstock","16":"sale","17":"shipping-taxable","18":"purchasable","19":"product-type-simple"},"_links":{"self":[{"href":"https:\/\/cosmeticstoredz.com\/ar\/wp-json\/wp\/v2\/product\/6924","targetHints":{"allow":["GET"]}}],"collection":[{"href":"https:\/\/cosmeticstoredz.com\/ar\/wp-json\/wp\/v2\/product"}],"about":[{"href":"https:\/\/cosmeticstoredz.com\/ar\/wp-json\/wp\/v2\/types\/product"}],"replies":[{"embeddable":true,"href":"https:\/\/cosmeticstoredz.com\/ar\/wp-json\/wp\/v2\/comments?post=6924"}],"version-history":[{"count":1,"href":"https:\/\/cosmeticstoredz.com\/ar\/wp-json\/wp\/v2\/product\/6924\/revisions"}],"predecessor-version":[{"id":21285,"href":"https:\/\/cosmeticstoredz.com\/ar\/wp-json\/wp\/v2\/product\/6924\/revisions\/21285"}],"wp:featuredmedia":[{"embeddable":true,"href":"https:\/\/cosmeticstoredz.com\/ar\/wp-json\/wp\/v2\/media\/21283"}],"wp:attachment":[{"href":"https:\/\/cosmeticstoredz.com\/ar\/wp-json\/wp\/v2\/media?parent=6924"}],"wp:term":[{"taxonomy":"product_brand","embeddable":true,"href":"https:\/\/cosmeticstoredz.com\/ar\/wp-json\/wp\/v2\/product_brand?post=6924"},{"taxonomy":"product_cat","embeddable":true,"href":"https:\/\/cosmeticstoredz.com\/ar\/wp-json\/wp\/v2\/product_cat?post=6924"},{"taxonomy":"product_tag","embeddable":true,"href":"https:\/\/cosmeticstoredz.com\/ar\/wp-json\/wp\/v2\/product_tag?post=6924"}],"curies":[{"name":"wp","href":"https:\/\/api.w.org\/{rel}","templated":true}]}}