{"id":6922,"date":"2025-06-04T19:54:18","date_gmt":"2025-06-04T19:54:18","guid":{"rendered":"https:\/\/test.fitnessworldgym27.com\/?post_type=product&#038;p=6922"},"modified":"2026-04-27T15:57:28","modified_gmt":"2026-04-27T15:57:28","slug":"loreal-elvive-msq-total-repair-5","status":"publish","type":"product","link":"https:\/\/cosmeticstoredz.com\/ar\/product\/loreal-elvive-msq-total-repair-5\/","title":{"rendered":"L&rsquo;OREAL ELVIVE MSQ TOTAL REPAIR 5"},"content":{"rendered":"<h5>L\u2019Or\u00e9al Elseve Total Repair 5 Masque 310 ml<\/h5>\n<h6>Cheveux tr\u00e8s ab\u00eem\u00e9s<\/h6>\n<p>D\u00e9couvrez le\u00a0<strong>Masque Reconstituant Total Repair 5<\/strong>\u00a0avec sa formule enrichie en\u00a0<strong>k\u00e9ratine\u00a0<\/strong>et<strong>\u00a0C\u00e9ramide<\/strong>, enveloppe la chevelure dans une texture riche et fondante pour r\u00e9parer intens\u00e9ment et renforcer vos cheveux face aux agressions quotidiennes.<\/p>\n<p>Vos cheveux ab\u00eem\u00e9s sont r\u00e9par\u00e9s, r\u00e9sistants, pleins de vitalit\u00e9, brillants et doux.<\/p>\n<h5>Propri\u00e9t\u00e9s du masque Elseve Total repair 5 :<\/h5>\n<p><strong>5 B\u00e9n\u00e9fices en 1 seul geste pour les cheveux ab\u00eem\u00e9s :<\/strong><\/p>\n<p>1. R\u00e9paration<br \/>\n2 .R\u00e9sistance<br \/>\n3.Vitalit\u00e9<br \/>\n4. Brillance<br \/>\n5. Douceur<\/p>","protected":false},"excerpt":{"rendered":"<p>L\u2019Or\u00e9al Elseve Total Repair 5 Masque 310 ml Cheveux tr\u00e8s ab\u00eem\u00e9s D\u00e9couvrez le\u00a0Masque Reconstituant Total Repair 5\u00a0avec sa formule enrichie<\/p>","protected":false},"featured_media":21278,"comment_status":"open","ping_status":"closed","template":"","meta":[],"product_brand":[409],"product_cat":[75,153,155,95],"product_tag":[125],"class_list":{"0":"post-6922","1":"product","2":"type-product","3":"status-publish","4":"has-post-thumbnail","6":"product_brand-loreal","7":"product_cat-femme","8":"product_cat-loreal","9":"product_cat-masque","10":"product_cat-soin-cheveux-f","11":"product_tag-made-in-france","13":"first","14":"instock","15":"shipping-taxable","16":"purchasable","17":"product-type-simple"},"yoast_head":"<!-- This site is optimized with the Yoast SEO plugin v27.3 - https:\/\/yoast.com\/product\/yoast-seo-wordpress\/ -->\n<title>L&#039;OREAL ELVIVE MSQ TOTAL REPAIR 5 - Cosmetic Store<\/title>\n<meta name=\"robots\" content=\"index, follow, max-snippet:-1, max-image-preview:large, max-video-preview:-1\" \/>\n<link rel=\"canonical\" href=\"https:\/\/cosmeticstoredz.com\/ar\/product\/loreal-elvive-msq-total-repair-5\/\" \/>\n<meta property=\"og:locale\" content=\"ar_AR\" \/>\n<meta property=\"og:type\" content=\"article\" \/>\n<meta property=\"og:title\" content=\"L&#039;OREAL ELVIVE MSQ TOTAL REPAIR 5 - Cosmetic Store\" \/>\n<meta property=\"og:description\" content=\"L\u2019Or\u00e9al Elseve Total Repair 5 Masque 310 ml Cheveux tr\u00e8s ab\u00eem\u00e9s D\u00e9couvrez le\u00a0Masque Reconstituant Total Repair 5\u00a0avec sa formule enrichie\" \/>\n<meta property=\"og:url\" content=\"https:\/\/cosmeticstoredz.com\/ar\/product\/loreal-elvive-msq-total-repair-5\/\" \/>\n<meta property=\"og:site_name\" content=\"Cosmetic Store\" \/>\n<meta property=\"article:publisher\" content=\"https:\/\/www.facebook.com\/profile.php?id=61564954260683\" \/>\n<meta property=\"article:modified_time\" content=\"2026-04-27T15:57:28+00:00\" \/>\n<meta property=\"og:image\" content=\"https:\/\/cosmeticstoredz.com\/wp-content\/uploads\/2026\/02\/Ajouter-un-titre-2024-07-29T125244.370.png\" \/>\n\t<meta property=\"og:image:width\" content=\"1563\" \/>\n\t<meta property=\"og:image:height\" content=\"1563\" \/>\n\t<meta property=\"og:image:type\" content=\"image\/png\" \/>\n<meta name=\"twitter:card\" content=\"summary_large_image\" \/>\n<script type=\"application\/ld+json\" class=\"yoast-schema-graph\">{\"@context\":\"https:\\\/\\\/schema.org\",\"@graph\":[{\"@type\":\"WebPage\",\"@id\":\"https:\\\/\\\/cosmeticstoredz.com\\\/produit\\\/loreal-elvive-msq-total-repair-5\\\/\",\"url\":\"https:\\\/\\\/cosmeticstoredz.com\\\/produit\\\/loreal-elvive-msq-total-repair-5\\\/\",\"name\":\"L'OREAL ELVIVE MSQ TOTAL REPAIR 5 - Cosmetic Store\",\"isPartOf\":{\"@id\":\"https:\\\/\\\/cosmeticstoredz.com\\\/#website\"},\"primaryImageOfPage\":{\"@id\":\"https:\\\/\\\/cosmeticstoredz.com\\\/produit\\\/loreal-elvive-msq-total-repair-5\\\/#primaryimage\"},\"image\":{\"@id\":\"https:\\\/\\\/cosmeticstoredz.com\\\/produit\\\/loreal-elvive-msq-total-repair-5\\\/#primaryimage\"},\"thumbnailUrl\":\"https:\\\/\\\/cosmeticstoredz.com\\\/wp-content\\\/uploads\\\/2026\\\/02\\\/Ajouter-un-titre-2024-07-29T125244.370.png\",\"datePublished\":\"2025-06-04T19:54:18+00:00\",\"dateModified\":\"2026-04-27T15:57:28+00:00\",\"breadcrumb\":{\"@id\":\"https:\\\/\\\/cosmeticstoredz.com\\\/produit\\\/loreal-elvive-msq-total-repair-5\\\/#breadcrumb\"},\"inLanguage\":\"ar\",\"potentialAction\":[{\"@type\":\"ReadAction\",\"target\":[\"https:\\\/\\\/cosmeticstoredz.com\\\/produit\\\/loreal-elvive-msq-total-repair-5\\\/\"]}]},{\"@type\":\"ImageObject\",\"inLanguage\":\"ar\",\"@id\":\"https:\\\/\\\/cosmeticstoredz.com\\\/produit\\\/loreal-elvive-msq-total-repair-5\\\/#primaryimage\",\"url\":\"https:\\\/\\\/cosmeticstoredz.com\\\/wp-content\\\/uploads\\\/2026\\\/02\\\/Ajouter-un-titre-2024-07-29T125244.370.png\",\"contentUrl\":\"https:\\\/\\\/cosmeticstoredz.com\\\/wp-content\\\/uploads\\\/2026\\\/02\\\/Ajouter-un-titre-2024-07-29T125244.370.png\",\"width\":1563,\"height\":1563},{\"@type\":\"BreadcrumbList\",\"@id\":\"https:\\\/\\\/cosmeticstoredz.com\\\/produit\\\/loreal-elvive-msq-total-repair-5\\\/#breadcrumb\",\"itemListElement\":[{\"@type\":\"ListItem\",\"position\":1,\"name\":\"Accueil\",\"item\":\"https:\\\/\\\/cosmeticstoredz.com\\\/\"},{\"@type\":\"ListItem\",\"position\":2,\"name\":\"Boutique\",\"item\":\"https:\\\/\\\/cosmeticstoredz.com\\\/boutique\\\/\"},{\"@type\":\"ListItem\",\"position\":3,\"name\":\"L&rsquo;OREAL ELVIVE MSQ TOTAL REPAIR 5\"}]},{\"@type\":\"WebSite\",\"@id\":\"https:\\\/\\\/cosmeticstoredz.com\\\/#website\",\"url\":\"https:\\\/\\\/cosmeticstoredz.com\\\/\",\"name\":\"Cosmetic Store\",\"description\":\"\",\"publisher\":{\"@id\":\"https:\\\/\\\/cosmeticstoredz.com\\\/#organization\"},\"potentialAction\":[{\"@type\":\"SearchAction\",\"target\":{\"@type\":\"EntryPoint\",\"urlTemplate\":\"https:\\\/\\\/cosmeticstoredz.com\\\/?s={search_term_string}\"},\"query-input\":{\"@type\":\"PropertyValueSpecification\",\"valueRequired\":true,\"valueName\":\"search_term_string\"}}],\"inLanguage\":\"ar\"},{\"@type\":\"Organization\",\"@id\":\"https:\\\/\\\/cosmeticstoredz.com\\\/#organization\",\"name\":\"Cosmetic Store\",\"url\":\"https:\\\/\\\/cosmeticstoredz.com\\\/\",\"logo\":{\"@type\":\"ImageObject\",\"inLanguage\":\"ar\",\"@id\":\"https:\\\/\\\/cosmeticstoredz.com\\\/#\\\/schema\\\/logo\\\/image\\\/\",\"url\":\"https:\\\/\\\/cosmeticstoredz.com\\\/wp-content\\\/uploads\\\/2026\\\/02\\\/cropped-LOGO_CS-512x512-1-1-e1771275285345.webp\",\"contentUrl\":\"https:\\\/\\\/cosmeticstoredz.com\\\/wp-content\\\/uploads\\\/2026\\\/02\\\/cropped-LOGO_CS-512x512-1-1-e1771275285345.webp\",\"width\":265,\"height\":319,\"caption\":\"Cosmetic Store\"},\"image\":{\"@id\":\"https:\\\/\\\/cosmeticstoredz.com\\\/#\\\/schema\\\/logo\\\/image\\\/\"},\"sameAs\":[\"https:\\\/\\\/www.facebook.com\\\/profile.php?id=61564954260683\",\"https:\\\/\\\/www.instagram.com\\\/cosmetic.storedz\\\/\"]}]}<\/script>\n<!-- \/ Yoast SEO plugin. -->","yoast_head_json":{"title":"L'OREAL ELVIVE MSQ TOTAL REPAIR 5 - Cosmetic Store","robots":{"index":"index","follow":"follow","max-snippet":"max-snippet:-1","max-image-preview":"max-image-preview:large","max-video-preview":"max-video-preview:-1"},"canonical":"https:\/\/cosmeticstoredz.com\/ar\/product\/loreal-elvive-msq-total-repair-5\/","og_locale":"ar_AR","og_type":"article","og_title":"L'OREAL ELVIVE MSQ TOTAL REPAIR 5 - Cosmetic Store","og_description":"L\u2019Or\u00e9al Elseve Total Repair 5 Masque 310 ml Cheveux tr\u00e8s ab\u00eem\u00e9s D\u00e9couvrez le\u00a0Masque Reconstituant Total Repair 5\u00a0avec sa formule enrichie","og_url":"https:\/\/cosmeticstoredz.com\/ar\/product\/loreal-elvive-msq-total-repair-5\/","og_site_name":"Cosmetic Store","article_publisher":"https:\/\/www.facebook.com\/profile.php?id=61564954260683","article_modified_time":"2026-04-27T15:57:28+00:00","og_image":[{"width":1563,"height":1563,"url":"https:\/\/cosmeticstoredz.com\/wp-content\/uploads\/2026\/02\/Ajouter-un-titre-2024-07-29T125244.370.png","type":"image\/png"}],"twitter_card":"summary_large_image","schema":{"@context":"https:\/\/schema.org","@graph":[{"@type":"WebPage","@id":"https:\/\/cosmeticstoredz.com\/produit\/loreal-elvive-msq-total-repair-5\/","url":"https:\/\/cosmeticstoredz.com\/produit\/loreal-elvive-msq-total-repair-5\/","name":"L'OREAL ELVIVE MSQ TOTAL REPAIR 5 - Cosmetic Store","isPartOf":{"@id":"https:\/\/cosmeticstoredz.com\/#website"},"primaryImageOfPage":{"@id":"https:\/\/cosmeticstoredz.com\/produit\/loreal-elvive-msq-total-repair-5\/#primaryimage"},"image":{"@id":"https:\/\/cosmeticstoredz.com\/produit\/loreal-elvive-msq-total-repair-5\/#primaryimage"},"thumbnailUrl":"https:\/\/cosmeticstoredz.com\/wp-content\/uploads\/2026\/02\/Ajouter-un-titre-2024-07-29T125244.370.png","datePublished":"2025-06-04T19:54:18+00:00","dateModified":"2026-04-27T15:57:28+00:00","breadcrumb":{"@id":"https:\/\/cosmeticstoredz.com\/produit\/loreal-elvive-msq-total-repair-5\/#breadcrumb"},"inLanguage":"ar","potentialAction":[{"@type":"ReadAction","target":["https:\/\/cosmeticstoredz.com\/produit\/loreal-elvive-msq-total-repair-5\/"]}]},{"@type":"ImageObject","inLanguage":"ar","@id":"https:\/\/cosmeticstoredz.com\/produit\/loreal-elvive-msq-total-repair-5\/#primaryimage","url":"https:\/\/cosmeticstoredz.com\/wp-content\/uploads\/2026\/02\/Ajouter-un-titre-2024-07-29T125244.370.png","contentUrl":"https:\/\/cosmeticstoredz.com\/wp-content\/uploads\/2026\/02\/Ajouter-un-titre-2024-07-29T125244.370.png","width":1563,"height":1563},{"@type":"BreadcrumbList","@id":"https:\/\/cosmeticstoredz.com\/produit\/loreal-elvive-msq-total-repair-5\/#breadcrumb","itemListElement":[{"@type":"ListItem","position":1,"name":"Accueil","item":"https:\/\/cosmeticstoredz.com\/"},{"@type":"ListItem","position":2,"name":"Boutique","item":"https:\/\/cosmeticstoredz.com\/boutique\/"},{"@type":"ListItem","position":3,"name":"L&rsquo;OREAL ELVIVE MSQ TOTAL REPAIR 5"}]},{"@type":"WebSite","@id":"https:\/\/cosmeticstoredz.com\/#website","url":"https:\/\/cosmeticstoredz.com\/","name":"Cosmetic Store","description":"","publisher":{"@id":"https:\/\/cosmeticstoredz.com\/#organization"},"potentialAction":[{"@type":"SearchAction","target":{"@type":"EntryPoint","urlTemplate":"https:\/\/cosmeticstoredz.com\/?s={search_term_string}"},"query-input":{"@type":"PropertyValueSpecification","valueRequired":true,"valueName":"search_term_string"}}],"inLanguage":"ar"},{"@type":"Organization","@id":"https:\/\/cosmeticstoredz.com\/#organization","name":"Cosmetic Store","url":"https:\/\/cosmeticstoredz.com\/","logo":{"@type":"ImageObject","inLanguage":"ar","@id":"https:\/\/cosmeticstoredz.com\/#\/schema\/logo\/image\/","url":"https:\/\/cosmeticstoredz.com\/wp-content\/uploads\/2026\/02\/cropped-LOGO_CS-512x512-1-1-e1771275285345.webp","contentUrl":"https:\/\/cosmeticstoredz.com\/wp-content\/uploads\/2026\/02\/cropped-LOGO_CS-512x512-1-1-e1771275285345.webp","width":265,"height":319,"caption":"Cosmetic Store"},"image":{"@id":"https:\/\/cosmeticstoredz.com\/#\/schema\/logo\/image\/"},"sameAs":["https:\/\/www.facebook.com\/profile.php?id=61564954260683","https:\/\/www.instagram.com\/cosmetic.storedz\/"]}]}},"_links":{"self":[{"href":"https:\/\/cosmeticstoredz.com\/ar\/wp-json\/wp\/v2\/product\/6922","targetHints":{"allow":["GET"]}}],"collection":[{"href":"https:\/\/cosmeticstoredz.com\/ar\/wp-json\/wp\/v2\/product"}],"about":[{"href":"https:\/\/cosmeticstoredz.com\/ar\/wp-json\/wp\/v2\/types\/product"}],"replies":[{"embeddable":true,"href":"https:\/\/cosmeticstoredz.com\/ar\/wp-json\/wp\/v2\/comments?post=6922"}],"version-history":[{"count":1,"href":"https:\/\/cosmeticstoredz.com\/ar\/wp-json\/wp\/v2\/product\/6922\/revisions"}],"predecessor-version":[{"id":21279,"href":"https:\/\/cosmeticstoredz.com\/ar\/wp-json\/wp\/v2\/product\/6922\/revisions\/21279"}],"wp:featuredmedia":[{"embeddable":true,"href":"https:\/\/cosmeticstoredz.com\/ar\/wp-json\/wp\/v2\/media\/21278"}],"wp:attachment":[{"href":"https:\/\/cosmeticstoredz.com\/ar\/wp-json\/wp\/v2\/media?parent=6922"}],"wp:term":[{"taxonomy":"product_brand","embeddable":true,"href":"https:\/\/cosmeticstoredz.com\/ar\/wp-json\/wp\/v2\/product_brand?post=6922"},{"taxonomy":"product_cat","embeddable":true,"href":"https:\/\/cosmeticstoredz.com\/ar\/wp-json\/wp\/v2\/product_cat?post=6922"},{"taxonomy":"product_tag","embeddable":true,"href":"https:\/\/cosmeticstoredz.com\/ar\/wp-json\/wp\/v2\/product_tag?post=6922"}],"curies":[{"name":"wp","href":"https:\/\/api.w.org\/{rel}","templated":true}]}}