{"id":6876,"date":"2025-06-04T19:53:55","date_gmt":"2025-06-04T19:53:55","guid":{"rendered":"https:\/\/test.fitnessworldgym27.com\/?post_type=product&#038;p=6876"},"modified":"2026-03-30T19:24:37","modified_gmt":"2026-03-30T19:24:37","slug":"head-shoulders-400ml-smooth-silky-2","status":"publish","type":"product","link":"https:\/\/cosmeticstoredz.com\/ar\/product\/head-shoulders-400ml-smooth-silky-2\/","title":{"rendered":"HEAD &#038; SHOULDERS 400ML SMOOTH &#038; SILKY"},"content":{"rendered":"<p>Offrez \u00e0 vos cheveux une douceur exceptionnelle avec le shampooing Head &amp; Shoulders Smooth &amp; Silky. Sp\u00e9cialement formul\u00e9 pour combattre les pellicules tout en adoucissant les cheveux, ce shampooing enrichi nourrit les cheveux pour les rendre lisses et soyeux<\/p>","protected":false},"excerpt":{"rendered":"<p>Offrez \u00e0 vos cheveux une douceur exceptionnelle avec le shampooing Head &amp; Shoulders Smooth &amp; Silky. Sp\u00e9cialement formul\u00e9 pour combattre les pellicules tout en adoucissant les cheveux, ce shampooing enrichi nourrit les cheveux pour les rendre lisses et soyeux<\/p>","protected":false},"featured_media":21233,"comment_status":"open","ping_status":"closed","template":"","meta":[],"product_brand":[],"product_cat":[75,313,111,159,95,92],"product_tag":[],"class_list":{"0":"post-6876","1":"product","2":"type-product","3":"status-publish","4":"has-post-thumbnail","6":"product_cat-femme","7":"product_cat-head-shoulders","8":"product_cat-shampoing-f","9":"product_cat-shampoing-h","10":"product_cat-soin-cheveux-f","11":"product_cat-soin-cheveux-h","13":"first","14":"outofstock","15":"shipping-taxable","16":"purchasable","17":"product-type-simple"},"_links":{"self":[{"href":"https:\/\/cosmeticstoredz.com\/ar\/wp-json\/wp\/v2\/product\/6876","targetHints":{"allow":["GET"]}}],"collection":[{"href":"https:\/\/cosmeticstoredz.com\/ar\/wp-json\/wp\/v2\/product"}],"about":[{"href":"https:\/\/cosmeticstoredz.com\/ar\/wp-json\/wp\/v2\/types\/product"}],"replies":[{"embeddable":true,"href":"https:\/\/cosmeticstoredz.com\/ar\/wp-json\/wp\/v2\/comments?post=6876"}],"version-history":[{"count":1,"href":"https:\/\/cosmeticstoredz.com\/ar\/wp-json\/wp\/v2\/product\/6876\/revisions"}],"predecessor-version":[{"id":21234,"href":"https:\/\/cosmeticstoredz.com\/ar\/wp-json\/wp\/v2\/product\/6876\/revisions\/21234"}],"wp:featuredmedia":[{"embeddable":true,"href":"https:\/\/cosmeticstoredz.com\/ar\/wp-json\/wp\/v2\/media\/21233"}],"wp:attachment":[{"href":"https:\/\/cosmeticstoredz.com\/ar\/wp-json\/wp\/v2\/media?parent=6876"}],"wp:term":[{"taxonomy":"product_brand","embeddable":true,"href":"https:\/\/cosmeticstoredz.com\/ar\/wp-json\/wp\/v2\/product_brand?post=6876"},{"taxonomy":"product_cat","embeddable":true,"href":"https:\/\/cosmeticstoredz.com\/ar\/wp-json\/wp\/v2\/product_cat?post=6876"},{"taxonomy":"product_tag","embeddable":true,"href":"https:\/\/cosmeticstoredz.com\/ar\/wp-json\/wp\/v2\/product_tag?post=6876"}],"curies":[{"name":"wp","href":"https:\/\/api.w.org\/{rel}","templated":true}]}}