{"id":6873,"date":"2025-06-04T19:53:55","date_gmt":"2025-06-04T19:53:55","guid":{"rendered":"https:\/\/test.fitnessworldgym27.com\/?post_type=product&#038;p=6873"},"modified":"2026-03-30T19:24:37","modified_gmt":"2026-03-30T19:24:37","slug":"head-shoulders-400ml-classique-clean-2","status":"publish","type":"product","link":"https:\/\/cosmeticstoredz.com\/ar\/product\/head-shoulders-400ml-classique-clean-2\/","title":{"rendered":"HEAD &#038; SHOULDERS 400ML CLASSIQUE CLEAN"},"content":{"rendered":"<p>Profitez d&rsquo;une propret\u00e9 durable et d&rsquo;une protection contre les pellicules avec le shampooing Head &amp; Shoulders Classique Clean. Ce shampooing embl\u00e9matique, con\u00e7u pour un usage quotidien, \u00e9limine efficacement les pellicules tout en nettoyant en profondeur le cuir chevelu et les cheveux.<\/p>","protected":false},"excerpt":{"rendered":"<p>Profitez d&rsquo;une propret\u00e9 durable et d&rsquo;une protection contre les pellicules avec le shampooing Head &amp; Shoulders Classique Clean. Ce shampooing embl\u00e9matique, con\u00e7u pour un usage quotidien, \u00e9limine efficacement les pellicules tout en nettoyant en profondeur le cuir chevelu et les cheveux.<\/p>","protected":false},"featured_media":21227,"comment_status":"open","ping_status":"closed","template":"","meta":[],"product_brand":[],"product_cat":[75,313,72,111,159,95,92],"product_tag":[],"class_list":{"0":"post-6873","1":"product","2":"type-product","3":"status-publish","4":"has-post-thumbnail","6":"product_cat-femme","7":"product_cat-head-shoulders","8":"product_cat-homme","9":"product_cat-shampoing-f","10":"product_cat-shampoing-h","11":"product_cat-soin-cheveux-f","12":"product_cat-soin-cheveux-h","14":"first","15":"outofstock","16":"shipping-taxable","17":"purchasable","18":"product-type-simple"},"_links":{"self":[{"href":"https:\/\/cosmeticstoredz.com\/ar\/wp-json\/wp\/v2\/product\/6873","targetHints":{"allow":["GET"]}}],"collection":[{"href":"https:\/\/cosmeticstoredz.com\/ar\/wp-json\/wp\/v2\/product"}],"about":[{"href":"https:\/\/cosmeticstoredz.com\/ar\/wp-json\/wp\/v2\/types\/product"}],"replies":[{"embeddable":true,"href":"https:\/\/cosmeticstoredz.com\/ar\/wp-json\/wp\/v2\/comments?post=6873"}],"version-history":[{"count":1,"href":"https:\/\/cosmeticstoredz.com\/ar\/wp-json\/wp\/v2\/product\/6873\/revisions"}],"predecessor-version":[{"id":21228,"href":"https:\/\/cosmeticstoredz.com\/ar\/wp-json\/wp\/v2\/product\/6873\/revisions\/21228"}],"wp:featuredmedia":[{"embeddable":true,"href":"https:\/\/cosmeticstoredz.com\/ar\/wp-json\/wp\/v2\/media\/21227"}],"wp:attachment":[{"href":"https:\/\/cosmeticstoredz.com\/ar\/wp-json\/wp\/v2\/media?parent=6873"}],"wp:term":[{"taxonomy":"product_brand","embeddable":true,"href":"https:\/\/cosmeticstoredz.com\/ar\/wp-json\/wp\/v2\/product_brand?post=6873"},{"taxonomy":"product_cat","embeddable":true,"href":"https:\/\/cosmeticstoredz.com\/ar\/wp-json\/wp\/v2\/product_cat?post=6873"},{"taxonomy":"product_tag","embeddable":true,"href":"https:\/\/cosmeticstoredz.com\/ar\/wp-json\/wp\/v2\/product_tag?post=6873"}],"curies":[{"name":"wp","href":"https:\/\/api.w.org\/{rel}","templated":true}]}}