{"id":6844,"date":"2025-06-04T19:53:33","date_gmt":"2025-06-04T19:53:33","guid":{"rendered":"https:\/\/test.fitnessworldgym27.com\/?post_type=product&#038;p=6844"},"modified":"2026-04-18T19:18:56","modified_gmt":"2026-04-18T19:18:56","slug":"head-shoulders-400ml-anti-hair-fall-2","status":"publish","type":"product","link":"https:\/\/cosmeticstoredz.com\/ar\/product\/head-shoulders-400ml-anti-hair-fall-2\/","title":{"rendered":"HEAD &#038; SHOULDERS 400ML ANTI HAIR FALL"},"content":{"rendered":"<h1>Head &amp; Shoulders Anti-Hairfall Anti-Dandruff Shampoo, 400 ml<\/h1>\n<ul class=\"a-unordered-list a-vertical a-spacing-mini\">\n<li class=\"a-spacing-mini\"><span class=\"a-list-item\">Le shampooing antipelliculaire anti-chute de cheveux Head &amp; Shoulders \u00e9limine jusqu&rsquo;\u00e0 100 % des pellicules<\/span><\/li>\n<li class=\"a-spacing-mini\"><span class=\"a-list-item\">Renforce les cheveux contre la casse \u00e0 chaque lavage<\/span><\/li>\n<li class=\"a-spacing-mini\"><span class=\"a-list-item\">Le shampooing puissant contr\u00f4le la desquamation et la desquamation d\u00e8s la 1\u00e8re utilisation et prot\u00e8ge contre les pellicules<\/span><\/li>\n<li class=\"a-spacing-mini\"><span class=\"a-list-item\">La formule cliniquement prouv\u00e9e contient de la Piroctone Olamine, l&rsquo;ingr\u00e9dient actif qui combat les microbes responsables des pellicules<\/span><\/li>\n<li class=\"a-spacing-mini\"><span class=\"a-list-item\">Ce puissant shampooing antipelliculaire au pH \u00e9quilibr\u00e9 a une texture cr\u00e9meuse, un parfum l\u00e9ger et frais, et est efficace sur tous les types de cheveux<\/span><\/li>\n<\/ul>","protected":false},"excerpt":{"rendered":"<ul class=\"a-unordered-list a-vertical a-spacing-mini\">\n<li class=\"a-spacing-mini\"><span class=\"a-list-item\">Le shampooing antipelliculaire anti-chute de cheveux Head &amp; Shoulders \u00e9limine jusqu&rsquo;\u00e0 100 % des pellicules<\/span><\/li>\n<li class=\"a-spacing-mini\"><span class=\"a-list-item\">Renforce les cheveux contre la casse \u00e0 chaque lavage<\/span><\/li>\n<li class=\"a-spacing-mini\"><span class=\"a-list-item\">Le shampooing puissant contr\u00f4le la desquamation et la desquamation d\u00e8s la 1\u00e8re utilisation et prot\u00e8ge contre les pellicules<\/span><\/li>\n<li class=\"a-spacing-mini\"><span class=\"a-list-item\">La formule cliniquement prouv\u00e9e contient de la Piroctone Olamine, l&rsquo;ingr\u00e9dient actif qui combat les microbes responsables des pellicules<\/span><\/li>\n<li class=\"a-spacing-mini\"><span class=\"a-list-item\">Ce puissant shampooing antipelliculaire au pH \u00e9quilibr\u00e9 a une texture cr\u00e9meuse, un parfum l\u00e9ger et frais, et est efficace sur tous les types de cheveux<\/span><\/li>\n<\/ul>","protected":false},"featured_media":21221,"comment_status":"closed","ping_status":"closed","template":"","meta":[],"product_brand":[],"product_cat":[75,313,72,111,159,95,92],"product_tag":[],"class_list":{"0":"post-6844","1":"product","2":"type-product","3":"status-publish","4":"has-post-thumbnail","6":"product_cat-femme","7":"product_cat-head-shoulders","8":"product_cat-homme","9":"product_cat-shampoing-f","10":"product_cat-shampoing-h","11":"product_cat-soin-cheveux-f","12":"product_cat-soin-cheveux-h","14":"first","15":"outofstock","16":"shipping-taxable","17":"purchasable","18":"product-type-simple"},"yoast_head":"<!-- This site is optimized with the Yoast SEO plugin v27.3 - https:\/\/yoast.com\/product\/yoast-seo-wordpress\/ -->\n<title>HEAD &amp; SHOULDERS 400ML ANTI HAIR FALL - Cosmetic Store<\/title>\n<meta name=\"robots\" content=\"index, follow, max-snippet:-1, max-image-preview:large, max-video-preview:-1\" \/>\n<link rel=\"canonical\" href=\"https:\/\/cosmeticstoredz.com\/ar\/product\/head-shoulders-400ml-anti-hair-fall-2\/\" \/>\n<meta property=\"og:locale\" content=\"ar_AR\" \/>\n<meta property=\"og:type\" content=\"article\" \/>\n<meta property=\"og:title\" content=\"HEAD &amp; SHOULDERS 400ML ANTI HAIR FALL - Cosmetic Store\" \/>\n<meta property=\"og:description\" content=\"Le shampooing antipelliculaire anti-chute de cheveux Head &amp; Shoulders \u00e9limine jusqu&#039;\u00e0 100 % des pellicules  Renforce les cheveux contre la casse \u00e0 chaque lavage  Le shampooing puissant contr\u00f4le la desquamation et la desquamation d\u00e8s la 1\u00e8re utilisation et prot\u00e8ge contre les pellicules  La formule cliniquement prouv\u00e9e contient de la Piroctone Olamine, l&#039;ingr\u00e9dient actif qui combat les microbes responsables des pellicules  Ce puissant shampooing antipelliculaire au pH \u00e9quilibr\u00e9 a une texture cr\u00e9meuse, un parfum l\u00e9ger et frais, et est efficace sur tous les types de cheveux\" \/>\n<meta property=\"og:url\" content=\"https:\/\/cosmeticstoredz.com\/ar\/product\/head-shoulders-400ml-anti-hair-fall-2\/\" \/>\n<meta property=\"og:site_name\" content=\"Cosmetic Store\" \/>\n<meta property=\"article:publisher\" content=\"https:\/\/www.facebook.com\/profile.php?id=61564954260683\" \/>\n<meta property=\"article:modified_time\" content=\"2026-04-18T19:18:56+00:00\" \/>\n<meta property=\"og:image\" content=\"https:\/\/cosmeticstoredz.com\/wp-content\/uploads\/2026\/02\/CC-44-5.png\" \/>\n\t<meta property=\"og:image:width\" content=\"500\" \/>\n\t<meta property=\"og:image:height\" content=\"500\" \/>\n\t<meta property=\"og:image:type\" content=\"image\/png\" \/>\n<meta name=\"twitter:card\" content=\"summary_large_image\" \/>\n<script type=\"application\/ld+json\" class=\"yoast-schema-graph\">{\"@context\":\"https:\\\/\\\/schema.org\",\"@graph\":[{\"@type\":\"WebPage\",\"@id\":\"https:\\\/\\\/cosmeticstoredz.com\\\/produit\\\/head-shoulders-400ml-anti-hair-fall-2\\\/\",\"url\":\"https:\\\/\\\/cosmeticstoredz.com\\\/produit\\\/head-shoulders-400ml-anti-hair-fall-2\\\/\",\"name\":\"HEAD & SHOULDERS 400ML ANTI HAIR FALL - Cosmetic Store\",\"isPartOf\":{\"@id\":\"https:\\\/\\\/cosmeticstoredz.com\\\/#website\"},\"primaryImageOfPage\":{\"@id\":\"https:\\\/\\\/cosmeticstoredz.com\\\/produit\\\/head-shoulders-400ml-anti-hair-fall-2\\\/#primaryimage\"},\"image\":{\"@id\":\"https:\\\/\\\/cosmeticstoredz.com\\\/produit\\\/head-shoulders-400ml-anti-hair-fall-2\\\/#primaryimage\"},\"thumbnailUrl\":\"https:\\\/\\\/cosmeticstoredz.com\\\/wp-content\\\/uploads\\\/2026\\\/02\\\/CC-44-5.png\",\"datePublished\":\"2025-06-04T19:53:33+00:00\",\"dateModified\":\"2026-04-18T19:18:56+00:00\",\"breadcrumb\":{\"@id\":\"https:\\\/\\\/cosmeticstoredz.com\\\/produit\\\/head-shoulders-400ml-anti-hair-fall-2\\\/#breadcrumb\"},\"inLanguage\":\"ar\",\"potentialAction\":[{\"@type\":\"ReadAction\",\"target\":[\"https:\\\/\\\/cosmeticstoredz.com\\\/produit\\\/head-shoulders-400ml-anti-hair-fall-2\\\/\"]}]},{\"@type\":\"ImageObject\",\"inLanguage\":\"ar\",\"@id\":\"https:\\\/\\\/cosmeticstoredz.com\\\/produit\\\/head-shoulders-400ml-anti-hair-fall-2\\\/#primaryimage\",\"url\":\"https:\\\/\\\/cosmeticstoredz.com\\\/wp-content\\\/uploads\\\/2026\\\/02\\\/CC-44-5.png\",\"contentUrl\":\"https:\\\/\\\/cosmeticstoredz.com\\\/wp-content\\\/uploads\\\/2026\\\/02\\\/CC-44-5.png\",\"width\":500,\"height\":500},{\"@type\":\"BreadcrumbList\",\"@id\":\"https:\\\/\\\/cosmeticstoredz.com\\\/produit\\\/head-shoulders-400ml-anti-hair-fall-2\\\/#breadcrumb\",\"itemListElement\":[{\"@type\":\"ListItem\",\"position\":1,\"name\":\"Accueil\",\"item\":\"https:\\\/\\\/cosmeticstoredz.com\\\/\"},{\"@type\":\"ListItem\",\"position\":2,\"name\":\"Boutique\",\"item\":\"https:\\\/\\\/cosmeticstoredz.com\\\/boutique\\\/\"},{\"@type\":\"ListItem\",\"position\":3,\"name\":\"HEAD &#038; SHOULDERS 400ML ANTI HAIR FALL\"}]},{\"@type\":\"WebSite\",\"@id\":\"https:\\\/\\\/cosmeticstoredz.com\\\/#website\",\"url\":\"https:\\\/\\\/cosmeticstoredz.com\\\/\",\"name\":\"Cosmetic Store\",\"description\":\"\",\"publisher\":{\"@id\":\"https:\\\/\\\/cosmeticstoredz.com\\\/#organization\"},\"potentialAction\":[{\"@type\":\"SearchAction\",\"target\":{\"@type\":\"EntryPoint\",\"urlTemplate\":\"https:\\\/\\\/cosmeticstoredz.com\\\/?s={search_term_string}\"},\"query-input\":{\"@type\":\"PropertyValueSpecification\",\"valueRequired\":true,\"valueName\":\"search_term_string\"}}],\"inLanguage\":\"ar\"},{\"@type\":\"Organization\",\"@id\":\"https:\\\/\\\/cosmeticstoredz.com\\\/#organization\",\"name\":\"Cosmetic Store\",\"url\":\"https:\\\/\\\/cosmeticstoredz.com\\\/\",\"logo\":{\"@type\":\"ImageObject\",\"inLanguage\":\"ar\",\"@id\":\"https:\\\/\\\/cosmeticstoredz.com\\\/#\\\/schema\\\/logo\\\/image\\\/\",\"url\":\"https:\\\/\\\/cosmeticstoredz.com\\\/wp-content\\\/uploads\\\/2026\\\/02\\\/cropped-LOGO_CS-512x512-1-1-e1771275285345.webp\",\"contentUrl\":\"https:\\\/\\\/cosmeticstoredz.com\\\/wp-content\\\/uploads\\\/2026\\\/02\\\/cropped-LOGO_CS-512x512-1-1-e1771275285345.webp\",\"width\":265,\"height\":319,\"caption\":\"Cosmetic Store\"},\"image\":{\"@id\":\"https:\\\/\\\/cosmeticstoredz.com\\\/#\\\/schema\\\/logo\\\/image\\\/\"},\"sameAs\":[\"https:\\\/\\\/www.facebook.com\\\/profile.php?id=61564954260683\",\"https:\\\/\\\/www.instagram.com\\\/cosmetic.storedz\\\/\"]}]}<\/script>\n<!-- \/ Yoast SEO plugin. -->","yoast_head_json":{"title":"HEAD & SHOULDERS 400ML ANTI HAIR FALL - Cosmetic Store","robots":{"index":"index","follow":"follow","max-snippet":"max-snippet:-1","max-image-preview":"max-image-preview:large","max-video-preview":"max-video-preview:-1"},"canonical":"https:\/\/cosmeticstoredz.com\/ar\/product\/head-shoulders-400ml-anti-hair-fall-2\/","og_locale":"ar_AR","og_type":"article","og_title":"HEAD & SHOULDERS 400ML ANTI HAIR FALL - Cosmetic Store","og_description":"Le shampooing antipelliculaire anti-chute de cheveux Head &amp; Shoulders \u00e9limine jusqu'\u00e0 100 % des pellicules  Renforce les cheveux contre la casse \u00e0 chaque lavage  Le shampooing puissant contr\u00f4le la desquamation et la desquamation d\u00e8s la 1\u00e8re utilisation et prot\u00e8ge contre les pellicules  La formule cliniquement prouv\u00e9e contient de la Piroctone Olamine, l'ingr\u00e9dient actif qui combat les microbes responsables des pellicules  Ce puissant shampooing antipelliculaire au pH \u00e9quilibr\u00e9 a une texture cr\u00e9meuse, un parfum l\u00e9ger et frais, et est efficace sur tous les types de cheveux","og_url":"https:\/\/cosmeticstoredz.com\/ar\/product\/head-shoulders-400ml-anti-hair-fall-2\/","og_site_name":"Cosmetic Store","article_publisher":"https:\/\/www.facebook.com\/profile.php?id=61564954260683","article_modified_time":"2026-04-18T19:18:56+00:00","og_image":[{"width":500,"height":500,"url":"https:\/\/cosmeticstoredz.com\/wp-content\/uploads\/2026\/02\/CC-44-5.png","type":"image\/png"}],"twitter_card":"summary_large_image","schema":{"@context":"https:\/\/schema.org","@graph":[{"@type":"WebPage","@id":"https:\/\/cosmeticstoredz.com\/produit\/head-shoulders-400ml-anti-hair-fall-2\/","url":"https:\/\/cosmeticstoredz.com\/produit\/head-shoulders-400ml-anti-hair-fall-2\/","name":"HEAD & SHOULDERS 400ML ANTI HAIR FALL - Cosmetic Store","isPartOf":{"@id":"https:\/\/cosmeticstoredz.com\/#website"},"primaryImageOfPage":{"@id":"https:\/\/cosmeticstoredz.com\/produit\/head-shoulders-400ml-anti-hair-fall-2\/#primaryimage"},"image":{"@id":"https:\/\/cosmeticstoredz.com\/produit\/head-shoulders-400ml-anti-hair-fall-2\/#primaryimage"},"thumbnailUrl":"https:\/\/cosmeticstoredz.com\/wp-content\/uploads\/2026\/02\/CC-44-5.png","datePublished":"2025-06-04T19:53:33+00:00","dateModified":"2026-04-18T19:18:56+00:00","breadcrumb":{"@id":"https:\/\/cosmeticstoredz.com\/produit\/head-shoulders-400ml-anti-hair-fall-2\/#breadcrumb"},"inLanguage":"ar","potentialAction":[{"@type":"ReadAction","target":["https:\/\/cosmeticstoredz.com\/produit\/head-shoulders-400ml-anti-hair-fall-2\/"]}]},{"@type":"ImageObject","inLanguage":"ar","@id":"https:\/\/cosmeticstoredz.com\/produit\/head-shoulders-400ml-anti-hair-fall-2\/#primaryimage","url":"https:\/\/cosmeticstoredz.com\/wp-content\/uploads\/2026\/02\/CC-44-5.png","contentUrl":"https:\/\/cosmeticstoredz.com\/wp-content\/uploads\/2026\/02\/CC-44-5.png","width":500,"height":500},{"@type":"BreadcrumbList","@id":"https:\/\/cosmeticstoredz.com\/produit\/head-shoulders-400ml-anti-hair-fall-2\/#breadcrumb","itemListElement":[{"@type":"ListItem","position":1,"name":"Accueil","item":"https:\/\/cosmeticstoredz.com\/"},{"@type":"ListItem","position":2,"name":"Boutique","item":"https:\/\/cosmeticstoredz.com\/boutique\/"},{"@type":"ListItem","position":3,"name":"HEAD &#038; SHOULDERS 400ML ANTI HAIR FALL"}]},{"@type":"WebSite","@id":"https:\/\/cosmeticstoredz.com\/#website","url":"https:\/\/cosmeticstoredz.com\/","name":"Cosmetic Store","description":"","publisher":{"@id":"https:\/\/cosmeticstoredz.com\/#organization"},"potentialAction":[{"@type":"SearchAction","target":{"@type":"EntryPoint","urlTemplate":"https:\/\/cosmeticstoredz.com\/?s={search_term_string}"},"query-input":{"@type":"PropertyValueSpecification","valueRequired":true,"valueName":"search_term_string"}}],"inLanguage":"ar"},{"@type":"Organization","@id":"https:\/\/cosmeticstoredz.com\/#organization","name":"Cosmetic Store","url":"https:\/\/cosmeticstoredz.com\/","logo":{"@type":"ImageObject","inLanguage":"ar","@id":"https:\/\/cosmeticstoredz.com\/#\/schema\/logo\/image\/","url":"https:\/\/cosmeticstoredz.com\/wp-content\/uploads\/2026\/02\/cropped-LOGO_CS-512x512-1-1-e1771275285345.webp","contentUrl":"https:\/\/cosmeticstoredz.com\/wp-content\/uploads\/2026\/02\/cropped-LOGO_CS-512x512-1-1-e1771275285345.webp","width":265,"height":319,"caption":"Cosmetic Store"},"image":{"@id":"https:\/\/cosmeticstoredz.com\/#\/schema\/logo\/image\/"},"sameAs":["https:\/\/www.facebook.com\/profile.php?id=61564954260683","https:\/\/www.instagram.com\/cosmetic.storedz\/"]}]}},"_links":{"self":[{"href":"https:\/\/cosmeticstoredz.com\/ar\/wp-json\/wp\/v2\/product\/6844","targetHints":{"allow":["GET"]}}],"collection":[{"href":"https:\/\/cosmeticstoredz.com\/ar\/wp-json\/wp\/v2\/product"}],"about":[{"href":"https:\/\/cosmeticstoredz.com\/ar\/wp-json\/wp\/v2\/types\/product"}],"replies":[{"embeddable":true,"href":"https:\/\/cosmeticstoredz.com\/ar\/wp-json\/wp\/v2\/comments?post=6844"}],"version-history":[{"count":1,"href":"https:\/\/cosmeticstoredz.com\/ar\/wp-json\/wp\/v2\/product\/6844\/revisions"}],"predecessor-version":[{"id":21222,"href":"https:\/\/cosmeticstoredz.com\/ar\/wp-json\/wp\/v2\/product\/6844\/revisions\/21222"}],"wp:featuredmedia":[{"embeddable":true,"href":"https:\/\/cosmeticstoredz.com\/ar\/wp-json\/wp\/v2\/media\/21221"}],"wp:attachment":[{"href":"https:\/\/cosmeticstoredz.com\/ar\/wp-json\/wp\/v2\/media?parent=6844"}],"wp:term":[{"taxonomy":"product_brand","embeddable":true,"href":"https:\/\/cosmeticstoredz.com\/ar\/wp-json\/wp\/v2\/product_brand?post=6844"},{"taxonomy":"product_cat","embeddable":true,"href":"https:\/\/cosmeticstoredz.com\/ar\/wp-json\/wp\/v2\/product_cat?post=6844"},{"taxonomy":"product_tag","embeddable":true,"href":"https:\/\/cosmeticstoredz.com\/ar\/wp-json\/wp\/v2\/product_tag?post=6844"}],"curies":[{"name":"wp","href":"https:\/\/api.w.org\/{rel}","templated":true}]}}