{"id":6815,"date":"2025-06-04T19:53:11","date_gmt":"2025-06-04T19:53:11","guid":{"rendered":"https:\/\/test.fitnessworldgym27.com\/?post_type=product&#038;p=6815"},"modified":"2026-03-30T19:26:44","modified_gmt":"2026-03-30T19:26:44","slug":"flux-de-passion-stick-double-effet","status":"publish","type":"product","link":"https:\/\/cosmeticstoredz.com\/ar\/product\/flux-de-passion-stick-double-effet\/","title":{"rendered":"FLUX DE PASSION STICK DOUBLE EFFET"},"content":{"rendered":"<p>d\u00e9odorant en stick con\u00e7u pour offrir une protection longue dur\u00e9e tout en procurant une sensation de fra\u00eecheur pure et revitalisante<\/p>","protected":false},"excerpt":{"rendered":"<p>d\u00e9odorant en stick con\u00e7u pour offrir une protection longue dur\u00e9e tout en procurant une sensation de fra\u00eecheur pure et revitalisante<\/p>","protected":false},"featured_media":21191,"comment_status":"open","ping_status":"closed","template":"","meta":[],"product_brand":[],"product_cat":[75,190],"product_tag":[],"class_list":{"0":"post-6815","1":"product","2":"type-product","3":"status-publish","4":"has-post-thumbnail","6":"product_cat-femme","7":"product_cat-flux-care","9":"first","10":"outofstock","11":"shipping-taxable","12":"purchasable","13":"product-type-simple"},"_links":{"self":[{"href":"https:\/\/cosmeticstoredz.com\/ar\/wp-json\/wp\/v2\/product\/6815","targetHints":{"allow":["GET"]}}],"collection":[{"href":"https:\/\/cosmeticstoredz.com\/ar\/wp-json\/wp\/v2\/product"}],"about":[{"href":"https:\/\/cosmeticstoredz.com\/ar\/wp-json\/wp\/v2\/types\/product"}],"replies":[{"embeddable":true,"href":"https:\/\/cosmeticstoredz.com\/ar\/wp-json\/wp\/v2\/comments?post=6815"}],"version-history":[{"count":1,"href":"https:\/\/cosmeticstoredz.com\/ar\/wp-json\/wp\/v2\/product\/6815\/revisions"}],"predecessor-version":[{"id":21192,"href":"https:\/\/cosmeticstoredz.com\/ar\/wp-json\/wp\/v2\/product\/6815\/revisions\/21192"}],"wp:featuredmedia":[{"embeddable":true,"href":"https:\/\/cosmeticstoredz.com\/ar\/wp-json\/wp\/v2\/media\/21191"}],"wp:attachment":[{"href":"https:\/\/cosmeticstoredz.com\/ar\/wp-json\/wp\/v2\/media?parent=6815"}],"wp:term":[{"taxonomy":"product_brand","embeddable":true,"href":"https:\/\/cosmeticstoredz.com\/ar\/wp-json\/wp\/v2\/product_brand?post=6815"},{"taxonomy":"product_cat","embeddable":true,"href":"https:\/\/cosmeticstoredz.com\/ar\/wp-json\/wp\/v2\/product_cat?post=6815"},{"taxonomy":"product_tag","embeddable":true,"href":"https:\/\/cosmeticstoredz.com\/ar\/wp-json\/wp\/v2\/product_tag?post=6815"}],"curies":[{"name":"wp","href":"https:\/\/api.w.org\/{rel}","templated":true}]}}