{"id":6806,"date":"2025-06-04T19:53:10","date_gmt":"2025-06-04T19:53:10","guid":{"rendered":"https:\/\/test.fitnessworldgym27.com\/?post_type=product&#038;p=6806"},"modified":"2026-03-30T19:26:40","modified_gmt":"2026-03-30T19:26:40","slug":"flux-care-shp-men-tea-charcoal","status":"publish","type":"product","link":"https:\/\/cosmeticstoredz.com\/ar\/product\/flux-care-shp-men-tea-charcoal\/","title":{"rendered":"FLUX CARE SHP MEN TEA CHARCOAL"},"content":{"rendered":"<p>Flux Care Men Shampooing Anti-pelliculaire D\u00e9toxifiant Tea Charcoal 250 ml<br \/>\nLe shampooing anti-pelliculaire FLUX CARE MEN tea charcoal est id\u00e9al pour les cheveux gras \u00e0 normaux. Enrichi en poudre de charbon et extrait de th\u00e9 vert, il r\u00e9gule la production de s\u00e9bum en douceur et apaise votre cuir chevelu. Pour des cheveux doux et l\u00e9gers !<\/p>\n<p>Son actif antipelliculaire vous offre jusqu\u2019\u00e0 72 heures de protection.<\/p>","protected":false},"excerpt":{"rendered":"<ul>\n<li>Flux Care Men Shampooing Anti-pelliculaire D\u00e9toxifiant Tea Charcoal 250 ml<br \/>\nLe shampooing anti-pelliculaire FLUX CARE MEN tea charcoal est id\u00e9al pour les cheveux gras \u00e0 normaux. Enrichi en poudre de charbon et extrait de th\u00e9 vert, il r\u00e9gule la production de s\u00e9bum en douceur et apaise votre cuir chevelu. Pour des cheveux doux et l\u00e9gers !<\/li>\n<\/ul>","protected":false},"featured_media":21173,"comment_status":"open","ping_status":"closed","template":"","meta":[],"product_brand":[],"product_cat":[72,159,92],"product_tag":[90],"class_list":{"0":"post-6806","1":"product","2":"type-product","3":"status-publish","4":"has-post-thumbnail","6":"product_cat-homme","7":"product_cat-shampoing-h","8":"product_cat-soin-cheveux-h","9":"product_tag-made-in-algeria","11":"first","12":"instock","13":"shipping-taxable","14":"purchasable","15":"product-type-simple"},"_links":{"self":[{"href":"https:\/\/cosmeticstoredz.com\/ar\/wp-json\/wp\/v2\/product\/6806","targetHints":{"allow":["GET"]}}],"collection":[{"href":"https:\/\/cosmeticstoredz.com\/ar\/wp-json\/wp\/v2\/product"}],"about":[{"href":"https:\/\/cosmeticstoredz.com\/ar\/wp-json\/wp\/v2\/types\/product"}],"replies":[{"embeddable":true,"href":"https:\/\/cosmeticstoredz.com\/ar\/wp-json\/wp\/v2\/comments?post=6806"}],"version-history":[{"count":1,"href":"https:\/\/cosmeticstoredz.com\/ar\/wp-json\/wp\/v2\/product\/6806\/revisions"}],"predecessor-version":[{"id":21174,"href":"https:\/\/cosmeticstoredz.com\/ar\/wp-json\/wp\/v2\/product\/6806\/revisions\/21174"}],"wp:featuredmedia":[{"embeddable":true,"href":"https:\/\/cosmeticstoredz.com\/ar\/wp-json\/wp\/v2\/media\/21173"}],"wp:attachment":[{"href":"https:\/\/cosmeticstoredz.com\/ar\/wp-json\/wp\/v2\/media?parent=6806"}],"wp:term":[{"taxonomy":"product_brand","embeddable":true,"href":"https:\/\/cosmeticstoredz.com\/ar\/wp-json\/wp\/v2\/product_brand?post=6806"},{"taxonomy":"product_cat","embeddable":true,"href":"https:\/\/cosmeticstoredz.com\/ar\/wp-json\/wp\/v2\/product_cat?post=6806"},{"taxonomy":"product_tag","embeddable":true,"href":"https:\/\/cosmeticstoredz.com\/ar\/wp-json\/wp\/v2\/product_tag?post=6806"}],"curies":[{"name":"wp","href":"https:\/\/api.w.org\/{rel}","templated":true}]}}