{"id":6805,"date":"2025-06-04T19:53:10","date_gmt":"2025-06-04T19:53:10","guid":{"rendered":"https:\/\/test.fitnessworldgym27.com\/?post_type=product&#038;p=6805"},"modified":"2026-03-30T19:26:40","modified_gmt":"2026-03-30T19:26:40","slug":"flux-care-shp-men-ocean-deep","status":"publish","type":"product","link":"https:\/\/cosmeticstoredz.com\/ar\/product\/flux-care-shp-men-ocean-deep\/","title":{"rendered":"FLUX CARE SHP MEN OCEAN DEEP"},"content":{"rendered":"<h3 class=\"tab-title\">Description<\/h3>\n<div class=\"tab-content-wrapper\">\n<h5>Flux Care Men Shampooing Antipelliculaire Anti-d\u00e9mangeaisons Ocean Deep 250 ml<\/h5>\n<p>Le shampooing antipelliculaire Flux Care MEN Ocean Deep vous offre\u00a0<strong>une solution efficace contre les pellicules et les d\u00e9mangeaisons du cuir chevelu.<\/strong><\/p>\n<p><strong>Adapt\u00e9 \u00e0 tous les types de cuir chevelu,<\/strong>\u00a0ce shampooing est formul\u00e9 sans paraben ni silicone. Enrichi en min\u00e9raux, sel de mer et menthol, il vous procurera une sensation de fra\u00eecheur. Le tout en vous offrant une protection pendant 72 heures contre les pellicules.<\/p>\n<\/div>","protected":false},"excerpt":{"rendered":"<p>Description Flux Care Men Shampooing Antipelliculaire Anti-d\u00e9mangeaisons Ocean Deep 250 ml Le shampooing antipelliculaire Flux Care MEN Ocean Deep vous<\/p>","protected":false},"featured_media":21171,"comment_status":"open","ping_status":"closed","template":"","meta":[],"product_brand":[],"product_cat":[190,72,159,92],"product_tag":[90],"class_list":{"0":"post-6805","1":"product","2":"type-product","3":"status-publish","4":"has-post-thumbnail","6":"product_cat-flux-care","7":"product_cat-homme","8":"product_cat-shampoing-h","9":"product_cat-soin-cheveux-h","10":"product_tag-made-in-algeria","12":"first","13":"outofstock","14":"shipping-taxable","15":"purchasable","16":"product-type-simple"},"_links":{"self":[{"href":"https:\/\/cosmeticstoredz.com\/ar\/wp-json\/wp\/v2\/product\/6805","targetHints":{"allow":["GET"]}}],"collection":[{"href":"https:\/\/cosmeticstoredz.com\/ar\/wp-json\/wp\/v2\/product"}],"about":[{"href":"https:\/\/cosmeticstoredz.com\/ar\/wp-json\/wp\/v2\/types\/product"}],"replies":[{"embeddable":true,"href":"https:\/\/cosmeticstoredz.com\/ar\/wp-json\/wp\/v2\/comments?post=6805"}],"version-history":[{"count":1,"href":"https:\/\/cosmeticstoredz.com\/ar\/wp-json\/wp\/v2\/product\/6805\/revisions"}],"predecessor-version":[{"id":21172,"href":"https:\/\/cosmeticstoredz.com\/ar\/wp-json\/wp\/v2\/product\/6805\/revisions\/21172"}],"wp:featuredmedia":[{"embeddable":true,"href":"https:\/\/cosmeticstoredz.com\/ar\/wp-json\/wp\/v2\/media\/21171"}],"wp:attachment":[{"href":"https:\/\/cosmeticstoredz.com\/ar\/wp-json\/wp\/v2\/media?parent=6805"}],"wp:term":[{"taxonomy":"product_brand","embeddable":true,"href":"https:\/\/cosmeticstoredz.com\/ar\/wp-json\/wp\/v2\/product_brand?post=6805"},{"taxonomy":"product_cat","embeddable":true,"href":"https:\/\/cosmeticstoredz.com\/ar\/wp-json\/wp\/v2\/product_cat?post=6805"},{"taxonomy":"product_tag","embeddable":true,"href":"https:\/\/cosmeticstoredz.com\/ar\/wp-json\/wp\/v2\/product_tag?post=6805"}],"curies":[{"name":"wp","href":"https:\/\/api.w.org\/{rel}","templated":true}]}}