{"id":6804,"date":"2025-06-04T19:53:10","date_gmt":"2025-06-04T19:53:10","guid":{"rendered":"https:\/\/test.fitnessworldgym27.com\/?post_type=product&#038;p=6804"},"modified":"2026-03-30T19:26:40","modified_gmt":"2026-03-30T19:26:40","slug":"flux-care-shp-men-lime-freshness","status":"publish","type":"product","link":"https:\/\/cosmeticstoredz.com\/ar\/product\/flux-care-shp-men-lime-freshness\/","title":{"rendered":"FLUX CARE SHP MEN LIME FRESHNESS"},"content":{"rendered":"<h5>Flux Care Men Shampooing Anti-pelliculaire S\u00e9bo-r\u00e9gulateur Lime Freshness 250 ml<\/h5>\n<p>Le shampooing Flux Care Anti-pelliculaire Lime Freshness est sp\u00e9cialement formul\u00e9 pour les cuirs chevelus gras. Avec son m\u00e9lange unique d\u2019<strong>extrait de citron et d\u2019huile de menthe,<\/strong>\u00a0ce shampooing offre une\u00a0<strong>action anti-pelliculaire et s\u00e9bo-r\u00e9gulatrice.\u00a0<\/strong>Il\u00a0<strong>vous aidera \u00e0 r\u00e9duire l\u2019exc\u00e8s de s\u00e9bum et \u00e0 pr\u00e9venir la formation de pellicules.<\/strong><\/p>\n<p>Caract\u00e9ristiques :<\/p>\n<ol>\n<li><strong>Pour cuir chevelu gras :<\/strong>\u00a0Ce shampooing est con\u00e7u pour r\u00e9pondre aux besoins des cuirs chevelus sujets \u00e0 l\u2019exc\u00e8s de s\u00e9bum, offrant un \u00e9quilibre s\u00e9bo-r\u00e9gulateur.<\/li>\n<li><strong>\u00c0 l\u2019extrait de citron et huile de menthe :<\/strong>\u00a0Les propri\u00e9t\u00e9s purifiantes du citron associ\u00e9es aux bienfaits rafra\u00eechissants de l\u2019huile de menthe procurent une sensation de propret\u00e9 et de fra\u00eecheur.<\/li>\n<li><strong>Sans paraben, sans silicone :<\/strong>\u00a0La formule respectueuse sans paraben ni silicone garantit un soin doux pour les cheveux, tout en pr\u00e9servant l\u2019\u00e9quilibre naturel du cuir chevelu.<\/li>\n<\/ol>\n<p>Ce shampooing Lime Freshness offre une exp\u00e9rience capillaire agr\u00e9able tout en ciblant les probl\u00e8mes sp\u00e9cifiques des cuirs chevelus gras, pour des cheveux propres, l\u00e9gers et revitalis\u00e9s.<\/p>","protected":false},"excerpt":{"rendered":"<p class=\"product_title entry-title\">Flux Care Men Shampooing Anti-pelliculaire Lime Freshness 250 ml<\/p>","protected":false},"featured_media":21169,"comment_status":"open","ping_status":"closed","template":"","meta":[],"product_brand":[],"product_cat":[190,72,159,92],"product_tag":[90],"class_list":{"0":"post-6804","1":"product","2":"type-product","3":"status-publish","4":"has-post-thumbnail","6":"product_cat-flux-care","7":"product_cat-homme","8":"product_cat-shampoing-h","9":"product_cat-soin-cheveux-h","10":"product_tag-made-in-algeria","12":"first","13":"instock","14":"shipping-taxable","15":"purchasable","16":"product-type-simple"},"_links":{"self":[{"href":"https:\/\/cosmeticstoredz.com\/ar\/wp-json\/wp\/v2\/product\/6804","targetHints":{"allow":["GET"]}}],"collection":[{"href":"https:\/\/cosmeticstoredz.com\/ar\/wp-json\/wp\/v2\/product"}],"about":[{"href":"https:\/\/cosmeticstoredz.com\/ar\/wp-json\/wp\/v2\/types\/product"}],"replies":[{"embeddable":true,"href":"https:\/\/cosmeticstoredz.com\/ar\/wp-json\/wp\/v2\/comments?post=6804"}],"version-history":[{"count":1,"href":"https:\/\/cosmeticstoredz.com\/ar\/wp-json\/wp\/v2\/product\/6804\/revisions"}],"predecessor-version":[{"id":21170,"href":"https:\/\/cosmeticstoredz.com\/ar\/wp-json\/wp\/v2\/product\/6804\/revisions\/21170"}],"wp:featuredmedia":[{"embeddable":true,"href":"https:\/\/cosmeticstoredz.com\/ar\/wp-json\/wp\/v2\/media\/21169"}],"wp:attachment":[{"href":"https:\/\/cosmeticstoredz.com\/ar\/wp-json\/wp\/v2\/media?parent=6804"}],"wp:term":[{"taxonomy":"product_brand","embeddable":true,"href":"https:\/\/cosmeticstoredz.com\/ar\/wp-json\/wp\/v2\/product_brand?post=6804"},{"taxonomy":"product_cat","embeddable":true,"href":"https:\/\/cosmeticstoredz.com\/ar\/wp-json\/wp\/v2\/product_cat?post=6804"},{"taxonomy":"product_tag","embeddable":true,"href":"https:\/\/cosmeticstoredz.com\/ar\/wp-json\/wp\/v2\/product_tag?post=6804"}],"curies":[{"name":"wp","href":"https:\/\/api.w.org\/{rel}","templated":true}]}}