{"id":6765,"date":"2025-06-04T19:52:26","date_gmt":"2025-06-04T19:52:26","guid":{"rendered":"https:\/\/test.fitnessworldgym27.com\/?post_type=product&#038;p=6765"},"modified":"2026-03-30T19:26:37","modified_gmt":"2026-03-30T19:26:37","slug":"flux-care-masque-silver-shine","status":"publish","type":"product","link":"https:\/\/cosmeticstoredz.com\/ar\/product\/flux-care-masque-silver-shine\/","title":{"rendered":"FLUX CARE MASQUE SILVER SHINE"},"content":{"rendered":"<p>Description<\/p>\n<p>Flux Care Pr\u00e9-shampooing &amp; Masque Silver Shine Pigments Violets 250 ml \u2013 Neutralise les reflets jaunes \u2013<\/p>\n<p>Avec le Flux masque aux pigments violets Silver Shine les reflets jaunes et orang\u00e9s sont neutralis\u00e9s, les cheveux d\u00e9color\u00e9s intens\u00e9ment nourris et soign\u00e9s. Utilisable en tant que pr\u00e9-shampooing ou masque, il assure une protection de couleur \u00e0 100%. Sans silicone et sans paraben, il pr\u00e9serve la sant\u00e9 naturelle de vos cheveux.<\/p>\n<p>&nbsp;<\/p>\n<p>Il est id\u00e9al en compl\u00e9ment de votre routine de soin capillaire, shampooing et apr\u00e8s shampooing silver shine.<\/p>","protected":false},"excerpt":{"rendered":"<p>Description Flux Care Pr\u00e9-shampooing &amp; Masque Silver Shine Pigments Violets 250 ml \u2013 Neutralise les reflets jaunes \u2013 Avec le<\/p>","protected":false},"featured_media":21141,"comment_status":"open","ping_status":"closed","template":"","meta":[],"product_brand":[],"product_cat":[75,155],"product_tag":[90],"class_list":{"0":"post-6765","1":"product","2":"type-product","3":"status-publish","4":"has-post-thumbnail","6":"product_cat-femme","7":"product_cat-masque","8":"product_tag-made-in-algeria","10":"first","11":"outofstock","12":"shipping-taxable","13":"purchasable","14":"product-type-simple"},"_links":{"self":[{"href":"https:\/\/cosmeticstoredz.com\/ar\/wp-json\/wp\/v2\/product\/6765","targetHints":{"allow":["GET"]}}],"collection":[{"href":"https:\/\/cosmeticstoredz.com\/ar\/wp-json\/wp\/v2\/product"}],"about":[{"href":"https:\/\/cosmeticstoredz.com\/ar\/wp-json\/wp\/v2\/types\/product"}],"replies":[{"embeddable":true,"href":"https:\/\/cosmeticstoredz.com\/ar\/wp-json\/wp\/v2\/comments?post=6765"}],"version-history":[{"count":1,"href":"https:\/\/cosmeticstoredz.com\/ar\/wp-json\/wp\/v2\/product\/6765\/revisions"}],"predecessor-version":[{"id":21142,"href":"https:\/\/cosmeticstoredz.com\/ar\/wp-json\/wp\/v2\/product\/6765\/revisions\/21142"}],"wp:featuredmedia":[{"embeddable":true,"href":"https:\/\/cosmeticstoredz.com\/ar\/wp-json\/wp\/v2\/media\/21141"}],"wp:attachment":[{"href":"https:\/\/cosmeticstoredz.com\/ar\/wp-json\/wp\/v2\/media?parent=6765"}],"wp:term":[{"taxonomy":"product_brand","embeddable":true,"href":"https:\/\/cosmeticstoredz.com\/ar\/wp-json\/wp\/v2\/product_brand?post=6765"},{"taxonomy":"product_cat","embeddable":true,"href":"https:\/\/cosmeticstoredz.com\/ar\/wp-json\/wp\/v2\/product_cat?post=6765"},{"taxonomy":"product_tag","embeddable":true,"href":"https:\/\/cosmeticstoredz.com\/ar\/wp-json\/wp\/v2\/product_tag?post=6765"}],"curies":[{"name":"wp","href":"https:\/\/api.w.org\/{rel}","templated":true}]}}