{"id":6761,"date":"2025-06-04T19:52:26","date_gmt":"2025-06-04T19:52:26","guid":{"rendered":"https:\/\/test.fitnessworldgym27.com\/?post_type=product&#038;p=6761"},"modified":"2026-03-30T19:26:34","modified_gmt":"2026-03-30T19:26:34","slug":"flux-care-gel-douche-coco","status":"publish","type":"product","link":"https:\/\/cosmeticstoredz.com\/ar\/product\/flux-care-gel-douche-coco\/","title":{"rendered":"FLUX CARE GEL DOUCHE COCO"},"content":{"rendered":"<p>Description<\/p>\n<p>Flux Care Gel Douche Hydratant Eau De Coco Et Aloe Vera 245 ml<\/p>\n<p>Entrez dans un univers tropical gr\u00e2ce au gel douche Flux Care eau de Coco et Aloe Vera.<\/p>\n<p>&nbsp;<\/p>\n<p>Avec un texture gel fondante qui vous enveloppe d\u2019un doux parfum exotique et rafra\u00eechissant.<\/p>\n<p>&nbsp;<\/p>\n<p>Une formule enrichie en exfoliant naturel exfolie votre peau d\u00e9licatement et pr\u00e9vient du dess\u00e8chement corporel et laisse une agr\u00e9able sensation de dou<\/p>\n<p>ceur.<\/p>\n<p>&nbsp;<\/p>","protected":false},"excerpt":{"rendered":"<p>Description Flux Care Gel Douche Hydratant Eau De Coco Et Aloe Vera 245 ml Entrez dans un univers tropical gr\u00e2ce<\/p>","protected":false},"featured_media":21133,"comment_status":"open","ping_status":"closed","template":"","meta":[],"product_brand":[],"product_cat":[75,190,169,74,72,81,73],"product_tag":[90],"class_list":{"0":"post-6761","1":"product","2":"type-product","3":"status-publish","4":"has-post-thumbnail","6":"product_cat-femme","7":"product_cat-flux-care","8":"product_cat-gel-douche-f","9":"product_cat-gel-douche-h","10":"product_cat-homme","11":"product_cat-soin-corps-f","12":"product_cat-soin-corps-h","13":"product_tag-made-in-algeria","15":"first","16":"instock","17":"shipping-taxable","18":"purchasable","19":"product-type-simple"},"_links":{"self":[{"href":"https:\/\/cosmeticstoredz.com\/ar\/wp-json\/wp\/v2\/product\/6761","targetHints":{"allow":["GET"]}}],"collection":[{"href":"https:\/\/cosmeticstoredz.com\/ar\/wp-json\/wp\/v2\/product"}],"about":[{"href":"https:\/\/cosmeticstoredz.com\/ar\/wp-json\/wp\/v2\/types\/product"}],"replies":[{"embeddable":true,"href":"https:\/\/cosmeticstoredz.com\/ar\/wp-json\/wp\/v2\/comments?post=6761"}],"version-history":[{"count":1,"href":"https:\/\/cosmeticstoredz.com\/ar\/wp-json\/wp\/v2\/product\/6761\/revisions"}],"predecessor-version":[{"id":21134,"href":"https:\/\/cosmeticstoredz.com\/ar\/wp-json\/wp\/v2\/product\/6761\/revisions\/21134"}],"wp:featuredmedia":[{"embeddable":true,"href":"https:\/\/cosmeticstoredz.com\/ar\/wp-json\/wp\/v2\/media\/21133"}],"wp:attachment":[{"href":"https:\/\/cosmeticstoredz.com\/ar\/wp-json\/wp\/v2\/media?parent=6761"}],"wp:term":[{"taxonomy":"product_brand","embeddable":true,"href":"https:\/\/cosmeticstoredz.com\/ar\/wp-json\/wp\/v2\/product_brand?post=6761"},{"taxonomy":"product_cat","embeddable":true,"href":"https:\/\/cosmeticstoredz.com\/ar\/wp-json\/wp\/v2\/product_cat?post=6761"},{"taxonomy":"product_tag","embeddable":true,"href":"https:\/\/cosmeticstoredz.com\/ar\/wp-json\/wp\/v2\/product_tag?post=6761"}],"curies":[{"name":"wp","href":"https:\/\/api.w.org\/{rel}","templated":true}]}}