{"id":6756,"date":"2025-06-04T19:52:26","date_gmt":"2025-06-04T19:52:26","guid":{"rendered":"https:\/\/test.fitnessworldgym27.com\/?post_type=product&#038;p=6756"},"modified":"2026-03-30T19:26:33","modified_gmt":"2026-03-30T19:26:33","slug":"flux-care-deodorant-peches","status":"publish","type":"product","link":"https:\/\/cosmeticstoredz.com\/ar\/product\/flux-care-deodorant-peches\/","title":{"rendered":"FLUX CARE DEODORANT PECHES"},"content":{"rendered":"<p><strong>Flux Care D\u00e9odorant P\u00eaches<\/strong> est un d\u00e9odorant frais et fruit\u00e9 qui offre une protection longue dur\u00e9e tout en enveloppant vos aisselles d&rsquo;un doux parfum de p\u00eaches juteuses. Sa formule sans alcool respecte la peau et assure une sensation de fra\u00eecheur tout au long de la journ\u00e9e, sans laisser de traces sur les v\u00eatements<\/p>","protected":false},"excerpt":{"rendered":"<p><strong>Flux Care D\u00e9odorant P\u00eaches<\/strong> est un d\u00e9odorant frais et fruit\u00e9 qui offre une protection longue dur\u00e9e tout en enveloppant vos aisselles d&rsquo;un doux parfum de p\u00eaches juteuses. Sa formule sans alcool respecte la peau et assure une sensation de fra\u00eecheur tout au long de la journ\u00e9e, sans laisser de traces sur les v\u00eatements<\/p>","protected":false},"featured_media":21123,"comment_status":"open","ping_status":"closed","template":"","meta":[],"product_brand":[],"product_cat":[79,75,190],"product_tag":[],"class_list":{"0":"post-6756","1":"product","2":"type-product","3":"status-publish","4":"has-post-thumbnail","6":"product_cat-deodorant-f","7":"product_cat-femme","8":"product_cat-flux-care","10":"first","11":"instock","12":"shipping-taxable","13":"purchasable","14":"product-type-simple"},"_links":{"self":[{"href":"https:\/\/cosmeticstoredz.com\/ar\/wp-json\/wp\/v2\/product\/6756","targetHints":{"allow":["GET"]}}],"collection":[{"href":"https:\/\/cosmeticstoredz.com\/ar\/wp-json\/wp\/v2\/product"}],"about":[{"href":"https:\/\/cosmeticstoredz.com\/ar\/wp-json\/wp\/v2\/types\/product"}],"replies":[{"embeddable":true,"href":"https:\/\/cosmeticstoredz.com\/ar\/wp-json\/wp\/v2\/comments?post=6756"}],"version-history":[{"count":1,"href":"https:\/\/cosmeticstoredz.com\/ar\/wp-json\/wp\/v2\/product\/6756\/revisions"}],"predecessor-version":[{"id":21124,"href":"https:\/\/cosmeticstoredz.com\/ar\/wp-json\/wp\/v2\/product\/6756\/revisions\/21124"}],"wp:featuredmedia":[{"embeddable":true,"href":"https:\/\/cosmeticstoredz.com\/ar\/wp-json\/wp\/v2\/media\/21123"}],"wp:attachment":[{"href":"https:\/\/cosmeticstoredz.com\/ar\/wp-json\/wp\/v2\/media?parent=6756"}],"wp:term":[{"taxonomy":"product_brand","embeddable":true,"href":"https:\/\/cosmeticstoredz.com\/ar\/wp-json\/wp\/v2\/product_brand?post=6756"},{"taxonomy":"product_cat","embeddable":true,"href":"https:\/\/cosmeticstoredz.com\/ar\/wp-json\/wp\/v2\/product_cat?post=6756"},{"taxonomy":"product_tag","embeddable":true,"href":"https:\/\/cosmeticstoredz.com\/ar\/wp-json\/wp\/v2\/product_tag?post=6756"}],"curies":[{"name":"wp","href":"https:\/\/api.w.org\/{rel}","templated":true}]}}